{"id":21174,"date":"2025-06-20T20:15:05","date_gmt":"2025-06-21T00:15:05","guid":{"rendered":"https:\/\/www.multicasa.com.br\/inicio\/?post_type=product&#038;p=21174"},"modified":"2025-12-16T19:05:47","modified_gmt":"2025-12-16T23:05:47","slug":"silicone-acetico-multiuso-cascola-50g","status":"publish","type":"product","link":"https:\/\/www.multicasa.com.br\/inicio\/produto\/silicone-acetico-multiuso-cascola-50g\/","title":{"rendered":"Silicone Ac\u00e9tico Multiuso Cascola 50g"},"content":{"rendered":"<p>O Silicone Ac\u00e9tico Multiuso Cascola 50g \u00e9 de uso geral, um selante \u00e0 base de silicone, de cura ac\u00e9tica e com fungicida. Indicado para veda\u00e7\u00e3o em box de banheiro, cubas e bacias sanit\u00e1rias, pias e bancadas de cozinha, vidro, vitrines, ralos, rejuntes, entre outras. Depois de curado n\u00e3o encolhe com o passar do tempo, n\u00e3o perde ades\u00e3o, \u00e9 resistente a raios uv e possui alta resist\u00eancia a intemperismo. Sua veda\u00e7\u00e3o permanente evita retrabalhos, n\u00e3o fissura com o tempo e possui resistiencia, ou seja, e dif\u00edcil de ser danificado ou removido manualmente.<br \/>\nN\u00e3o utilize em aqu\u00e1rios, pedras naturais, madeiras, metais (latao, ferro e chumbo) e colagem de espelhos.<\/p>\n","protected":false},"excerpt":{"rendered":"<h4 style=\"margin: 0px;padding: 0px 0px 16px;font-family: Lato, sans-serif;font-weight: bold;line-height: 3rem;color: var(--dark-grey3);font-size: 22px;font-style: normal;letter-spacing: normal;text-align: start;text-indent: 0px;text-transform: none\">Informa\u00e7\u00f5es t\u00e9cnicas<\/h4>\n<p><span style=\"margin: 0px;padding: 0px;font-weight: 450;font-size: 14px;line-height: 21px;color: var(--dark-grey2);font-family: Lato, sans-serif;font-style: normal;letter-spacing: normal;text-align: start;text-indent: 0px;text-transform: none\">Produto: Silicone Multiuso<br \/>\nMarca: Cascola<br \/>\nComposi\u00e7\u00e3o: 100% silicone<br \/>\nConte\u00fado: 50g<br \/>\nCaracter\u00edsticas: N\u00e3o encolhe<br \/>\nN\u00e3o perde a ades\u00e3o<br \/>\nResistente a raios UV<br \/>\nN\u00e3o fissura com o tempo<br \/>\nVeda\u00e7\u00e3o permanente<br \/>\nResistente<br \/>\nItens Inclusos: 1 Silicone Multiuso<br \/>\n<\/span><\/p>\n","protected":false},"featured_media":21223,"template":"","meta":{"_joinchat":[]},"product_brand":[],"product_cat":[162],"product_tag":[],"class_list":{"0":"post-21174","1":"product","2":"type-product","3":"status-publish","4":"has-post-thumbnail","6":"product_cat-colas-e-cia","8":"first","9":"outofstock","10":"shipping-taxable","11":"product-type-simple"},"_links":{"self":[{"href":"https:\/\/www.multicasa.com.br\/inicio\/wp-json\/wp\/v2\/product\/21174","targetHints":{"allow":["GET"]}}],"collection":[{"href":"https:\/\/www.multicasa.com.br\/inicio\/wp-json\/wp\/v2\/product"}],"about":[{"href":"https:\/\/www.multicasa.com.br\/inicio\/wp-json\/wp\/v2\/types\/product"}],"wp:featuredmedia":[{"embeddable":true,"href":"https:\/\/www.multicasa.com.br\/inicio\/wp-json\/wp\/v2\/media\/21223"}],"wp:attachment":[{"href":"https:\/\/www.multicasa.com.br\/inicio\/wp-json\/wp\/v2\/media?parent=21174"}],"wp:term":[{"taxonomy":"product_brand","embeddable":true,"href":"https:\/\/www.multicasa.com.br\/inicio\/wp-json\/wp\/v2\/product_brand?post=21174"},{"taxonomy":"product_cat","embeddable":true,"href":"https:\/\/www.multicasa.com.br\/inicio\/wp-json\/wp\/v2\/product_cat?post=21174"},{"taxonomy":"product_tag","embeddable":true,"href":"https:\/\/www.multicasa.com.br\/inicio\/wp-json\/wp\/v2\/product_tag?post=21174"}],"curies":[{"name":"wp","href":"https:\/\/api.w.org\/{rel}","templated":true}]}}