{"id":21178,"date":"2025-06-20T20:15:06","date_gmt":"2025-06-21T00:15:06","guid":{"rendered":"https:\/\/www.multicasa.com.br\/inicio\/?post_type=product&#038;p=21178"},"modified":"2026-02-20T09:50:24","modified_gmt":"2026-02-20T13:50:24","slug":"eletrocalha-perf-50x50mm-ch22-bande","status":"publish","type":"product","link":"https:\/\/www.multicasa.com.br\/inicio\/produto\/eletrocalha-perf-50x50mm-ch22-bande\/","title":{"rendered":"Eletrocalha Perf.50X50Mm Ch22 Bande"},"content":{"rendered":"<p>S\u00e3o utilizadas na prote\u00e7\u00e3o, condu\u00e7\u00e3o e distribui\u00e7\u00e3o de cabos e fios el\u00e9tricos, sendo perfurada permitindo um melhor ventila\u00e7\u00e3o e visualiza\u00e7\u00e3o dos cabos, seu acabamento pr\u00e9 zincado indicado para ambiente internos n\u00e3o agressivos.<\/p>\n","protected":false},"excerpt":{"rendered":"<h4 style=\"margin: 0px;padding: 0px 0px 16px;font-family: Lato, sans-serif;font-weight: bold;line-height: 3rem;color: var(--dark-grey3);font-size: 22px;font-style: normal;letter-spacing: normal;text-align: start;text-indent: 0px;text-transform: none\">Informa\u00e7\u00f5es t\u00e9cnicas<\/h4>\n<p><span style=\"margin: 0px;padding: 0px;font-weight: 450;font-size: 14px;line-height: 21px;color: var(--dark-grey2);font-family: Lato, sans-serif;font-style: normal;letter-spacing: normal;text-align: start;text-indent: 0px;text-transform: none\">Produto: ELETROCALHA PERF.50X50MM CH22 BANDE<br \/>\nMarca: BANDEIRANTES<br \/>\nCor: A\u00e7o<\/p>\n<p>&#8211; Largura 50 mm;<br \/>\n&#8211; Altura 50 mm;<br \/>\n&#8211; Comprimento 3000 mm;<br \/>\n&#8211; Espessura da chapa &#8211; #24;<br \/>\n&#8211; Mat\u00e9ria-prima &#8211; Chapa de A\u00e7o 1010\/1020;<br \/>\n&#8211; Acabamento &#8211; Pr\u00e9 Zincado.<\/span><\/p>\n","protected":false},"featured_media":25096,"template":"","meta":{"_joinchat":[]},"product_brand":[],"product_cat":[119],"product_tag":[],"class_list":{"0":"post-21178","1":"product","2":"type-product","3":"status-publish","4":"has-post-thumbnail","6":"product_cat-materiais-eletricos","8":"first","9":"instock","10":"shipping-taxable","11":"purchasable","12":"product-type-simple"},"_links":{"self":[{"href":"https:\/\/www.multicasa.com.br\/inicio\/wp-json\/wp\/v2\/product\/21178","targetHints":{"allow":["GET"]}}],"collection":[{"href":"https:\/\/www.multicasa.com.br\/inicio\/wp-json\/wp\/v2\/product"}],"about":[{"href":"https:\/\/www.multicasa.com.br\/inicio\/wp-json\/wp\/v2\/types\/product"}],"wp:featuredmedia":[{"embeddable":true,"href":"https:\/\/www.multicasa.com.br\/inicio\/wp-json\/wp\/v2\/media\/25096"}],"wp:attachment":[{"href":"https:\/\/www.multicasa.com.br\/inicio\/wp-json\/wp\/v2\/media?parent=21178"}],"wp:term":[{"taxonomy":"product_brand","embeddable":true,"href":"https:\/\/www.multicasa.com.br\/inicio\/wp-json\/wp\/v2\/product_brand?post=21178"},{"taxonomy":"product_cat","embeddable":true,"href":"https:\/\/www.multicasa.com.br\/inicio\/wp-json\/wp\/v2\/product_cat?post=21178"},{"taxonomy":"product_tag","embeddable":true,"href":"https:\/\/www.multicasa.com.br\/inicio\/wp-json\/wp\/v2\/product_tag?post=21178"}],"curies":[{"name":"wp","href":"https:\/\/api.w.org\/{rel}","templated":true}]}}