{"id":21184,"date":"2025-06-20T20:15:07","date_gmt":"2025-06-21T00:15:07","guid":{"rendered":"https:\/\/www.multicasa.com.br\/inicio\/?post_type=product&#038;p=21184"},"modified":"2025-06-20T20:16:12","modified_gmt":"2025-06-21T00:16:12","slug":"ebulidor-eletrico-cherubino-1000w-220v","status":"publish","type":"product","link":"https:\/\/www.multicasa.com.br\/inicio\/produto\/ebulidor-eletrico-cherubino-1000w-220v\/","title":{"rendered":"Ebulidor El\u00e9trico Cherubino 1000W &#8211; 220V"},"content":{"rendered":"<p>Ebulidor fervedor El\u00e9trico Cherubino, ideal para cozinhar ovos, batatas, legumes e at\u00e9 esquentar \u00f3leo. Possui resist\u00eancia blindada em alum\u00ednio, cabo em nylon e alta pot\u00eancia de 1000w e tens\u00e3o el\u00e9trica de 220v. O mergulh\u00e3o el\u00e9trico \u00e9 essencial para sua cozinha. Tenha praticidade para ferver \u00e1gua e outras coisas no dia a dia.<br \/>\nAten\u00e7\u00e3o, n\u00e3o ligar o ebulidor fora d&#8217;\u00e1gua e deslig\u00e1-lo antes de retirar da \u00e1gua. O n\u00edvel de \u00e1gua dever\u00e1 estar dentro dos limites m\u00e1ximo e m\u00ednimo conforme marcado no ebulidor.<\/p>\n","protected":false},"excerpt":{"rendered":"<h4 style=\"margin: 0px;padding: 0px 0px 16px;font-family: Lato, sans-serif;font-weight: bold;line-height: 3rem;color: var(--dark-grey3);font-size: 22px;font-style: normal;letter-spacing: normal;text-align: start;text-indent: 0px;text-transform: none\">Informa\u00e7\u00f5es t\u00e9cnicas<\/h4>\n<p><span style=\"margin: 0px;padding: 0px;font-weight: 450;font-size: 14px;line-height: 21px;color: var(--dark-grey2);font-family: Lato, sans-serif;font-style: normal;letter-spacing: normal;text-align: start;text-indent: 0px;text-transform: none\">Produto: Ebulidor<br \/>\nTipo: El\u00e9trico<br \/>\nMarca: Cherubino<br \/>\nMaterial: Nylon<br \/>\nAlum\u00ednio<br \/>\nPl\u00e1stico<br \/>\nCor: Prata<br \/>\nUso indicado: Cozinhar ovos, legumes e esquentar \u00f3leo<br \/>\nPot\u00eancia: 1000w<br \/>\nTens\u00e3o el\u00e9trica: 220v<br \/>\nConsumo: 0,1kwh<br \/>\nItens Inclusos: 1 ebulidor el\u00e9trico<br \/>\nDicas de uso e preserva\u00e7\u00e3o: N\u00e3o ligar ou desligar fora da \u00e1gua, n\u00edvel de \u00e1gua dever\u00e1 estar dentro dos limites m\u00e1ximo e m\u00ednimo conforme marcado no ebulidor<br \/>\nDimens\u00f5es do produto (A x L x P): 16,5 x 6cm<br \/>\nOCP: 0005<br \/>\n<\/span><\/p>\n","protected":false},"featured_media":21248,"template":"","meta":{"_joinchat":[]},"product_brand":[],"product_cat":[93],"product_tag":[],"class_list":{"0":"post-21184","1":"product","2":"type-product","3":"status-publish","4":"has-post-thumbnail","6":"product_cat-utensilios-para-cozinha","8":"first","9":"outofstock","10":"shipping-taxable","11":"product-type-simple"},"_links":{"self":[{"href":"https:\/\/www.multicasa.com.br\/inicio\/wp-json\/wp\/v2\/product\/21184","targetHints":{"allow":["GET"]}}],"collection":[{"href":"https:\/\/www.multicasa.com.br\/inicio\/wp-json\/wp\/v2\/product"}],"about":[{"href":"https:\/\/www.multicasa.com.br\/inicio\/wp-json\/wp\/v2\/types\/product"}],"wp:featuredmedia":[{"embeddable":true,"href":"https:\/\/www.multicasa.com.br\/inicio\/wp-json\/wp\/v2\/media\/21248"}],"wp:attachment":[{"href":"https:\/\/www.multicasa.com.br\/inicio\/wp-json\/wp\/v2\/media?parent=21184"}],"wp:term":[{"taxonomy":"product_brand","embeddable":true,"href":"https:\/\/www.multicasa.com.br\/inicio\/wp-json\/wp\/v2\/product_brand?post=21184"},{"taxonomy":"product_cat","embeddable":true,"href":"https:\/\/www.multicasa.com.br\/inicio\/wp-json\/wp\/v2\/product_cat?post=21184"},{"taxonomy":"product_tag","embeddable":true,"href":"https:\/\/www.multicasa.com.br\/inicio\/wp-json\/wp\/v2\/product_tag?post=21184"}],"curies":[{"name":"wp","href":"https:\/\/api.w.org\/{rel}","templated":true}]}}