{"id":21203,"date":"2025-06-20T20:15:30","date_gmt":"2025-06-21T00:15:30","guid":{"rendered":"https:\/\/www.multicasa.com.br\/inicio\/?post_type=product&#038;p=21203"},"modified":"2026-02-24T10:06:59","modified_gmt":"2026-02-24T14:06:59","slug":"filtro-de-cafe-longa-vida-injetemp-102","status":"publish","type":"product","link":"https:\/\/www.multicasa.com.br\/inicio\/produto\/filtro-de-cafe-longa-vida-injetemp-102\/","title":{"rendered":"Filtro de Caf\u00e9 Longa Vida Injetemp 102"},"content":{"rendered":"<p>Com o Filtro de caf\u00e9 longa vida Injetemp voc\u00ea substitui os filtros de papel e descart\u00e1veis, podendo reutilizar v\u00e1rias vezes. Costurado Eletr\u00f4nicamente em tela de alta resist\u00eancia, \u00e9 ideal para suportes de n\u00ba 102.<\/p>\n","protected":false},"excerpt":{"rendered":"<h4 style=\"margin: 0px;padding: 0px 0px 16px;font-family: Lato, sans-serif;font-weight: bold;line-height: 3rem;color: var(--dark-grey3);font-size: 22px;font-style: normal;letter-spacing: normal;text-align: start;text-indent: 0px;text-transform: none\">Informa\u00e7\u00f5es t\u00e9cnicas<\/h4>\n<p><span style=\"margin: 0px;padding: 0px;font-weight: 450;font-size: 14px;line-height: 21px;color: var(--dark-grey2);font-family: Lato, sans-serif;font-style: normal;letter-spacing: normal;text-align: start;text-indent: 0px;text-transform: none\">Produto: Filtro de caf\u00e9<br \/>\nMarca: Injetemp<br \/>\nMaterial: Pl\u00e1stico<br \/>\nTecido<br \/>\nCor: Branco<br \/>\nSuporte: n\u00b0 102<br \/>\nCaracter\u00edsticas: Costurado eletronicamente<br \/>\nItens Inclusos: 1 filtro de caf\u00e9<br \/>\nDi\u00e2metro do produto: 13cm<\/span><\/p>\n","protected":false},"featured_media":21263,"template":"","meta":{"_joinchat":[]},"product_brand":[],"product_cat":[93],"product_tag":[],"class_list":{"0":"post-21203","1":"product","2":"type-product","3":"status-publish","4":"has-post-thumbnail","6":"product_cat-utensilios-para-cozinha","8":"first","9":"instock","10":"shipping-taxable","11":"purchasable","12":"product-type-simple"},"_links":{"self":[{"href":"https:\/\/www.multicasa.com.br\/inicio\/wp-json\/wp\/v2\/product\/21203","targetHints":{"allow":["GET"]}}],"collection":[{"href":"https:\/\/www.multicasa.com.br\/inicio\/wp-json\/wp\/v2\/product"}],"about":[{"href":"https:\/\/www.multicasa.com.br\/inicio\/wp-json\/wp\/v2\/types\/product"}],"wp:featuredmedia":[{"embeddable":true,"href":"https:\/\/www.multicasa.com.br\/inicio\/wp-json\/wp\/v2\/media\/21263"}],"wp:attachment":[{"href":"https:\/\/www.multicasa.com.br\/inicio\/wp-json\/wp\/v2\/media?parent=21203"}],"wp:term":[{"taxonomy":"product_brand","embeddable":true,"href":"https:\/\/www.multicasa.com.br\/inicio\/wp-json\/wp\/v2\/product_brand?post=21203"},{"taxonomy":"product_cat","embeddable":true,"href":"https:\/\/www.multicasa.com.br\/inicio\/wp-json\/wp\/v2\/product_cat?post=21203"},{"taxonomy":"product_tag","embeddable":true,"href":"https:\/\/www.multicasa.com.br\/inicio\/wp-json\/wp\/v2\/product_tag?post=21203"}],"curies":[{"name":"wp","href":"https:\/\/api.w.org\/{rel}","templated":true}]}}