{"id":21229,"date":"2025-06-20T20:15:54","date_gmt":"2025-06-21T00:15:54","guid":{"rendered":"https:\/\/www.multicasa.com.br\/inicio\/?post_type=product&#038;p=21229"},"modified":"2025-12-16T19:08:54","modified_gmt":"2025-12-16T23:08:54","slug":"silicone-spray-alta-protecao-3m-180g","status":"publish","type":"product","link":"https:\/\/www.multicasa.com.br\/inicio\/produto\/silicone-spray-alta-protecao-3m-180g\/","title":{"rendered":"Silicone Spray Alta Prote\u00e7\u00e3o 3M 180g"},"content":{"rendered":"<p>O Silicone Spray Alta Prote\u00e7\u00e3o 3M \u00e9 um lubrificante a base de polimero de silicone de m\u00faltipla utiliza\u00e7\u00e3o em ve\u00edculos, barcos, equipamentos industriais, recreativos e no lar. Ele n\u00e3o mancha nem se torna pegajoso, \u00e9 de secagem r\u00e1pida que forma uma camada de longa durabilidade, protegendo as superf\u00edcies met\u00e1licas contra ferrugem e corros\u00e3o. Tem eficiente a\u00e7\u00e3o penetrante e desincrustante, facilitando a soltura de parafusos, pinos, porcas, etc.<br \/>\nIndicado para desmoldagens, uso em matriz de corte, l\u00e2minas, serras e pequenas estamparias.<\/p>\n","protected":false},"excerpt":{"rendered":"<h4 style=\"margin: 0px;padding: 0px 0px 16px;font-family: Lato, sans-serif;font-weight: bold;line-height: 3rem;color: var(--dark-grey3);font-size: 22px;font-style: normal;letter-spacing: normal;text-align: start;text-indent: 0px;text-transform: none\">Informa\u00e7\u00f5es t\u00e9cnicas<\/h4>\n<p><span style=\"margin: 0px;padding: 0px;font-weight: 450;font-size: 14px;line-height: 21px;color: var(--dark-grey2);font-family: Lato, sans-serif;font-style: normal;letter-spacing: normal;text-align: start;text-indent: 0px;text-transform: none\">Produto: Silicone Spray<br \/>\nMarca: 3M<br \/>\nComposi\u00e7\u00e3o: Base de Pol\u00edmero de silicone<br \/>\nSolvente de nafta de petr\u00f3leo<br \/>\nConte\u00fado: 180g<br \/>\nCaracter\u00edsticas: N\u00e3o mancha<br \/>\nN\u00e3o \u00e9 pegajoso<br \/>\nSecagem r\u00e1pida<br \/>\nEvita ferrugem<br \/>\nImpermeabiliza<br \/>\nItens Inclusos: 1 Silicone Spray<\/span><\/p>\n","protected":false},"featured_media":21292,"template":"","meta":{"_joinchat":[]},"product_brand":[],"product_cat":[162],"product_tag":[],"class_list":{"0":"post-21229","1":"product","2":"type-product","3":"status-publish","4":"has-post-thumbnail","6":"product_cat-colas-e-cia","8":"first","9":"outofstock","10":"shipping-taxable","11":"purchasable","12":"product-type-simple"},"_links":{"self":[{"href":"https:\/\/www.multicasa.com.br\/inicio\/wp-json\/wp\/v2\/product\/21229","targetHints":{"allow":["GET"]}}],"collection":[{"href":"https:\/\/www.multicasa.com.br\/inicio\/wp-json\/wp\/v2\/product"}],"about":[{"href":"https:\/\/www.multicasa.com.br\/inicio\/wp-json\/wp\/v2\/types\/product"}],"wp:featuredmedia":[{"embeddable":true,"href":"https:\/\/www.multicasa.com.br\/inicio\/wp-json\/wp\/v2\/media\/21292"}],"wp:attachment":[{"href":"https:\/\/www.multicasa.com.br\/inicio\/wp-json\/wp\/v2\/media?parent=21229"}],"wp:term":[{"taxonomy":"product_brand","embeddable":true,"href":"https:\/\/www.multicasa.com.br\/inicio\/wp-json\/wp\/v2\/product_brand?post=21229"},{"taxonomy":"product_cat","embeddable":true,"href":"https:\/\/www.multicasa.com.br\/inicio\/wp-json\/wp\/v2\/product_cat?post=21229"},{"taxonomy":"product_tag","embeddable":true,"href":"https:\/\/www.multicasa.com.br\/inicio\/wp-json\/wp\/v2\/product_tag?post=21229"}],"curies":[{"name":"wp","href":"https:\/\/api.w.org\/{rel}","templated":true}]}}