{"id":21252,"date":"2025-06-20T20:16:17","date_gmt":"2025-06-21T00:16:17","guid":{"rendered":"https:\/\/www.multicasa.com.br\/inicio\/?post_type=product&#038;p=21252"},"modified":"2025-06-20T20:17:01","modified_gmt":"2025-06-21T00:17:01","slug":"soprador-manual-para-churrasco-nautika","status":"publish","type":"product","link":"https:\/\/www.multicasa.com.br\/inicio\/produto\/soprador-manual-para-churrasco-nautika\/","title":{"rendered":"Soprador Manual para Churrasco Nautika"},"content":{"rendered":"<p>O Soprador Manual para Churrasco Nautika inicia a brasa no carv\u00e3o com mais facilidade. O assoprador \u00e9 produzido em pl\u00e1stico abs preto com a ponteira em alum\u00ednio e n\u00e3o requer pilhas, nem eletricidade. Sistema de f\u00e1cil utiliza\u00e7\u00e3o. <\/p>\n","protected":false},"excerpt":{"rendered":"<h4 style=\"margin: 0px;padding: 0px 0px 16px;font-family: Lato, sans-serif;font-weight: bold;line-height: 3rem;color: var(--dark-grey3);font-size: 22px;font-style: normal;letter-spacing: normal;text-align: start;text-indent: 0px;text-transform: none\">Informa\u00e7\u00f5es t\u00e9cnicas<\/h4>\n<p><span style=\"margin: 0px;padding: 0px;font-weight: 450;font-size: 14px;line-height: 21px;color: var(--dark-grey2);font-family: Lato, sans-serif;font-style: normal;letter-spacing: normal;text-align: start;text-indent: 0px;text-transform: none\">Produto: Soprador para Churrasco<br \/>\nMarca: Nautika<br \/>\nMaterial: Pl\u00e1stico Abs<br \/>\nAlum\u00ednio<br \/>\nCor: Preto e prata<br \/>\nCaracter\u00edsticas: N\u00e3o requer pilhas<br \/>\nN\u00e3o requer eletricidade<br \/>\nSistema manual<br \/>\nItens inclusos: 1 Soprador para Churrasco<br \/>\nDimens\u00f5es do produto (A X L): 31 x 13cm<br \/>\n<\/span><\/p>\n","protected":false},"featured_media":21301,"template":"","meta":{"_joinchat":[]},"product_brand":[],"product_cat":[93],"product_tag":[],"class_list":{"0":"post-21252","1":"product","2":"type-product","3":"status-publish","4":"has-post-thumbnail","6":"product_cat-utensilios-para-cozinha","8":"first","9":"outofstock","10":"shipping-taxable","11":"product-type-simple"},"_links":{"self":[{"href":"https:\/\/www.multicasa.com.br\/inicio\/wp-json\/wp\/v2\/product\/21252","targetHints":{"allow":["GET"]}}],"collection":[{"href":"https:\/\/www.multicasa.com.br\/inicio\/wp-json\/wp\/v2\/product"}],"about":[{"href":"https:\/\/www.multicasa.com.br\/inicio\/wp-json\/wp\/v2\/types\/product"}],"wp:featuredmedia":[{"embeddable":true,"href":"https:\/\/www.multicasa.com.br\/inicio\/wp-json\/wp\/v2\/media\/21301"}],"wp:attachment":[{"href":"https:\/\/www.multicasa.com.br\/inicio\/wp-json\/wp\/v2\/media?parent=21252"}],"wp:term":[{"taxonomy":"product_brand","embeddable":true,"href":"https:\/\/www.multicasa.com.br\/inicio\/wp-json\/wp\/v2\/product_brand?post=21252"},{"taxonomy":"product_cat","embeddable":true,"href":"https:\/\/www.multicasa.com.br\/inicio\/wp-json\/wp\/v2\/product_cat?post=21252"},{"taxonomy":"product_tag","embeddable":true,"href":"https:\/\/www.multicasa.com.br\/inicio\/wp-json\/wp\/v2\/product_tag?post=21252"}],"curies":[{"name":"wp","href":"https:\/\/api.w.org\/{rel}","templated":true}]}}