{"id":21254,"date":"2025-06-20T20:16:18","date_gmt":"2025-06-21T00:16:18","guid":{"rendered":"https:\/\/www.multicasa.com.br\/inicio\/?post_type=product&#038;p=21254"},"modified":"2025-06-20T20:17:06","modified_gmt":"2025-06-21T00:17:06","slug":"fruteira-de-chao-com-3-cestos-e-rodas-branca-metaltec","status":"publish","type":"product","link":"https:\/\/www.multicasa.com.br\/inicio\/produto\/fruteira-de-chao-com-3-cestos-e-rodas-branca-metaltec\/","title":{"rendered":"Fruteira de Ch\u00e3o com 3 Cestos e Rodas Branca Metaltec"},"content":{"rendered":"<p>Fruteira de Ch\u00e3o com 3 e Rodas da Metaltec tem os cestos feitos em chapa expandida acoplada a chassi tubular sem solda e estrutura em tubo met\u00e1lico. As rodas s\u00e3o feitas de pl\u00e1stico preto e t\u00eam giro de 360 graus que facilitam sua locomo\u00e7\u00e3o pela cozinha. Os cestos s\u00e3o simples de montar e desmontar, o que facilita a higieniza\u00e7\u00e3o. Ideal para manter frutas e alimentos bem organizados e dispostos. Com acabamento em pintura ep\u00f3xi p\u00f3 na cor branca e superf\u00edcie fosfatizada.<\/p>\n","protected":false},"excerpt":{"rendered":"<h4 style=\"margin: 0px;padding: 0px 0px 16px;font-family: Lato, sans-serif;font-weight: bold;line-height: 3rem;color: var(--dark-grey3);font-size: 22px;font-style: normal;letter-spacing: normal;text-align: start;text-indent: 0px;text-transform: none\">Informa\u00e7\u00f5es t\u00e9cnicas<\/h4>\n<p><span style=\"margin: 0px;padding: 0px;font-weight: 450;font-size: 14px;line-height: 21px;color: var(--dark-grey2);font-family: Lato, sans-serif;font-style: normal;letter-spacing: normal;text-align: start;text-indent: 0px;text-transform: none\">Produto: Fruteira de ch\u00e3o<br \/>\nMarca: Metaltec<br \/>\nMaterial: Metal<br \/>\nCor: Branca<br \/>\nCaracter\u00edsticas: Possui 3 cestos<br \/>\nCestos comporta at\u00e9 1,5g<br \/>\nCestos remov\u00edveis<br \/>\nPossui 4 rod\u00edzios com giro 360\u00b0<br \/>\nItens Inclusos: 1 Fruteira de ch\u00e3o<br \/>\nDimens\u00f5es do produto (A x L x P): 0,835 x 0,46 x 0,35m<\/span><\/p>\n","protected":false},"featured_media":21302,"template":"","meta":{"_joinchat":[]},"product_brand":[],"product_cat":[93],"product_tag":[],"class_list":{"0":"post-21254","1":"product","2":"type-product","3":"status-publish","4":"has-post-thumbnail","6":"product_cat-utensilios-para-cozinha","8":"first","9":"outofstock","10":"shipping-taxable","11":"product-type-simple"},"_links":{"self":[{"href":"https:\/\/www.multicasa.com.br\/inicio\/wp-json\/wp\/v2\/product\/21254","targetHints":{"allow":["GET"]}}],"collection":[{"href":"https:\/\/www.multicasa.com.br\/inicio\/wp-json\/wp\/v2\/product"}],"about":[{"href":"https:\/\/www.multicasa.com.br\/inicio\/wp-json\/wp\/v2\/types\/product"}],"wp:featuredmedia":[{"embeddable":true,"href":"https:\/\/www.multicasa.com.br\/inicio\/wp-json\/wp\/v2\/media\/21302"}],"wp:attachment":[{"href":"https:\/\/www.multicasa.com.br\/inicio\/wp-json\/wp\/v2\/media?parent=21254"}],"wp:term":[{"taxonomy":"product_brand","embeddable":true,"href":"https:\/\/www.multicasa.com.br\/inicio\/wp-json\/wp\/v2\/product_brand?post=21254"},{"taxonomy":"product_cat","embeddable":true,"href":"https:\/\/www.multicasa.com.br\/inicio\/wp-json\/wp\/v2\/product_cat?post=21254"},{"taxonomy":"product_tag","embeddable":true,"href":"https:\/\/www.multicasa.com.br\/inicio\/wp-json\/wp\/v2\/product_tag?post=21254"}],"curies":[{"name":"wp","href":"https:\/\/api.w.org\/{rel}","templated":true}]}}