{"id":21257,"date":"2025-06-20T20:16:18","date_gmt":"2025-06-21T00:16:18","guid":{"rendered":"https:\/\/www.multicasa.com.br\/inicio\/?post_type=product&#038;p=21257"},"modified":"2025-07-01T13:54:27","modified_gmt":"2025-07-01T17:54:27","slug":"mangueira-corr-ref-25mm50mam-plas","status":"publish","type":"product","link":"https:\/\/www.multicasa.com.br\/inicio\/produto\/mangueira-corr-ref-25mm50mam-plas\/","title":{"rendered":"Mangueira Corr.Ref.25Mm(50M)Am Plas"},"content":{"rendered":"<p>PlastFlex\u00ae \u00e9 fabricado em Polietileno de Alta Densidade (PEAD), possui perfil corrugado ao longo de seu comprimento, proporcionando maior economia e agilidade em sua instala\u00e7\u00e3o. \u00c9 ideal para edifica\u00e7\u00f5es comerciais e residenciais pela sua leveza, extrema flexibilidade e resist\u00eancia a compress\u00e3o. O PlastFlex\u00ae \u00e9 fabricado de acordo com a Norma ABNT NBR 15.465, atendendo as mais rigorosas condi\u00e7\u00f5es encontradas na constru\u00e7\u00e3o civil. <\/p>\n","protected":false},"excerpt":{"rendered":"<h4 style=\"margin: 0px;padding: 0px 0px 16px;font-family: Lato, sans-serif;font-weight: bold;line-height: 3rem;color: var(--dark-grey3);font-size: 22px;font-style: normal;letter-spacing: normal;text-align: start;text-indent: 0px;text-transform: none\">Informa\u00e7\u00f5es t\u00e9cnicas<\/h4>\n<p><span style=\"margin: 0px;padding: 0px;font-weight: 450;font-size: 14px;line-height: 21px;color: var(--dark-grey2);font-family: Lato, sans-serif;font-style: normal;letter-spacing: normal;text-align: start;text-indent: 0px;text-transform: none\">Produto: MANGUEIRA CORR.REF.25MM(50M)AM PLAS<br \/>\nMarca: PLASTIBRAS<br \/>\nCor: amarelo<\/p>\n<p>Os Eletrodutos PlastFlex AC devem ser estocados em<br \/>\nlocais cobertos protegidos do sol e das intemp\u00e9ries do<br \/>\ntempo at\u00e9 sua correta instala\u00e7\u00e3o;<br \/>\n&#8211; Os Eletrodustos PlastFlex AC n\u00e3o devem ser fletidos<br \/>\nmanualmente a ciclos freq\u00fcentes de flex\u00e3o antes de sua<br \/>\ncorreta instala\u00e7\u00e3o;<br \/>\n&#8211; N\u00e3o aplicar esfor\u00e7os e pesos demasiados sobre os<br \/>\nEletrodutos PlastFlex AC no estoque e cuidar para que<br \/>\nisto tamb\u00e9m n\u00e3o ocorra no momento de sua instala\u00e7\u00e3o;<br \/>\n&#8211; N\u00e3o passar com carrinhos de transporte ou pisar sobre o<br \/>\nduto no momento da instala\u00e7\u00e3o do mesmo;<br \/>\n&#8211; Os Eletrodutos PlastFlex AC embutidos em concreto<br \/>\narmado devem ser colocados de modo a evitar sua<br \/>\ndeforma\u00e7\u00e3o durante a concretagem, devendo ainda ser<br \/>\nfechadas as bocas dos eletrodutos com pe\u00e7as apropriadas<br \/>\npara impedir a entrada de argamassas, nata de concreto ou<br \/>\nqualquer outro corpo estranho no seu interior durante a<br \/>\ninstala\u00e7\u00e3o;<br \/>\n&#8211; Em cada trecho de tubula\u00e7\u00e3o, entre duas caixas, entre<br \/>\nextremidades, ou entre extremidade e caixa, podem ser<br \/>\nprevistas no m\u00e1ximo tr\u00eas curvas de 90\u00b0 ou seu equivalente<br \/>\nat\u00e9 no m\u00e1ximo 270\u00b0. Em nenhuma hip\u00f3tese devem ser<br \/>\nprevistas curvas com deflex\u00e3o superior a 90\u00b0.<\/span><\/p>\n","protected":false},"featured_media":27384,"template":"","meta":{"_joinchat":[]},"product_brand":[],"product_cat":[119],"product_tag":[],"class_list":{"0":"post-21257","1":"product","2":"type-product","3":"status-publish","4":"has-post-thumbnail","6":"product_cat-materiais-eletricos","8":"first","9":"outofstock","10":"shipping-taxable","11":"product-type-simple"},"_links":{"self":[{"href":"https:\/\/www.multicasa.com.br\/inicio\/wp-json\/wp\/v2\/product\/21257","targetHints":{"allow":["GET"]}}],"collection":[{"href":"https:\/\/www.multicasa.com.br\/inicio\/wp-json\/wp\/v2\/product"}],"about":[{"href":"https:\/\/www.multicasa.com.br\/inicio\/wp-json\/wp\/v2\/types\/product"}],"wp:featuredmedia":[{"embeddable":true,"href":"https:\/\/www.multicasa.com.br\/inicio\/wp-json\/wp\/v2\/media\/27384"}],"wp:attachment":[{"href":"https:\/\/www.multicasa.com.br\/inicio\/wp-json\/wp\/v2\/media?parent=21257"}],"wp:term":[{"taxonomy":"product_brand","embeddable":true,"href":"https:\/\/www.multicasa.com.br\/inicio\/wp-json\/wp\/v2\/product_brand?post=21257"},{"taxonomy":"product_cat","embeddable":true,"href":"https:\/\/www.multicasa.com.br\/inicio\/wp-json\/wp\/v2\/product_cat?post=21257"},{"taxonomy":"product_tag","embeddable":true,"href":"https:\/\/www.multicasa.com.br\/inicio\/wp-json\/wp\/v2\/product_tag?post=21257"}],"curies":[{"name":"wp","href":"https:\/\/api.w.org\/{rel}","templated":true}]}}