{"id":21260,"date":"2025-06-20T20:16:18","date_gmt":"2025-06-21T00:16:18","guid":{"rendered":"https:\/\/www.multicasa.com.br\/inicio\/?post_type=product&#038;p=21260"},"modified":"2025-08-16T16:01:01","modified_gmt":"2025-08-16T20:01:01","slug":"centrifuga-para-salada-em-plastico-plasutil-28l","status":"publish","type":"product","link":"https:\/\/www.multicasa.com.br\/inicio\/produto\/centrifuga-para-salada-em-plastico-plasutil-28l\/","title":{"rendered":"Centr\u00edfuga para Salada em Pl\u00e1stico Plas\u00fatil 2,8L"},"content":{"rendered":"<p>Lave e seque sua salada com rapidez e aumente a sua conserva\u00e7\u00e3o. A Centr\u00edfuga para Salada da Plas\u00fatil funciona de forma simples. Ao girar a manivela, faz com que a \u00e1gua des\u00e7a para o fundo do recipiente, deixando sua salada higienizada. Feita de pl\u00e1stico resistente, o seca salada tem capacidade de at\u00e9 2, 8 litros, possui corpo e tampa perfurados para facilitar o processo e tem dimens\u00f5es de 25, 4 x 20,8 x 18,2 cm. Praticidade e efici\u00eancia para seu dia-a-dia na cozinha.<\/p>\n","protected":false},"excerpt":{"rendered":"<h4 style=\"margin: 0px;padding: 0px 0px 16px;font-family: Lato, sans-serif;font-weight: bold;line-height: 3rem;color: var(--dark-grey3);font-size: 22px;font-style: normal;letter-spacing: normal;text-align: start;text-indent: 0px;text-transform: none\">Informa\u00e7\u00f5es t\u00e9cnicas<\/h4>\n<p><span style=\"margin: 0px;padding: 0px;font-weight: 450;font-size: 14px;line-height: 21px;color: var(--dark-grey2);font-family: Lato, sans-serif;font-style: normal;letter-spacing: normal;text-align: start;text-indent: 0px;text-transform: none\">Produto: Centr\u00edfuga para Salada<br \/>\nMarca: Plas\u00fatil<br \/>\nMaterial: Pl\u00e1stico<br \/>\nCor:<br \/>\nCapacidade: 2,8L<br \/>\nCaracter\u00edstica: Possui corpo e tampa perfurados<br \/>\nFacilita o enx\u00e1gue e secagem do alimento.<br \/>\nItens Inclusos: 1 Centr\u00edfuga para salada<br \/>\nDimens\u00f5es do produto (A x L x P): 25,4 x 20,8 x 18,2cm<\/span><\/p>\n","protected":false},"featured_media":21324,"template":"","meta":{"_joinchat":[]},"product_brand":[],"product_cat":[93],"product_tag":[],"class_list":{"0":"post-21260","1":"product","2":"type-product","3":"status-publish","4":"has-post-thumbnail","6":"product_cat-utensilios-para-cozinha","8":"first","9":"outofstock","10":"shipping-taxable","11":"product-type-simple"},"_links":{"self":[{"href":"https:\/\/www.multicasa.com.br\/inicio\/wp-json\/wp\/v2\/product\/21260","targetHints":{"allow":["GET"]}}],"collection":[{"href":"https:\/\/www.multicasa.com.br\/inicio\/wp-json\/wp\/v2\/product"}],"about":[{"href":"https:\/\/www.multicasa.com.br\/inicio\/wp-json\/wp\/v2\/types\/product"}],"wp:featuredmedia":[{"embeddable":true,"href":"https:\/\/www.multicasa.com.br\/inicio\/wp-json\/wp\/v2\/media\/21324"}],"wp:attachment":[{"href":"https:\/\/www.multicasa.com.br\/inicio\/wp-json\/wp\/v2\/media?parent=21260"}],"wp:term":[{"taxonomy":"product_brand","embeddable":true,"href":"https:\/\/www.multicasa.com.br\/inicio\/wp-json\/wp\/v2\/product_brand?post=21260"},{"taxonomy":"product_cat","embeddable":true,"href":"https:\/\/www.multicasa.com.br\/inicio\/wp-json\/wp\/v2\/product_cat?post=21260"},{"taxonomy":"product_tag","embeddable":true,"href":"https:\/\/www.multicasa.com.br\/inicio\/wp-json\/wp\/v2\/product_tag?post=21260"}],"curies":[{"name":"wp","href":"https:\/\/api.w.org\/{rel}","templated":true}]}}