{"id":21262,"date":"2025-06-20T20:16:19","date_gmt":"2025-06-21T00:16:19","guid":{"rendered":"https:\/\/www.multicasa.com.br\/inicio\/?post_type=product&#038;p=21262"},"modified":"2025-12-16T19:10:15","modified_gmt":"2025-12-16T23:10:15","slug":"peneira-de-plastico-branca-sanremo-107cm","status":"publish","type":"product","link":"https:\/\/www.multicasa.com.br\/inicio\/produto\/peneira-de-plastico-branca-sanremo-107cm\/","title":{"rendered":"Peneira de Pl\u00e1stico Branca Sanremo 10,7cm"},"content":{"rendered":"<p>A Peneira de Pl\u00e1stico da Sanremo \u00e9 indicada para separar l\u00edquidos e s\u00f3lidos com efici\u00eancia e est\u00e1 dispon\u00edvel na cor branca. A tela de poli\u00e9ster prolonga a durabilidade do seu utens\u00edlio e facilita a lavagem. Use-a para ter mais praticidade na sua rotina de casa. Possui comprimento de 10,7cm.<\/p>\n","protected":false},"excerpt":{"rendered":"<h4 style=\"margin: 0px;padding: 0px 0px 16px;font-family: Lato, sans-serif;font-weight: bold;line-height: 3rem;color: var(--dark-grey3);font-size: 22px;font-style: normal;letter-spacing: normal;text-align: start;text-indent: 0px;text-transform: none\">Informa\u00e7\u00f5es t\u00e9cnicas<\/h4>\n<p><span style=\"margin: 0px;padding: 0px;font-weight: 450;font-size: 14px;line-height: 21px;color: var(--dark-grey2);font-family: Lato, sans-serif;font-style: normal;letter-spacing: normal;text-align: start;text-indent: 0px;text-transform: none\">Produto: Peneira Pl\u00e1stica<br \/>\nMarca: Sanremo<br \/>\nMaterial: Pl\u00e1stico e poli\u00e9ster<br \/>\nCor: Branca<br \/>\nItens Inclusos: 1 Peneira pl\u00e1stica<br \/>\nDimens\u00f5es do produto (A): 10,7cm<\/span><\/p>\n","protected":false},"featured_media":21343,"template":"","meta":{"_joinchat":[]},"product_brand":[],"product_cat":[93],"product_tag":[],"class_list":{"0":"post-21262","1":"product","2":"type-product","3":"status-publish","4":"has-post-thumbnail","6":"product_cat-utensilios-para-cozinha","8":"first","9":"outofstock","10":"shipping-taxable","11":"product-type-simple"},"_links":{"self":[{"href":"https:\/\/www.multicasa.com.br\/inicio\/wp-json\/wp\/v2\/product\/21262","targetHints":{"allow":["GET"]}}],"collection":[{"href":"https:\/\/www.multicasa.com.br\/inicio\/wp-json\/wp\/v2\/product"}],"about":[{"href":"https:\/\/www.multicasa.com.br\/inicio\/wp-json\/wp\/v2\/types\/product"}],"wp:featuredmedia":[{"embeddable":true,"href":"https:\/\/www.multicasa.com.br\/inicio\/wp-json\/wp\/v2\/media\/21343"}],"wp:attachment":[{"href":"https:\/\/www.multicasa.com.br\/inicio\/wp-json\/wp\/v2\/media?parent=21262"}],"wp:term":[{"taxonomy":"product_brand","embeddable":true,"href":"https:\/\/www.multicasa.com.br\/inicio\/wp-json\/wp\/v2\/product_brand?post=21262"},{"taxonomy":"product_cat","embeddable":true,"href":"https:\/\/www.multicasa.com.br\/inicio\/wp-json\/wp\/v2\/product_cat?post=21262"},{"taxonomy":"product_tag","embeddable":true,"href":"https:\/\/www.multicasa.com.br\/inicio\/wp-json\/wp\/v2\/product_tag?post=21262"}],"curies":[{"name":"wp","href":"https:\/\/api.w.org\/{rel}","templated":true}]}}