{"id":21280,"date":"2025-06-20T20:16:41","date_gmt":"2025-06-21T00:16:41","guid":{"rendered":"https:\/\/www.multicasa.com.br\/inicio\/?post_type=product&#038;p=21280"},"modified":"2026-02-24T09:50:11","modified_gmt":"2026-02-24T13:50:11","slug":"peneira-de-plastico-branca-sanremo-145cm","status":"publish","type":"product","link":"https:\/\/www.multicasa.com.br\/inicio\/produto\/peneira-de-plastico-branca-sanremo-145cm\/","title":{"rendered":"Peneira de Pl\u00e1stico Branca Sanremo 14,5cm"},"content":{"rendered":"<p>A Peneira de Pl\u00e1stico da Sanremo \u00e9 indicada para separar l\u00edquidos e s\u00f3lidos com efici\u00eancia e est\u00e1 dispon\u00edvel na cor branca. A tela de poli\u00e9ster prolonga a durabilidade do seu utens\u00edlio e facilita a lavagem. Use-a para ter mais praticidade na sua rotina de casa. Possui comprimento de 14,5cm.<\/p>\n","protected":false},"excerpt":{"rendered":"<h4 style=\"margin: 0px;padding: 0px 0px 16px;font-family: Lato, sans-serif;font-weight: bold;line-height: 3rem;color: var(--dark-grey3);font-size: 22px;font-style: normal;letter-spacing: normal;text-align: start;text-indent: 0px;text-transform: none\">Informa\u00e7\u00f5es t\u00e9cnicas<\/h4>\n<p><span style=\"margin: 0px;padding: 0px;font-weight: 450;font-size: 14px;line-height: 21px;color: var(--dark-grey2);font-family: Lato, sans-serif;font-style: normal;letter-spacing: normal;text-align: start;text-indent: 0px;text-transform: none\">Produto: Peneira Pl\u00e1stica<br \/>\nMarca: Sanremo<br \/>\nMaterial: Pl\u00e1stico e poli\u00e9ster<br \/>\nCor: Branca<br \/>\nItens Inclusos: 1 Peneira pl\u00e1stica<br \/>\nDimens\u00f5es do produto (A): 14,5cm<\/span><\/p>\n","protected":false},"featured_media":21347,"template":"","meta":{"_joinchat":[]},"product_brand":[],"product_cat":[93],"product_tag":[],"class_list":{"0":"post-21280","1":"product","2":"type-product","3":"status-publish","4":"has-post-thumbnail","6":"product_cat-utensilios-para-cozinha","8":"first","9":"outofstock","10":"shipping-taxable","11":"purchasable","12":"product-type-simple"},"_links":{"self":[{"href":"https:\/\/www.multicasa.com.br\/inicio\/wp-json\/wp\/v2\/product\/21280","targetHints":{"allow":["GET"]}}],"collection":[{"href":"https:\/\/www.multicasa.com.br\/inicio\/wp-json\/wp\/v2\/product"}],"about":[{"href":"https:\/\/www.multicasa.com.br\/inicio\/wp-json\/wp\/v2\/types\/product"}],"wp:featuredmedia":[{"embeddable":true,"href":"https:\/\/www.multicasa.com.br\/inicio\/wp-json\/wp\/v2\/media\/21347"}],"wp:attachment":[{"href":"https:\/\/www.multicasa.com.br\/inicio\/wp-json\/wp\/v2\/media?parent=21280"}],"wp:term":[{"taxonomy":"product_brand","embeddable":true,"href":"https:\/\/www.multicasa.com.br\/inicio\/wp-json\/wp\/v2\/product_brand?post=21280"},{"taxonomy":"product_cat","embeddable":true,"href":"https:\/\/www.multicasa.com.br\/inicio\/wp-json\/wp\/v2\/product_cat?post=21280"},{"taxonomy":"product_tag","embeddable":true,"href":"https:\/\/www.multicasa.com.br\/inicio\/wp-json\/wp\/v2\/product_tag?post=21280"}],"curies":[{"name":"wp","href":"https:\/\/api.w.org\/{rel}","templated":true}]}}