{"id":21314,"date":"2025-06-20T20:17:10","date_gmt":"2025-06-21T00:17:10","guid":{"rendered":"https:\/\/www.multicasa.com.br\/inicio\/?post_type=product&#038;p=21314"},"modified":"2025-12-20T12:20:24","modified_gmt":"2025-12-20T16:20:24","slug":"limpa-contato-eletrico-spray-tekbond-300ml","status":"publish","type":"product","link":"https:\/\/www.multicasa.com.br\/inicio\/produto\/limpa-contato-eletrico-spray-tekbond-300ml\/","title":{"rendered":"Limpa Contato El\u00e9trico Spray Tekbond 300ml"},"content":{"rendered":"<p>Limpa Contato El\u00e9trico Spray Tekbond 300ml, indicado para uso em sistemas de igni\u00e7\u00e3o, inje\u00e7\u00e3o eletr\u00f4nica, rel\u00eas, potenci\u00f4metros, cabe\u00e7otes magn\u00e9ticos, disjuntores, chaves el\u00e9tricas, circuitos impressos, computadores, impressoras, equipamentos industriais e dom\u00e9sticos. O Tekspray foi idealizado para ser aplicado em conex\u00f5es eletroeletr\u00f4nicas compostas por solventes alif\u00e1ticos, sua fun\u00e7\u00e3o primordial \u00e9 recuperar a condutividade el\u00e9trica removendo a fuligem, graxa e umidade. N\u00e3o prejudica a camada de oz\u00f4nio e n\u00e3o cont\u00e9m cfc.<\/p>\n","protected":false},"excerpt":{"rendered":"<h4 style=\"margin: 0px;padding: 0px 0px 16px;font-family: Lato, sans-serif;font-weight: bold;line-height: 3rem;color: var(--dark-grey3);font-size: 22px;font-style: normal;letter-spacing: normal;text-align: start;text-indent: 0px;text-transform: none\">Informa\u00e7\u00f5es t\u00e9cnicas<\/h4>\n<p><span style=\"margin: 0px;padding: 0px;font-weight: 450;font-size: 14px;line-height: 21px;color: var(--dark-grey2);font-family: Lato, sans-serif;font-style: normal;letter-spacing: normal;text-align: start;text-indent: 0px;text-transform: none\">Produto: Limpa contato el\u00e9trico spray<br \/>\nMarca: Tekbond<br \/>\nConte\u00fado: 300ml<br \/>\nUso indicado: para aplica\u00e7\u00e3o em conex\u00f5es eletroeletr\u00f4nicas compostas por solventes alif\u00e1ticos<br \/>\nCaracter\u00edsticas: Recupera a condutividade el\u00e9trica removendo a fuligem, graxa e umidade<br \/>\nN\u00e3o cont\u00e9m CFC<br \/>\nItens Inclusos: 1 Lubrificante Spray<br \/>\n<\/span><\/p>\n","protected":false},"featured_media":21393,"template":"","meta":{"_joinchat":[]},"product_brand":[],"product_cat":[162],"product_tag":[],"class_list":{"0":"post-21314","1":"product","2":"type-product","3":"status-publish","4":"has-post-thumbnail","6":"product_cat-colas-e-cia","8":"first","9":"instock","10":"shipping-taxable","11":"purchasable","12":"product-type-simple"},"_links":{"self":[{"href":"https:\/\/www.multicasa.com.br\/inicio\/wp-json\/wp\/v2\/product\/21314","targetHints":{"allow":["GET"]}}],"collection":[{"href":"https:\/\/www.multicasa.com.br\/inicio\/wp-json\/wp\/v2\/product"}],"about":[{"href":"https:\/\/www.multicasa.com.br\/inicio\/wp-json\/wp\/v2\/types\/product"}],"wp:featuredmedia":[{"embeddable":true,"href":"https:\/\/www.multicasa.com.br\/inicio\/wp-json\/wp\/v2\/media\/21393"}],"wp:attachment":[{"href":"https:\/\/www.multicasa.com.br\/inicio\/wp-json\/wp\/v2\/media?parent=21314"}],"wp:term":[{"taxonomy":"product_brand","embeddable":true,"href":"https:\/\/www.multicasa.com.br\/inicio\/wp-json\/wp\/v2\/product_brand?post=21314"},{"taxonomy":"product_cat","embeddable":true,"href":"https:\/\/www.multicasa.com.br\/inicio\/wp-json\/wp\/v2\/product_cat?post=21314"},{"taxonomy":"product_tag","embeddable":true,"href":"https:\/\/www.multicasa.com.br\/inicio\/wp-json\/wp\/v2\/product_tag?post=21314"}],"curies":[{"name":"wp","href":"https:\/\/api.w.org\/{rel}","templated":true}]}}