{"id":21315,"date":"2025-06-20T20:17:10","date_gmt":"2025-06-21T00:17:10","guid":{"rendered":"https:\/\/www.multicasa.com.br\/inicio\/?post_type=product&#038;p=21315"},"modified":"2026-04-27T13:00:14","modified_gmt":"2026-04-27T17:00:14","slug":"cola-instantanea-super-cola-tekbond-1g-3-unidades","status":"publish","type":"product","link":"https:\/\/www.multicasa.com.br\/inicio\/produto\/cola-instantanea-super-cola-tekbond-1g-3-unidades\/","title":{"rendered":"Cola Instant\u00e2nea Super Cola TekBond 1g &#8211; 3 unidades"},"content":{"rendered":"<p>A cola instant\u00e2nea super cola TekBond foi desenvolvida para colar couro, borracha, madeira, metal, porcelana, papel, pl\u00e1stico e outros materiais. Eficiente, \u00e9 ideal para ser usada no dia-a-dia e facilitar reparos simples. Com mais de 40 gotas por tubo, possui f\u00f3rmula inteligente e sem solvente. 3 embalagens com 1g cada.<\/p>\n","protected":false},"excerpt":{"rendered":"<h4 style=\"margin: 0px;padding: 0px 0px 16px;font-family: Lato, sans-serif;font-weight: bold;line-height: 3rem;color: var(--dark-grey3);font-size: 22px;font-style: normal;letter-spacing: normal;text-align: start;text-indent: 0px;text-transform: none\">Informa\u00e7\u00f5es t\u00e9cnicas<\/h4>\n<p><span style=\"margin: 0px;padding: 0px;font-weight: 450;font-size: 14px;line-height: 21px;color: var(--dark-grey2);font-family: Lato, sans-serif;font-style: normal;letter-spacing: normal;text-align: start;text-indent: 0px;text-transform: none\">Produto: Cola Instant\u00e2nea<br \/>\nMarca: Tekbond<br \/>\nComposi\u00e7\u00e3o: \u00c9ster de cianoacrilato<br \/>\nConte\u00fado: 1g<br \/>\nCaracter\u00edsticas: Mais de 40 gotas por tubo<br \/>\nSem solvente<br \/>\nItens inclusos: 3 tubos de Cola Instant\u00e2nea<\/p>\n<p><\/span><\/p>\n","protected":false},"featured_media":21394,"template":"","meta":{"_joinchat":[]},"product_brand":[],"product_cat":[162],"product_tag":[],"class_list":{"0":"post-21315","1":"product","2":"type-product","3":"status-publish","4":"has-post-thumbnail","6":"product_cat-colas-e-cia","8":"first","9":"instock","10":"shipping-taxable","11":"purchasable","12":"product-type-simple"},"_links":{"self":[{"href":"https:\/\/www.multicasa.com.br\/inicio\/wp-json\/wp\/v2\/product\/21315","targetHints":{"allow":["GET"]}}],"collection":[{"href":"https:\/\/www.multicasa.com.br\/inicio\/wp-json\/wp\/v2\/product"}],"about":[{"href":"https:\/\/www.multicasa.com.br\/inicio\/wp-json\/wp\/v2\/types\/product"}],"wp:featuredmedia":[{"embeddable":true,"href":"https:\/\/www.multicasa.com.br\/inicio\/wp-json\/wp\/v2\/media\/21394"}],"wp:attachment":[{"href":"https:\/\/www.multicasa.com.br\/inicio\/wp-json\/wp\/v2\/media?parent=21315"}],"wp:term":[{"taxonomy":"product_brand","embeddable":true,"href":"https:\/\/www.multicasa.com.br\/inicio\/wp-json\/wp\/v2\/product_brand?post=21315"},{"taxonomy":"product_cat","embeddable":true,"href":"https:\/\/www.multicasa.com.br\/inicio\/wp-json\/wp\/v2\/product_cat?post=21315"},{"taxonomy":"product_tag","embeddable":true,"href":"https:\/\/www.multicasa.com.br\/inicio\/wp-json\/wp\/v2\/product_tag?post=21315"}],"curies":[{"name":"wp","href":"https:\/\/api.w.org\/{rel}","templated":true}]}}