{"id":21318,"date":"2025-06-20T20:17:10","date_gmt":"2025-06-21T00:17:10","guid":{"rendered":"https:\/\/www.multicasa.com.br\/inicio\/?post_type=product&#038;p=21318"},"modified":"2025-11-24T16:14:39","modified_gmt":"2025-11-24T20:14:39","slug":"espelho-de-seguranca-50cm-vision","status":"publish","type":"product","link":"https:\/\/www.multicasa.com.br\/inicio\/produto\/espelho-de-seguranca-50cm-vision\/","title":{"rendered":"Espelho De Seguranca 50Cm Vision"},"content":{"rendered":"<p>O Espelho Convexo Vision vai ajudar voc\u00ea a ampliar a vis\u00e3o em seus estabelecimentos, como em corredores de lojas, cantos mais escondidos, portarias, elevadores, galp\u00f5es, escrit\u00f3rios, garagens, entre outros. \u00c9 um acess\u00f3rio utilizado em ambientes comerciais e residenciais, com qualidade certificada ISO 9001, indispens\u00e1vel em ambientes que precisam de maior seguran\u00e7a, aumenta o campo de vis\u00e3o de 90 a 180 graus.<\/p>\n","protected":false},"excerpt":{"rendered":"<h4 style=\"margin: 0px;padding: 0px 0px 16px;font-family: Lato, sans-serif;font-weight: bold;line-height: 3rem;color: var(--dark-grey3);font-size: 22px;font-style: normal;letter-spacing: normal;text-align: start;text-indent: 0px;text-transform: none\">Informa\u00e7\u00f5es t\u00e9cnicas<\/h4>\n<p><span style=\"margin: 0px;padding: 0px;font-weight: 450;font-size: 14px;line-height: 21px;color: var(--dark-grey2);font-family: Lato, sans-serif;font-style: normal;letter-spacing: normal;text-align: start;text-indent: 0px;text-transform: none\">Produto: ESPELHO DE SEGURANCA 50CM VISION<br \/>\nMarca: VISION<\/p>\n<p>O Espelho Convexo Vision, possui um formato que ajuda a dar uma vis\u00e3o panor\u00e2mica do local onde \u00e9 instalado aumentando o n\u00edvel de seguran\u00e7a do ambiente, dificultando e evitando roubos e furtos, com simplicidade na instala\u00e7\u00e3o e sem contar com um \u00f3timo acabamento e perfeito custo-benef\u00edcio.<\/p>\n<p>CARACTER\u00cdSTICAS<br \/>\nO Espelho Convexo Vision fabricado com material de alta qualidade, possui acabamento em alum\u00ednio, com bordas emborrachadas, o que garante maior durabilidade do produto. A base \u00e9 feita em alum\u00ednio sem emenda, com vidro cristal de 2MM, a esfera \u00e9 pl\u00e1stica, com suporte em a\u00e7o galvanizado. \u00d8 500mm<\/span><\/p>\n","protected":false},"featured_media":25137,"template":"","meta":{"_joinchat":[]},"product_brand":[],"product_cat":[161],"product_tag":[],"class_list":{"0":"post-21318","1":"product","2":"type-product","3":"status-publish","4":"has-post-thumbnail","6":"product_cat-seguranca","8":"first","9":"instock","10":"shipping-taxable","11":"purchasable","12":"product-type-simple"},"_links":{"self":[{"href":"https:\/\/www.multicasa.com.br\/inicio\/wp-json\/wp\/v2\/product\/21318","targetHints":{"allow":["GET"]}}],"collection":[{"href":"https:\/\/www.multicasa.com.br\/inicio\/wp-json\/wp\/v2\/product"}],"about":[{"href":"https:\/\/www.multicasa.com.br\/inicio\/wp-json\/wp\/v2\/types\/product"}],"wp:featuredmedia":[{"embeddable":true,"href":"https:\/\/www.multicasa.com.br\/inicio\/wp-json\/wp\/v2\/media\/25137"}],"wp:attachment":[{"href":"https:\/\/www.multicasa.com.br\/inicio\/wp-json\/wp\/v2\/media?parent=21318"}],"wp:term":[{"taxonomy":"product_brand","embeddable":true,"href":"https:\/\/www.multicasa.com.br\/inicio\/wp-json\/wp\/v2\/product_brand?post=21318"},{"taxonomy":"product_cat","embeddable":true,"href":"https:\/\/www.multicasa.com.br\/inicio\/wp-json\/wp\/v2\/product_cat?post=21318"},{"taxonomy":"product_tag","embeddable":true,"href":"https:\/\/www.multicasa.com.br\/inicio\/wp-json\/wp\/v2\/product_tag?post=21318"}],"curies":[{"name":"wp","href":"https:\/\/api.w.org\/{rel}","templated":true}]}}