{"id":21338,"date":"2025-06-20T20:17:34","date_gmt":"2025-06-21T00:17:34","guid":{"rendered":"https:\/\/www.multicasa.com.br\/inicio\/?post_type=product&#038;p=21338"},"modified":"2025-06-20T20:18:38","modified_gmt":"2025-06-21T00:18:38","slug":"suporte-para-filtro-de-cafe-em-plastico-preto-plasutil-700ml","status":"publish","type":"product","link":"https:\/\/www.multicasa.com.br\/inicio\/produto\/suporte-para-filtro-de-cafe-em-plastico-preto-plasutil-700ml\/","title":{"rendered":"Suporte para Filtro de Caf\u00e9 em Pl\u00e1stico Preto Plas\u00fatil 700ml"},"content":{"rendered":"<p>Use o Suporte para Filtro de Caf\u00e9 em Pl\u00e1stico da Plas\u00fatil para passar at\u00e9 700ml de caf\u00e9. Dispon\u00edvel na cor preto e feito de material resistente, \u00e9 ideal para usar com filtros de papel. A hora do seu caf\u00e9 com mais praticidade e sabor.<\/p>\n","protected":false},"excerpt":{"rendered":"<h4 style=\"margin: 0px;padding: 0px 0px 16px;font-family: Lato, sans-serif;font-weight: bold;line-height: 3rem;color: var(--dark-grey3);font-size: 22px;font-style: normal;letter-spacing: normal;text-align: start;text-indent: 0px;text-transform: none\">Informa\u00e7\u00f5es t\u00e9cnicas<\/h4>\n<p><span style=\"margin: 0px;padding: 0px;font-weight: 450;font-size: 14px;line-height: 21px;color: var(--dark-grey2);font-family: Lato, sans-serif;font-style: normal;letter-spacing: normal;text-align: start;text-indent: 0px;text-transform: none\">Produto: Suporte para Filtro de Caf\u00e9<br \/>\nMarca: Plas\u00fatil<br \/>\nMaterial: Pl\u00e1stico<br \/>\nCor: Preto<br \/>\nCapacidade: 700ml<br \/>\nCaracter\u00edsticas: Para ser usado com filtro de papel<br \/>\nItens inclusos: 1 Suporte para filtro de caf\u00e9<br \/>\nDimens\u00f5es do produto (A x L x P): 13,6 x 15 x 13,5cm<\/span><\/p>\n","protected":false},"featured_media":21403,"template":"","meta":{"_joinchat":[]},"product_brand":[],"product_cat":[93],"product_tag":[],"class_list":{"0":"post-21338","1":"product","2":"type-product","3":"status-publish","4":"has-post-thumbnail","6":"product_cat-utensilios-para-cozinha","8":"first","9":"outofstock","10":"shipping-taxable","11":"product-type-simple"},"_links":{"self":[{"href":"https:\/\/www.multicasa.com.br\/inicio\/wp-json\/wp\/v2\/product\/21338","targetHints":{"allow":["GET"]}}],"collection":[{"href":"https:\/\/www.multicasa.com.br\/inicio\/wp-json\/wp\/v2\/product"}],"about":[{"href":"https:\/\/www.multicasa.com.br\/inicio\/wp-json\/wp\/v2\/types\/product"}],"wp:featuredmedia":[{"embeddable":true,"href":"https:\/\/www.multicasa.com.br\/inicio\/wp-json\/wp\/v2\/media\/21403"}],"wp:attachment":[{"href":"https:\/\/www.multicasa.com.br\/inicio\/wp-json\/wp\/v2\/media?parent=21338"}],"wp:term":[{"taxonomy":"product_brand","embeddable":true,"href":"https:\/\/www.multicasa.com.br\/inicio\/wp-json\/wp\/v2\/product_brand?post=21338"},{"taxonomy":"product_cat","embeddable":true,"href":"https:\/\/www.multicasa.com.br\/inicio\/wp-json\/wp\/v2\/product_cat?post=21338"},{"taxonomy":"product_tag","embeddable":true,"href":"https:\/\/www.multicasa.com.br\/inicio\/wp-json\/wp\/v2\/product_tag?post=21338"}],"curies":[{"name":"wp","href":"https:\/\/api.w.org\/{rel}","templated":true}]}}