{"id":21361,"date":"2025-06-20T20:17:58","date_gmt":"2025-06-21T00:17:58","guid":{"rendered":"https:\/\/www.multicasa.com.br\/inicio\/?post_type=product&#038;p=21361"},"modified":"2025-06-20T20:18:52","modified_gmt":"2025-06-21T00:18:52","slug":"descascador-de-legumes-em-plastico-verde-8-em-1-jlk","status":"publish","type":"product","link":"https:\/\/www.multicasa.com.br\/inicio\/produto\/descascador-de-legumes-em-plastico-verde-8-em-1-jlk\/","title":{"rendered":"Descascador de Legumes em Pl\u00e1stico Verde 8 em 1 JLK"},"content":{"rendered":"<p>Pr\u00e1tico e exclusivo, o Descascador de Legumes em Pl\u00e1stico 8 em 1 da JLK rala, descasca, descama, recorta o miolo dos legumes e frutas, recorta e solta as cascas, decora e corta em zig zag. Suas dimens\u00f5es de 14,5 x 3,9 x 1,5 cm facilitam na hora de guardar e seus materiais s\u00e3o f\u00e1ceis de higienizar. Otimiza\u00e7\u00e3o e praticidade para voc\u00ea.<\/p>\n","protected":false},"excerpt":{"rendered":"<h4 style=\"margin: 0px;padding: 0px 0px 16px;font-family: Lato, sans-serif;font-weight: bold;line-height: 3rem;color: var(--dark-grey3);font-size: 22px;font-style: normal;letter-spacing: normal;text-align: start;text-indent: 0px;text-transform: none\">Informa\u00e7\u00f5es t\u00e9cnicas<\/h4>\n<p><span style=\"margin: 0px;padding: 0px;font-weight: 450;font-size: 14px;line-height: 21px;color: var(--dark-grey2);font-family: Lato, sans-serif;font-style: normal;letter-spacing: normal;text-align: start;text-indent: 0px;text-transform: none\">Produto: Descascador de Legumes<br \/>\nMarca: JLK<br \/>\nMaterial: Pl\u00e1stico e metal<br \/>\nCor: Verde<br \/>\nCaracter\u00edstica: 8 em 1<br \/>\nItens inclusos: 1 descascador de legumes<br \/>\nDimens\u00f5es do produto (A x L x P): 1,5 x 14,5 x 3,9cm<\/span><\/p>\n","protected":false},"featured_media":21422,"template":"","meta":{"_joinchat":[]},"product_brand":[],"product_cat":[93],"product_tag":[],"class_list":{"0":"post-21361","1":"product","2":"type-product","3":"status-publish","4":"has-post-thumbnail","6":"product_cat-utensilios-para-cozinha","8":"first","9":"outofstock","10":"shipping-taxable","11":"product-type-simple"},"_links":{"self":[{"href":"https:\/\/www.multicasa.com.br\/inicio\/wp-json\/wp\/v2\/product\/21361","targetHints":{"allow":["GET"]}}],"collection":[{"href":"https:\/\/www.multicasa.com.br\/inicio\/wp-json\/wp\/v2\/product"}],"about":[{"href":"https:\/\/www.multicasa.com.br\/inicio\/wp-json\/wp\/v2\/types\/product"}],"wp:featuredmedia":[{"embeddable":true,"href":"https:\/\/www.multicasa.com.br\/inicio\/wp-json\/wp\/v2\/media\/21422"}],"wp:attachment":[{"href":"https:\/\/www.multicasa.com.br\/inicio\/wp-json\/wp\/v2\/media?parent=21361"}],"wp:term":[{"taxonomy":"product_brand","embeddable":true,"href":"https:\/\/www.multicasa.com.br\/inicio\/wp-json\/wp\/v2\/product_brand?post=21361"},{"taxonomy":"product_cat","embeddable":true,"href":"https:\/\/www.multicasa.com.br\/inicio\/wp-json\/wp\/v2\/product_cat?post=21361"},{"taxonomy":"product_tag","embeddable":true,"href":"https:\/\/www.multicasa.com.br\/inicio\/wp-json\/wp\/v2\/product_tag?post=21361"}],"curies":[{"name":"wp","href":"https:\/\/api.w.org\/{rel}","templated":true}]}}