{"id":21364,"date":"2025-06-20T20:17:58","date_gmt":"2025-06-21T00:17:58","guid":{"rendered":"https:\/\/www.multicasa.com.br\/inicio\/?post_type=product&#038;p=21364"},"modified":"2025-06-20T20:18:59","modified_gmt":"2025-06-21T00:18:59","slug":"porta-rolos-papel-toalha-roll-up-plastico-branco-maxroll-3-rolos","status":"publish","type":"product","link":"https:\/\/www.multicasa.com.br\/inicio\/produto\/porta-rolos-papel-toalha-roll-up-plastico-branco-maxroll-3-rolos\/","title":{"rendered":"Porta Rolos Papel Toalha Roll Up Pl\u00e1stico Branco MaxRoll 3 rolos"},"content":{"rendered":"<p>O Porta Rolos Roll Up MaxRoll \u00e9 pr\u00e1tico e \u00fatil, ideal para otimizar espa\u00e7o na sua cozinha. Suporta rolos de filme PVC, folhas de alum\u00ednio e papel toalha. Confeccionado em pl\u00e1stico branco super resistente, possui cortadores independentes para rolo PVC e alum\u00ednio. Corta com f\u00e1cilidade, podendo ser fixado na parede e regulado de acordo com o rolo.<\/p>\n","protected":false},"excerpt":{"rendered":"<h4 style=\"margin: 0px;padding: 0px 0px 16px;font-family: Lato, sans-serif;font-weight: bold;line-height: 3rem;color: var(--dark-grey3);font-size: 22px;font-style: normal;letter-spacing: normal;text-align: start;text-indent: 0px;text-transform: none\">Informa\u00e7\u00f5es t\u00e9cnicas<\/h4>\n<p><span style=\"margin: 0px;padding: 0px;font-weight: 450;font-size: 14px;line-height: 21px;color: var(--dark-grey2);font-family: Lato, sans-serif;font-style: normal;letter-spacing: normal;text-align: start;text-indent: 0px;text-transform: none\">Produto: Porta rolos<br \/>\nMarca: Maxroll<br \/>\nMaterial: Pl\u00e1stico<br \/>\nCor: Branco<br \/>\nCaracter\u00edsticas: Suporte regul\u00e1vel para papel toalha.<br \/>\nSuporte regul\u00e1vel para papel aluminio<br \/>\nSuporte regul\u00e1vel para pl\u00e1stico filme de pvc<br \/>\nAcompanha parafusos e buchas<br \/>\nItens Inclusos: 1 porta rolos<br \/>\nDimens\u00f5es do produto (A X L X P): 21,5 x 10 x 35cm<\/span><\/p>\n","protected":false},"featured_media":21423,"template":"","meta":{"_joinchat":[]},"product_brand":[],"product_cat":[93],"product_tag":[],"class_list":{"0":"post-21364","1":"product","2":"type-product","3":"status-publish","4":"has-post-thumbnail","6":"product_cat-utensilios-para-cozinha","8":"first","9":"outofstock","10":"shipping-taxable","11":"product-type-simple"},"_links":{"self":[{"href":"https:\/\/www.multicasa.com.br\/inicio\/wp-json\/wp\/v2\/product\/21364","targetHints":{"allow":["GET"]}}],"collection":[{"href":"https:\/\/www.multicasa.com.br\/inicio\/wp-json\/wp\/v2\/product"}],"about":[{"href":"https:\/\/www.multicasa.com.br\/inicio\/wp-json\/wp\/v2\/types\/product"}],"wp:featuredmedia":[{"embeddable":true,"href":"https:\/\/www.multicasa.com.br\/inicio\/wp-json\/wp\/v2\/media\/21423"}],"wp:attachment":[{"href":"https:\/\/www.multicasa.com.br\/inicio\/wp-json\/wp\/v2\/media?parent=21364"}],"wp:term":[{"taxonomy":"product_brand","embeddable":true,"href":"https:\/\/www.multicasa.com.br\/inicio\/wp-json\/wp\/v2\/product_brand?post=21364"},{"taxonomy":"product_cat","embeddable":true,"href":"https:\/\/www.multicasa.com.br\/inicio\/wp-json\/wp\/v2\/product_cat?post=21364"},{"taxonomy":"product_tag","embeddable":true,"href":"https:\/\/www.multicasa.com.br\/inicio\/wp-json\/wp\/v2\/product_tag?post=21364"}],"curies":[{"name":"wp","href":"https:\/\/api.w.org\/{rel}","templated":true}]}}