{"id":21367,"date":"2025-06-20T20:17:59","date_gmt":"2025-06-21T00:17:59","guid":{"rendered":"https:\/\/www.multicasa.com.br\/inicio\/?post_type=product&#038;p=21367"},"modified":"2025-12-16T19:13:14","modified_gmt":"2025-12-16T23:13:14","slug":"copo-americano-nadir-190ml","status":"publish","type":"product","link":"https:\/\/www.multicasa.com.br\/inicio\/produto\/copo-americano-nadir-190ml\/","title":{"rendered":"Copo Americano Nadir 190ml"},"content":{"rendered":"<p>O Copo Americano \u00e9 ideal para servir \u00e1gua, sucos, caf\u00e9 com leite e outras bebidas para fam\u00edlia e amigos. Perfeito para ter em casa, bares e lanchonetes e outros estabelecimentos, pode ser colocado \u00e0 mesa em ocasi\u00f5es especiais ou no dia-a-dia. Feito em vidro resistente e pr\u00e1tico, \u00e9 simples de ser higienizado e tem capacidade de 190ml.<\/p>\n","protected":false},"excerpt":{"rendered":"<h4 style=\"margin: 0px;padding: 0px 0px 16px;font-family: Lato, sans-serif;font-weight: bold;line-height: 3rem;color: var(--dark-grey3);font-size: 22px;font-style: normal;letter-spacing: normal;text-align: start;text-indent: 0px;text-transform: none\">Informa\u00e7\u00f5es t\u00e9cnicas<\/h4>\n<p><span style=\"margin: 0px;padding: 0px;font-weight: 450;font-size: 14px;line-height: 21px;color: var(--dark-grey2);font-family: Lato, sans-serif;font-style: normal;letter-spacing: normal;text-align: start;text-indent: 0px;text-transform: none\">Produto: Copo Americano<br \/>\nMarca: Nadir<br \/>\nMaterial: Vidro<br \/>\nCor: incolor<br \/>\nCapacidade: 190ml<br \/>\nItens inclusos: 1 copo americano<br \/>\nDimens\u00f5es do produto (A x L): 9 x 7cm<\/span><\/p>\n","protected":false},"featured_media":21446,"template":"","meta":{"_joinchat":[]},"product_brand":[],"product_cat":[93],"product_tag":[],"class_list":{"0":"post-21367","1":"product","2":"type-product","3":"status-publish","4":"has-post-thumbnail","6":"product_cat-utensilios-para-cozinha","8":"first","9":"outofstock","10":"shipping-taxable","11":"product-type-simple"},"_links":{"self":[{"href":"https:\/\/www.multicasa.com.br\/inicio\/wp-json\/wp\/v2\/product\/21367","targetHints":{"allow":["GET"]}}],"collection":[{"href":"https:\/\/www.multicasa.com.br\/inicio\/wp-json\/wp\/v2\/product"}],"about":[{"href":"https:\/\/www.multicasa.com.br\/inicio\/wp-json\/wp\/v2\/types\/product"}],"wp:featuredmedia":[{"embeddable":true,"href":"https:\/\/www.multicasa.com.br\/inicio\/wp-json\/wp\/v2\/media\/21446"}],"wp:attachment":[{"href":"https:\/\/www.multicasa.com.br\/inicio\/wp-json\/wp\/v2\/media?parent=21367"}],"wp:term":[{"taxonomy":"product_brand","embeddable":true,"href":"https:\/\/www.multicasa.com.br\/inicio\/wp-json\/wp\/v2\/product_brand?post=21367"},{"taxonomy":"product_cat","embeddable":true,"href":"https:\/\/www.multicasa.com.br\/inicio\/wp-json\/wp\/v2\/product_cat?post=21367"},{"taxonomy":"product_tag","embeddable":true,"href":"https:\/\/www.multicasa.com.br\/inicio\/wp-json\/wp\/v2\/product_tag?post=21367"}],"curies":[{"name":"wp","href":"https:\/\/api.w.org\/{rel}","templated":true}]}}