{"id":21385,"date":"2025-06-20T20:18:21","date_gmt":"2025-06-21T00:18:21","guid":{"rendered":"https:\/\/www.multicasa.com.br\/inicio\/?post_type=product&#038;p=21385"},"modified":"2025-08-18T03:24:28","modified_gmt":"2025-08-18T07:24:28","slug":"suporte-de-encaixe-para-8-xicaras-aco-arthi","status":"publish","type":"product","link":"https:\/\/www.multicasa.com.br\/inicio\/produto\/suporte-de-encaixe-para-8-xicaras-aco-arthi\/","title":{"rendered":"Suporte de Encaixe para 8 X\u00edcaras A\u00e7o Arthi"},"content":{"rendered":"<p>O Suporte de Encaixe para X\u00edcaras Arthi \u00e9 produzido em a\u00e7o cromado resistente e tem hastes que n\u00e3o dobram para 8 x\u00edcaras suspensas. \u00c9 ideal para fixar em prateleiras e paredes, deixando as x\u00edcaras vis\u00edveis e seguras.<\/p>\n","protected":false},"excerpt":{"rendered":"<h4 style=\"margin: 0px;padding: 0px 0px 16px;font-family: Lato, sans-serif;font-weight: bold;line-height: 3rem;color: var(--dark-grey3);font-size: 22px;font-style: normal;letter-spacing: normal;text-align: start;text-indent: 0px;text-transform: none\">Informa\u00e7\u00f5es t\u00e9cnicas<\/h4>\n<p><span style=\"margin: 0px;padding: 0px;font-weight: 450;font-size: 14px;line-height: 21px;color: var(--dark-grey2);font-family: Lato, sans-serif;font-style: normal;letter-spacing: normal;text-align: start;text-indent: 0px;text-transform: none\">Produto: Suporte para x\u00edcaras<br \/>\nMarca: Arthi<br \/>\nMaterial: A\u00e7o<br \/>\nAcabamento: Cromado<br \/>\nCor: Prata<br \/>\nCapacidade: 8 x\u00edcaras<br \/>\nItens Inclusos: 1 suporte para x\u00edcaras<br \/>\nDimens\u00f5es do produto (A X L X C): 5,8 x 11,5 x 27,8cm<\/span><\/p>\n","protected":false},"featured_media":21459,"template":"","meta":{"_joinchat":[]},"product_brand":[],"product_cat":[93],"product_tag":[],"class_list":{"0":"post-21385","1":"product","2":"type-product","3":"status-publish","4":"has-post-thumbnail","6":"product_cat-utensilios-para-cozinha","8":"first","9":"instock","10":"shipping-taxable","11":"purchasable","12":"product-type-simple"},"_links":{"self":[{"href":"https:\/\/www.multicasa.com.br\/inicio\/wp-json\/wp\/v2\/product\/21385","targetHints":{"allow":["GET"]}}],"collection":[{"href":"https:\/\/www.multicasa.com.br\/inicio\/wp-json\/wp\/v2\/product"}],"about":[{"href":"https:\/\/www.multicasa.com.br\/inicio\/wp-json\/wp\/v2\/types\/product"}],"wp:featuredmedia":[{"embeddable":true,"href":"https:\/\/www.multicasa.com.br\/inicio\/wp-json\/wp\/v2\/media\/21459"}],"wp:attachment":[{"href":"https:\/\/www.multicasa.com.br\/inicio\/wp-json\/wp\/v2\/media?parent=21385"}],"wp:term":[{"taxonomy":"product_brand","embeddable":true,"href":"https:\/\/www.multicasa.com.br\/inicio\/wp-json\/wp\/v2\/product_brand?post=21385"},{"taxonomy":"product_cat","embeddable":true,"href":"https:\/\/www.multicasa.com.br\/inicio\/wp-json\/wp\/v2\/product_cat?post=21385"},{"taxonomy":"product_tag","embeddable":true,"href":"https:\/\/www.multicasa.com.br\/inicio\/wp-json\/wp\/v2\/product_tag?post=21385"}],"curies":[{"name":"wp","href":"https:\/\/api.w.org\/{rel}","templated":true}]}}