{"id":21386,"date":"2025-06-20T20:18:21","date_gmt":"2025-06-21T00:18:21","guid":{"rendered":"https:\/\/www.multicasa.com.br\/inicio\/?post_type=product&#038;p=21386"},"modified":"2025-12-16T19:13:19","modified_gmt":"2025-12-16T23:13:19","slug":"copo-medidor-de-cristal-com-base-emborrachada-arthi-500ml","status":"publish","type":"product","link":"https:\/\/www.multicasa.com.br\/inicio\/produto\/copo-medidor-de-cristal-com-base-emborrachada-arthi-500ml\/","title":{"rendered":"Copo Medidor de Cristal com Base Emborrachada Arthi 500ml"},"content":{"rendered":"<p>Copo Medidor para medi\u00e7\u00e3o de mililitros, x\u00edcaras, arroz, farinha, a\u00e7\u00facar. Confeccionado em cristal, tem base emborrachada para evitar acidentes, capacidade m\u00e1xima de 500ml e bico para melhor escoamento do conte\u00fado Ideal para porcionar corretamente a quantidade de ingredientes das suas receitas.<\/p>\n","protected":false},"excerpt":{"rendered":"<h4 style=\"margin: 0px;padding: 0px 0px 16px;font-family: Lato, sans-serif;font-weight: bold;line-height: 3rem;color: var(--dark-grey3);font-size: 22px;font-style: normal;letter-spacing: normal;text-align: start;text-indent: 0px;text-transform: none\">Informa\u00e7\u00f5es t\u00e9cnicas<\/h4>\n<p><span style=\"margin: 0px;padding: 0px;font-weight: 450;font-size: 14px;line-height: 21px;color: var(--dark-grey2);font-family: Lato, sans-serif;font-style: normal;letter-spacing: normal;text-align: start;text-indent: 0px;text-transform: none\">Produto: Copo Medidor<br \/>\nMarca: Arthi<br \/>\nMaterial: Cristal<br \/>\nCor: incolor, azul<br \/>\nCapacidade: 500ml<br \/>\nItens inclusos: 1 copo medidor<br \/>\nDimens\u00f5es do produto (A x L x P): 14,7cm x 9,8cm x 8,7cm<\/span><\/p>\n","protected":false},"featured_media":21461,"template":"","meta":{"_joinchat":[]},"product_brand":[],"product_cat":[93],"product_tag":[],"class_list":{"0":"post-21386","1":"product","2":"type-product","3":"status-publish","4":"has-post-thumbnail","6":"product_cat-utensilios-para-cozinha","8":"first","9":"outofstock","10":"shipping-taxable","11":"purchasable","12":"product-type-simple"},"_links":{"self":[{"href":"https:\/\/www.multicasa.com.br\/inicio\/wp-json\/wp\/v2\/product\/21386","targetHints":{"allow":["GET"]}}],"collection":[{"href":"https:\/\/www.multicasa.com.br\/inicio\/wp-json\/wp\/v2\/product"}],"about":[{"href":"https:\/\/www.multicasa.com.br\/inicio\/wp-json\/wp\/v2\/types\/product"}],"wp:featuredmedia":[{"embeddable":true,"href":"https:\/\/www.multicasa.com.br\/inicio\/wp-json\/wp\/v2\/media\/21461"}],"wp:attachment":[{"href":"https:\/\/www.multicasa.com.br\/inicio\/wp-json\/wp\/v2\/media?parent=21386"}],"wp:term":[{"taxonomy":"product_brand","embeddable":true,"href":"https:\/\/www.multicasa.com.br\/inicio\/wp-json\/wp\/v2\/product_brand?post=21386"},{"taxonomy":"product_cat","embeddable":true,"href":"https:\/\/www.multicasa.com.br\/inicio\/wp-json\/wp\/v2\/product_cat?post=21386"},{"taxonomy":"product_tag","embeddable":true,"href":"https:\/\/www.multicasa.com.br\/inicio\/wp-json\/wp\/v2\/product_tag?post=21386"}],"curies":[{"name":"wp","href":"https:\/\/api.w.org\/{rel}","templated":true}]}}