{"id":21387,"date":"2025-06-20T20:18:21","date_gmt":"2025-06-21T00:18:21","guid":{"rendered":"https:\/\/www.multicasa.com.br\/inicio\/?post_type=product&#038;p=21387"},"modified":"2025-12-16T19:13:23","modified_gmt":"2025-12-16T23:13:23","slug":"suporte-para-galao-garrafao-de-agua-com-torneira-bella-bica-branco-azul-cobrirel","status":"publish","type":"product","link":"https:\/\/www.multicasa.com.br\/inicio\/produto\/suporte-para-galao-garrafao-de-agua-com-torneira-bella-bica-branco-azul-cobrirel\/","title":{"rendered":"Suporte para Gal\u00e3o Garraf\u00e3o de \u00c1gua com Torneira Bella Bica Branco\/Azul Cobrirel"},"content":{"rendered":"<p>Suporte para Gal\u00e3o Garraf\u00e3o de \u00c1gua com Torneira Bella Bica Branco\/Azul Cobrirel. Com o Suporte para Garraf\u00e3o de \u00c1gua Bella Bica Cobrirel voc\u00ea n\u00e3o tem desperd\u00edcio de \u00e1gua. Confeccionado em pl\u00e1stico na cor azul e branco, super resistente ele \u00e9 compat\u00edvel com gal\u00f5es de 10 e 20 litros. Acompanha bico de torneira para facilitar o uso.<\/p>\n","protected":false},"excerpt":{"rendered":"<h4 style=\"margin: 0px;padding: 0px 0px 16px;font-family: Lato, sans-serif;font-weight: bold;line-height: 3rem;color: var(--dark-grey3);font-size: 22px;font-style: normal;letter-spacing: normal;text-align: start;text-indent: 0px;text-transform: none\">Informa\u00e7\u00f5es t\u00e9cnicas<\/h4>\n<p><span style=\"margin: 0px;padding: 0px;font-weight: 450;font-size: 14px;line-height: 21px;color: var(--dark-grey2);font-family: Lato, sans-serif;font-style: normal;letter-spacing: normal;text-align: start;text-indent: 0px;text-transform: none\">Produto: Suporte para gal\u00e3o<br \/>\nMarca: Cobrirel<br \/>\nMaterial: Pl\u00e1stico<br \/>\nCor: Branco e azul<br \/>\nCaracter\u00edsticas: Compat\u00edvel com gal\u00f5es de 10 e 20L<br \/>\nAcompanha bico torneira<br \/>\nItens Inclusos: 1 suporte para gal\u00e3o<br \/>\nDimens\u00f5es do produto (A X L): 30,5 x 30cm<\/span><\/p>\n","protected":false},"featured_media":21468,"template":"","meta":{"_joinchat":[]},"product_brand":[],"product_cat":[93],"product_tag":[],"class_list":{"0":"post-21387","1":"product","2":"type-product","3":"status-publish","4":"has-post-thumbnail","6":"product_cat-utensilios-para-cozinha","8":"first","9":"outofstock","10":"shipping-taxable","11":"product-type-simple"},"_links":{"self":[{"href":"https:\/\/www.multicasa.com.br\/inicio\/wp-json\/wp\/v2\/product\/21387","targetHints":{"allow":["GET"]}}],"collection":[{"href":"https:\/\/www.multicasa.com.br\/inicio\/wp-json\/wp\/v2\/product"}],"about":[{"href":"https:\/\/www.multicasa.com.br\/inicio\/wp-json\/wp\/v2\/types\/product"}],"wp:featuredmedia":[{"embeddable":true,"href":"https:\/\/www.multicasa.com.br\/inicio\/wp-json\/wp\/v2\/media\/21468"}],"wp:attachment":[{"href":"https:\/\/www.multicasa.com.br\/inicio\/wp-json\/wp\/v2\/media?parent=21387"}],"wp:term":[{"taxonomy":"product_brand","embeddable":true,"href":"https:\/\/www.multicasa.com.br\/inicio\/wp-json\/wp\/v2\/product_brand?post=21387"},{"taxonomy":"product_cat","embeddable":true,"href":"https:\/\/www.multicasa.com.br\/inicio\/wp-json\/wp\/v2\/product_cat?post=21387"},{"taxonomy":"product_tag","embeddable":true,"href":"https:\/\/www.multicasa.com.br\/inicio\/wp-json\/wp\/v2\/product_tag?post=21387"}],"curies":[{"name":"wp","href":"https:\/\/api.w.org\/{rel}","templated":true}]}}