{"id":21389,"date":"2025-06-20T20:18:22","date_gmt":"2025-06-21T00:18:22","guid":{"rendered":"https:\/\/www.multicasa.com.br\/inicio\/?post_type=product&#038;p=21389"},"modified":"2025-12-16T19:13:34","modified_gmt":"2025-12-16T23:13:34","slug":"silicone-acetico-transparente-tekbond-50g","status":"publish","type":"product","link":"https:\/\/www.multicasa.com.br\/inicio\/produto\/silicone-acetico-transparente-tekbond-50g\/","title":{"rendered":"Silicone Ac\u00e9tico Transparente Tekbond 50g"},"content":{"rendered":"<p>Pr\u00e1tico e vers\u00e1til, o Silicone Ac\u00e9tico Transparente Tekbond 50g \u00e9 um produto de uso geral, muito utilizado na constru\u00e7\u00e3o civil na veda\u00e7\u00e3o e selagem de pias e vasos sanit\u00e1rios, box em banheiros, portas, janelas, superf\u00edcies vitrificadas e alum\u00ednio, al\u00e9m de poder ser aplicado em \u00e1reas externas. O silicone Tekbond age como um adesivo selante anti-fungo e de cura ac\u00e9tica que ocorre em temperatura ambiente e na exposi\u00e7\u00e3o a umidade do ar, resistindo \u00e0 temperaturas de at\u00e9 150\u00b0C. \u00c9 transparente, flex\u00edvel e sua secagem varia conforme o de forma\u00e7\u00e3o de pel\u00edcula, variando entre 5 e 15 minutos. Seguro, n\u00e3o \u00e9 inflam\u00e1vel, resiste a elementos oleosos e funciona de forma eficiente em ambientes \u00famidos. Possui baixo n\u00edvel de deforma\u00e7\u00e3o entre os mais diversos materiais com diferentes coeficientes de expans\u00e3o.<\/p>\n","protected":false},"excerpt":{"rendered":"<h4 style=\"margin: 0px;padding: 0px 0px 16px;font-family: Lato, sans-serif;font-weight: bold;line-height: 3rem;color: var(--dark-grey3);font-size: 22px;font-style: normal;letter-spacing: normal;text-align: start;text-indent: 0px;text-transform: none\">Informa\u00e7\u00f5es t\u00e9cnicas<\/h4>\n<p><span style=\"margin: 0px;padding: 0px;font-weight: 450;font-size: 14px;line-height: 21px;color: var(--dark-grey2);font-family: Lato, sans-serif;font-style: normal;letter-spacing: normal;text-align: start;text-indent: 0px;text-transform: none\">Produto: Silicone L\u00edquido<br \/>\nMarca: Tekbond<br \/>\nComposi\u00e7\u00e3o: Selante \u00e0 base de silicone de cura \u00e1cida; adesivo \u00e0 base de pol\u00edmero de silicone<br \/>\nCor: Branco<br \/>\nConte\u00fado: 50g<br \/>\nCaracter\u00edsticas: n\u00e3o deixa proliferar fungos; f\u00e1cil aplica\u00e7\u00e3o; resiste \u00e0 temperatura de at\u00e9 150\u00b0c, recomenda-se testar antes de usar; n\u00e3o inflam\u00e1vel; c; seca r\u00e1pido<br \/>\nItens Inclusos: 1 Silicone L\u00edquido<\/span><\/p>\n","protected":false},"featured_media":21471,"template":"","meta":{"_joinchat":[]},"product_brand":[],"product_cat":[162],"product_tag":[],"class_list":{"0":"post-21389","1":"product","2":"type-product","3":"status-publish","4":"has-post-thumbnail","6":"product_cat-colas-e-cia","8":"first","9":"outofstock","10":"shipping-taxable","11":"purchasable","12":"product-type-simple"},"_links":{"self":[{"href":"https:\/\/www.multicasa.com.br\/inicio\/wp-json\/wp\/v2\/product\/21389","targetHints":{"allow":["GET"]}}],"collection":[{"href":"https:\/\/www.multicasa.com.br\/inicio\/wp-json\/wp\/v2\/product"}],"about":[{"href":"https:\/\/www.multicasa.com.br\/inicio\/wp-json\/wp\/v2\/types\/product"}],"wp:featuredmedia":[{"embeddable":true,"href":"https:\/\/www.multicasa.com.br\/inicio\/wp-json\/wp\/v2\/media\/21471"}],"wp:attachment":[{"href":"https:\/\/www.multicasa.com.br\/inicio\/wp-json\/wp\/v2\/media?parent=21389"}],"wp:term":[{"taxonomy":"product_brand","embeddable":true,"href":"https:\/\/www.multicasa.com.br\/inicio\/wp-json\/wp\/v2\/product_brand?post=21389"},{"taxonomy":"product_cat","embeddable":true,"href":"https:\/\/www.multicasa.com.br\/inicio\/wp-json\/wp\/v2\/product_cat?post=21389"},{"taxonomy":"product_tag","embeddable":true,"href":"https:\/\/www.multicasa.com.br\/inicio\/wp-json\/wp\/v2\/product_tag?post=21389"}],"curies":[{"name":"wp","href":"https:\/\/api.w.org\/{rel}","templated":true}]}}