{"id":21408,"date":"2025-06-20T20:18:44","date_gmt":"2025-06-21T00:18:44","guid":{"rendered":"https:\/\/www.multicasa.com.br\/inicio\/?post_type=product&#038;p=21408"},"modified":"2025-08-17T19:11:34","modified_gmt":"2025-08-17T23:11:34","slug":"kit-confeiteiro-com-saco-e-bico-decorador-decor-util-11-pecas","status":"publish","type":"product","link":"https:\/\/www.multicasa.com.br\/inicio\/produto\/kit-confeiteiro-com-saco-e-bico-decorador-decor-util-11-pecas\/","title":{"rendered":"Kit Confeiteiro com Saco e Bico Decorador Decor-\u00fatil 11 Pe\u00e7as"},"content":{"rendered":"<p>O Kit Confeiteiro com Saco e Bico Decorador Decor-\u00fatil \u00e9 produzido em material resistente e lav\u00e1vel. O jogo conta com: um anel de encaixe para os bicos, uma bisnaga em gomos com \u00eambolo e nove bicos para decorar e injetar recheios em p\u00e3es de queijo, bolos, bolinhos e etc.<\/p>\n","protected":false},"excerpt":{"rendered":"<h4 style=\"margin: 0px;padding: 0px 0px 16px;font-family: Lato, sans-serif;font-weight: bold;line-height: 3rem;color: var(--dark-grey3);font-size: 22px;font-style: normal;letter-spacing: normal;text-align: start;text-indent: 0px;text-transform: none\">Informa\u00e7\u00f5es t\u00e9cnicas<\/h4>\n<p><span style=\"margin: 0px;padding: 0px;font-weight: 450;font-size: 14px;line-height: 21px;color: var(--dark-grey2);font-family: Lato, sans-serif;font-style: normal;letter-spacing: normal;text-align: start;text-indent: 0px;text-transform: none\">Produto: Kit Confeiteiro<br \/>\nMarca: Decor-\u00datil<br \/>\nMaterial: Pl\u00e1stico<br \/>\nCor: Branco, amarelo<br \/>\nUso indicado: Confeitar e fazer detalhes em bolos e doces<br \/>\nQuantidade de pe\u00e7as: 11<br \/>\nItens Inclusos: 1 anel de encaixe para bicos<br \/>\n1 bisnaga em gomos com \u00eambolo injetor<br \/>\n9 bicos<br \/>\nDimens\u00f5es do produto (A x L): 35 x 22cm<\/span><\/p>\n","protected":false},"featured_media":21479,"template":"","meta":{"_joinchat":[]},"product_brand":[],"product_cat":[93],"product_tag":[],"class_list":{"0":"post-21408","1":"product","2":"type-product","3":"status-publish","4":"has-post-thumbnail","6":"product_cat-utensilios-para-cozinha","8":"first","9":"outofstock","10":"shipping-taxable","11":"purchasable","12":"product-type-simple"},"_links":{"self":[{"href":"https:\/\/www.multicasa.com.br\/inicio\/wp-json\/wp\/v2\/product\/21408","targetHints":{"allow":["GET"]}}],"collection":[{"href":"https:\/\/www.multicasa.com.br\/inicio\/wp-json\/wp\/v2\/product"}],"about":[{"href":"https:\/\/www.multicasa.com.br\/inicio\/wp-json\/wp\/v2\/types\/product"}],"wp:featuredmedia":[{"embeddable":true,"href":"https:\/\/www.multicasa.com.br\/inicio\/wp-json\/wp\/v2\/media\/21479"}],"wp:attachment":[{"href":"https:\/\/www.multicasa.com.br\/inicio\/wp-json\/wp\/v2\/media?parent=21408"}],"wp:term":[{"taxonomy":"product_brand","embeddable":true,"href":"https:\/\/www.multicasa.com.br\/inicio\/wp-json\/wp\/v2\/product_brand?post=21408"},{"taxonomy":"product_cat","embeddable":true,"href":"https:\/\/www.multicasa.com.br\/inicio\/wp-json\/wp\/v2\/product_cat?post=21408"},{"taxonomy":"product_tag","embeddable":true,"href":"https:\/\/www.multicasa.com.br\/inicio\/wp-json\/wp\/v2\/product_tag?post=21408"}],"curies":[{"name":"wp","href":"https:\/\/api.w.org\/{rel}","templated":true}]}}