{"id":21411,"date":"2025-06-20T20:18:44","date_gmt":"2025-06-21T00:18:44","guid":{"rendered":"https:\/\/www.multicasa.com.br\/inicio\/?post_type=product&#038;p=21411"},"modified":"2025-12-16T19:14:51","modified_gmt":"2025-12-16T23:14:51","slug":"cesta-cozimento-a-vapor-de-legumes-aco-inox-uny-home","status":"publish","type":"product","link":"https:\/\/www.multicasa.com.br\/inicio\/produto\/cesta-cozimento-a-vapor-de-legumes-aco-inox-uny-home\/","title":{"rendered":"Cesta Cozimento a Vapor de Legumes A\u00e7o Inox Uny Home"},"content":{"rendered":"<p>A Cesta de Cozimento a Vapor de Legumes em A\u00e7o Inox da Uny Home se adapta em qualquer panela. Adicione \u00e1gua no fundo, que n\u00e3o passe pelos furinhos do cesto. Coloque os legumes, tampe e em 5 a 10 minutos (depende do legume) ter\u00e1 legumes cozidos no vapor sem perder a cor e nem nutrientes. Lembrando os legumes n\u00e3o entrar\u00e3o em contato com a \u00e1gua diretamente, pois os cestos possuem p\u00e9s que n\u00e3o permitem o contato. Pr\u00e1tico e higi\u00eanico. Preserva nutrientes, vitaminas e sais minerais dos alimentos. F\u00e1cil de usar. Serve para qualquer panela.<\/p>\n","protected":false},"excerpt":{"rendered":"<h4 style=\"margin: 0px;padding: 0px 0px 16px;font-family: Lato, sans-serif;font-weight: bold;line-height: 3rem;color: var(--dark-grey3);font-size: 22px;font-style: normal;letter-spacing: normal;text-align: start;text-indent: 0px;text-transform: none\">Informa\u00e7\u00f5es t\u00e9cnicas<\/h4>\n<p><span style=\"margin: 0px;padding: 0px;font-weight: 450;font-size: 14px;line-height: 21px;color: var(--dark-grey2);font-family: Lato, sans-serif;font-style: normal;letter-spacing: normal;text-align: start;text-indent: 0px;text-transform: none\">Produto: Cesta de Cozimento<br \/>\nMarca: Uny Home<br \/>\nMaterial: A\u00e7o inox<br \/>\nAcabamento: Metalizado<br \/>\nCor: Prata<br \/>\nUso indicado: Cozinhar alimentos apenas com vapor, sem deixar encostar na \u00e1gua<br \/>\nCaracter\u00edsticas: Adapt\u00e1vel para diversos tipos de panela<br \/>\nItens Inclusos: 1 cesta de cozimento<br \/>\nDimens\u00f5es do produto (A x L x P): 5 x 22 x 22cm (aberta) e 5 x 14 x 14cm (fechada)                                                            Peso: 144g<\/span><\/p>\n","protected":false},"featured_media":21493,"template":"","meta":{"_joinchat":[]},"product_brand":[],"product_cat":[93],"product_tag":[],"class_list":{"0":"post-21411","1":"product","2":"type-product","3":"status-publish","4":"has-post-thumbnail","6":"product_cat-utensilios-para-cozinha","8":"first","9":"outofstock","10":"shipping-taxable","11":"purchasable","12":"product-type-simple"},"_links":{"self":[{"href":"https:\/\/www.multicasa.com.br\/inicio\/wp-json\/wp\/v2\/product\/21411","targetHints":{"allow":["GET"]}}],"collection":[{"href":"https:\/\/www.multicasa.com.br\/inicio\/wp-json\/wp\/v2\/product"}],"about":[{"href":"https:\/\/www.multicasa.com.br\/inicio\/wp-json\/wp\/v2\/types\/product"}],"wp:featuredmedia":[{"embeddable":true,"href":"https:\/\/www.multicasa.com.br\/inicio\/wp-json\/wp\/v2\/media\/21493"}],"wp:attachment":[{"href":"https:\/\/www.multicasa.com.br\/inicio\/wp-json\/wp\/v2\/media?parent=21411"}],"wp:term":[{"taxonomy":"product_brand","embeddable":true,"href":"https:\/\/www.multicasa.com.br\/inicio\/wp-json\/wp\/v2\/product_brand?post=21411"},{"taxonomy":"product_cat","embeddable":true,"href":"https:\/\/www.multicasa.com.br\/inicio\/wp-json\/wp\/v2\/product_cat?post=21411"},{"taxonomy":"product_tag","embeddable":true,"href":"https:\/\/www.multicasa.com.br\/inicio\/wp-json\/wp\/v2\/product_tag?post=21411"}],"curies":[{"name":"wp","href":"https:\/\/api.w.org\/{rel}","templated":true}]}}