{"id":21412,"date":"2025-06-20T20:18:44","date_gmt":"2025-06-21T00:18:44","guid":{"rendered":"https:\/\/www.multicasa.com.br\/inicio\/?post_type=product&#038;p=21412"},"modified":"2025-06-20T20:20:15","modified_gmt":"2025-06-21T00:20:15","slug":"gancho-adesivo-branco-command-3m-23kg","status":"publish","type":"product","link":"https:\/\/www.multicasa.com.br\/inicio\/produto\/gancho-adesivo-branco-command-3m-23kg\/","title":{"rendered":"Gancho Adesivo Branco Command 3M &#8211; 2,3kg"},"content":{"rendered":"<p>Use o gancho adesivo Command 3M fixando-o em superf\u00edcies de vidro, madeira, met\u00e1licas, pl\u00e1sticas, paredes pintadas e lisas em geral para decorar ou ter um modo pr\u00e1tico de pendurar bolsas, casacos e etc. Com design grande, suporta at\u00e9 2,3kg e mede 17 x 9,2cm. Feito de pl\u00e1stico abs branco, \u00e9 \u00f3tima op\u00e7\u00e3o para evitar pregos e parafusos. Remova sem entragar a parede.<\/p>\n","protected":false},"excerpt":{"rendered":"<h4 style=\"margin: 0px;padding: 0px 0px 16px;font-family: Lato, sans-serif;font-weight: bold;line-height: 3rem;color: var(--dark-grey3);font-size: 22px;font-style: normal;letter-spacing: normal;text-align: start;text-indent: 0px;text-transform: none\">Informa\u00e7\u00f5es t\u00e9cnicas<\/h4>\n<p><span style=\"margin: 0px;padding: 0px;font-weight: 450;font-size: 14px;line-height: 21px;color: var(--dark-grey2);font-family: Lato, sans-serif;font-style: normal;letter-spacing: normal;text-align: start;text-indent: 0px;text-transform: none\">Produto: gancho adesivo<br \/>\nMarca: 3M<br \/>\nMaterial: pl\u00e1stico ABS<br \/>\nCor: branco<br \/>\nCaracter\u00edsticas: Suporta at\u00e9 2,3kg<br \/>\nf\u00e1cil de remover<br \/>\nQuantidade de pe\u00e7as: 3<br \/>\nItens inclusos: 1 gancho pl\u00e1stico<br \/>\n2 adesivos para aplica\u00e7\u00e3o<br \/>\nDimens\u00f5es do produto (A x L): 17 x 9,2cm<br \/>\n<\/span><\/p>\n","protected":false},"featured_media":21498,"template":"","meta":{"_joinchat":[]},"product_brand":[],"product_cat":[162],"product_tag":[],"class_list":{"0":"post-21412","1":"product","2":"type-product","3":"status-publish","4":"has-post-thumbnail","6":"product_cat-colas-e-cia","8":"first","9":"outofstock","10":"shipping-taxable","11":"product-type-simple"},"_links":{"self":[{"href":"https:\/\/www.multicasa.com.br\/inicio\/wp-json\/wp\/v2\/product\/21412","targetHints":{"allow":["GET"]}}],"collection":[{"href":"https:\/\/www.multicasa.com.br\/inicio\/wp-json\/wp\/v2\/product"}],"about":[{"href":"https:\/\/www.multicasa.com.br\/inicio\/wp-json\/wp\/v2\/types\/product"}],"wp:featuredmedia":[{"embeddable":true,"href":"https:\/\/www.multicasa.com.br\/inicio\/wp-json\/wp\/v2\/media\/21498"}],"wp:attachment":[{"href":"https:\/\/www.multicasa.com.br\/inicio\/wp-json\/wp\/v2\/media?parent=21412"}],"wp:term":[{"taxonomy":"product_brand","embeddable":true,"href":"https:\/\/www.multicasa.com.br\/inicio\/wp-json\/wp\/v2\/product_brand?post=21412"},{"taxonomy":"product_cat","embeddable":true,"href":"https:\/\/www.multicasa.com.br\/inicio\/wp-json\/wp\/v2\/product_cat?post=21412"},{"taxonomy":"product_tag","embeddable":true,"href":"https:\/\/www.multicasa.com.br\/inicio\/wp-json\/wp\/v2\/product_tag?post=21412"}],"curies":[{"name":"wp","href":"https:\/\/api.w.org\/{rel}","templated":true}]}}