{"id":21415,"date":"2025-06-20T20:18:45","date_gmt":"2025-06-21T00:18:45","guid":{"rendered":"https:\/\/www.multicasa.com.br\/inicio\/?post_type=product&#038;p=21415"},"modified":"2025-06-20T20:20:23","modified_gmt":"2025-06-21T00:20:23","slug":"kit-de-tampas-multiuso-com-3-unidades-plast-leo","status":"publish","type":"product","link":"https:\/\/www.multicasa.com.br\/inicio\/produto\/kit-de-tampas-multiuso-com-3-unidades-plast-leo\/","title":{"rendered":"Kit de Tampas Multiuso com 3 Unidades Plast Leo"},"content":{"rendered":"<p>O Kit de Tampas Multiuso da Plast Leo \u00e9 composto por 3 pe\u00e7as nos tamanhos pequeno, com 15cm, m\u00e9dio com 35cm e grande com 45cm. Perfeito para conservar frios, bebidas, legumes, saladas e outros diversos alimentos, adaptando-se em qualquer formato de prato, vasilha, pote ou panela. Mantem suas receitas protegidas e livres de odor dentro da geladeira. Confeccionado em 100% polietileno, vai facilitar a sua rotina na cozinha. <\/p>\n","protected":false},"excerpt":{"rendered":"<h4 style=\"margin: 0px;padding: 0px 0px 16px;font-family: Lato, sans-serif;font-weight: bold;line-height: 3rem;color: var(--dark-grey3);font-size: 22px;font-style: normal;letter-spacing: normal;text-align: start;text-indent: 0px;text-transform: none\">Informa\u00e7\u00f5es t\u00e9cnicas<\/h4>\n<p><span style=\"margin: 0px;padding: 0px;font-weight: 450;font-size: 14px;line-height: 21px;color: var(--dark-grey2);font-family: Lato, sans-serif;font-style: normal;letter-spacing: normal;text-align: start;text-indent: 0px;text-transform: none\">Produto: Kit de Tampas Multiuso<br \/>\nMarca: Plast Leo<br \/>\nMaterial: Polietileno<br \/>\nCor: Estampado<br \/>\nItens Inclusos: 3 Tampas multiuso<br \/>\nDi\u00e2metro do produto: Grande &#8211; 45cm, M\u00e9dia &#8211; 35cm, Pequena &#8211; 15cm<\/span><\/p>\n","protected":false},"featured_media":21506,"template":"","meta":{"_joinchat":[]},"product_brand":[],"product_cat":[93],"product_tag":[],"class_list":{"0":"post-21415","1":"product","2":"type-product","3":"status-publish","4":"has-post-thumbnail","6":"product_cat-utensilios-para-cozinha","8":"first","9":"outofstock","10":"shipping-taxable","11":"product-type-simple"},"_links":{"self":[{"href":"https:\/\/www.multicasa.com.br\/inicio\/wp-json\/wp\/v2\/product\/21415","targetHints":{"allow":["GET"]}}],"collection":[{"href":"https:\/\/www.multicasa.com.br\/inicio\/wp-json\/wp\/v2\/product"}],"about":[{"href":"https:\/\/www.multicasa.com.br\/inicio\/wp-json\/wp\/v2\/types\/product"}],"wp:featuredmedia":[{"embeddable":true,"href":"https:\/\/www.multicasa.com.br\/inicio\/wp-json\/wp\/v2\/media\/21506"}],"wp:attachment":[{"href":"https:\/\/www.multicasa.com.br\/inicio\/wp-json\/wp\/v2\/media?parent=21415"}],"wp:term":[{"taxonomy":"product_brand","embeddable":true,"href":"https:\/\/www.multicasa.com.br\/inicio\/wp-json\/wp\/v2\/product_brand?post=21415"},{"taxonomy":"product_cat","embeddable":true,"href":"https:\/\/www.multicasa.com.br\/inicio\/wp-json\/wp\/v2\/product_cat?post=21415"},{"taxonomy":"product_tag","embeddable":true,"href":"https:\/\/www.multicasa.com.br\/inicio\/wp-json\/wp\/v2\/product_tag?post=21415"}],"curies":[{"name":"wp","href":"https:\/\/api.w.org\/{rel}","templated":true}]}}