{"id":21417,"date":"2025-06-20T20:18:45","date_gmt":"2025-06-21T00:18:45","guid":{"rendered":"https:\/\/www.multicasa.com.br\/inicio\/?post_type=product&#038;p=21417"},"modified":"2025-12-16T19:15:21","modified_gmt":"2025-12-16T23:15:21","slug":"fita-fixa-forte-dupla-face-scotch-3m-25x25mm-16-quadrados","status":"publish","type":"product","link":"https:\/\/www.multicasa.com.br\/inicio\/produto\/fita-fixa-forte-dupla-face-scotch-3m-25x25mm-16-quadrados\/","title":{"rendered":"Fita Fixa Forte Dupla Face Scotch 3M &#8211; 25x25mm &#8211; 16 quadrados"},"content":{"rendered":"<p>Fita Fixa Forte Dupla Face Scotch 3M \u00e9 ideal para utiliza\u00e7\u00e3o em ambientes internos e pode ser usada para fixar quadros, espelhos, pe\u00e7as de decora\u00e7\u00e3o e canaletas. \u00c9 indicada para uso em superf\u00edcies lisas, de madeira, paredes internas e azulejos (exceto \u00e1reas com muita umidade). Tem fixa\u00e7\u00e3o permanente e suporta objetos com peso de at\u00e9 800g. Possui dimens\u00f5es de 25 x 25mm e cont\u00e9m 16 adesivos quadrados.<\/p>\n","protected":false},"excerpt":{"rendered":"<h4 style=\"margin: 0px;padding: 0px 0px 16px;font-family: Lato, sans-serif;font-weight: bold;line-height: 3rem;color: var(--dark-grey3);font-size: 22px;font-style: normal;letter-spacing: normal;text-align: start;text-indent: 0px;text-transform: none\">Informa\u00e7\u00f5es t\u00e9cnicas<\/h4>\n<p><span style=\"margin: 0px;padding: 0px;font-weight: 450;font-size: 14px;line-height: 21px;color: var(--dark-grey2);font-family: Lato, sans-serif;font-style: normal;letter-spacing: normal;text-align: start;text-indent: 0px;text-transform: none\">Produto: Fita Dupla Face<br \/>\nMarca: 3M<br \/>\nMaterial: Papel siliconizado<br \/>\nEspuma em poliuretano<br \/>\nAdesivo em acr\u00edlico<br \/>\nCor: Branco e verde<br \/>\nCaracter\u00edsticas: Excelente fixa\u00e7\u00e3o<br \/>\nSuporta objetos com peso de at\u00e9 400g<br \/>\nSubstitui pregos e parafusos<br \/>\nItens Inclusos: 16 quadrados adesivos<br \/>\nDimens\u00f5es do produto (A X L): 25 x 25mm<br \/>\n<\/span><\/p>\n","protected":false},"featured_media":25205,"template":"","meta":{"_joinchat":[]},"product_brand":[],"product_cat":[162],"product_tag":[],"class_list":{"0":"post-21417","1":"product","2":"type-product","3":"status-publish","4":"has-post-thumbnail","6":"product_cat-colas-e-cia","8":"first","9":"instock","10":"shipping-taxable","11":"purchasable","12":"product-type-simple"},"_links":{"self":[{"href":"https:\/\/www.multicasa.com.br\/inicio\/wp-json\/wp\/v2\/product\/21417","targetHints":{"allow":["GET"]}}],"collection":[{"href":"https:\/\/www.multicasa.com.br\/inicio\/wp-json\/wp\/v2\/product"}],"about":[{"href":"https:\/\/www.multicasa.com.br\/inicio\/wp-json\/wp\/v2\/types\/product"}],"wp:featuredmedia":[{"embeddable":true,"href":"https:\/\/www.multicasa.com.br\/inicio\/wp-json\/wp\/v2\/media\/25205"}],"wp:attachment":[{"href":"https:\/\/www.multicasa.com.br\/inicio\/wp-json\/wp\/v2\/media?parent=21417"}],"wp:term":[{"taxonomy":"product_brand","embeddable":true,"href":"https:\/\/www.multicasa.com.br\/inicio\/wp-json\/wp\/v2\/product_brand?post=21417"},{"taxonomy":"product_cat","embeddable":true,"href":"https:\/\/www.multicasa.com.br\/inicio\/wp-json\/wp\/v2\/product_cat?post=21417"},{"taxonomy":"product_tag","embeddable":true,"href":"https:\/\/www.multicasa.com.br\/inicio\/wp-json\/wp\/v2\/product_tag?post=21417"}],"curies":[{"name":"wp","href":"https:\/\/api.w.org\/{rel}","templated":true}]}}