{"id":21438,"date":"2025-06-20T20:19:11","date_gmt":"2025-06-21T00:19:11","guid":{"rendered":"https:\/\/www.multicasa.com.br\/inicio\/?post_type=product&#038;p=21438"},"modified":"2026-02-06T14:32:25","modified_gmt":"2026-02-06T18:32:25","slug":"cola-bastao-scotch-3m-8g","status":"publish","type":"product","link":"https:\/\/www.multicasa.com.br\/inicio\/produto\/cola-bastao-scotch-3m-8g\/","title":{"rendered":"Cola Bast\u00e3o Scotch 3M 8g"},"content":{"rendered":"<p>Com a Cola Bast\u00e3o Scotch 3M voc\u00ea ter\u00e1 \u00f3timos resultados no escrit\u00f3rio ou na escola. N\u00e3o resseca no tubo, \u00e9 lav\u00e1vel e at\u00f3xica, sendo segura para uso infantil. Com 8g e sem solventes, cole e fixe pap\u00e9is, tecidos, fotografias, \u00e1lbuns e outros trabalhos manuais. Certificada pelo Inmetro, por se tratar de um bast\u00e3o, evite sujeiras e desperd\u00edcio. Indispens\u00e1vel. <\/p>\n","protected":false},"excerpt":{"rendered":"<h4 style=\"margin: 0px;padding: 0px 0px 16px;font-family: Lato, sans-serif;font-weight: bold;line-height: 3rem;color: var(--dark-grey3);font-size: 22px;font-style: normal;letter-spacing: normal;text-align: start;text-indent: 0px;text-transform: none\">Informa\u00e7\u00f5es t\u00e9cnicas<\/h4>\n<p><span style=\"margin: 0px;padding: 0px;font-weight: 450;font-size: 14px;line-height: 21px;color: var(--dark-grey2);font-family: Lato, sans-serif;font-style: normal;letter-spacing: normal;text-align: start;text-indent: 0px;text-transform: none\">Produto: Cola Bast\u00e3o<br \/>\nMarca: 3M<br \/>\nConte\u00fado: 8g<br \/>\nCaracter\u00edsticas: N\u00e3o resseca no tubo<br \/>\nLav\u00e1vel<br \/>\nN\u00e3o t\u00f3xica<br \/>\nN\u00e3o possui solventes<br \/>\nN\u00e3o faz sujeiras<br \/>\nMaior rendimento<br \/>\nCertificada pelo Inmetro<br \/>\nItens Inclusos: 1 Cola Bast\u00e3o<\/span><\/p>\n","protected":false},"featured_media":21518,"template":"","meta":{"_joinchat":[]},"product_brand":[],"product_cat":[162],"product_tag":[],"class_list":{"0":"post-21438","1":"product","2":"type-product","3":"status-publish","4":"has-post-thumbnail","6":"product_cat-colas-e-cia","8":"first","9":"outofstock","10":"shipping-taxable","11":"purchasable","12":"product-type-simple"},"_links":{"self":[{"href":"https:\/\/www.multicasa.com.br\/inicio\/wp-json\/wp\/v2\/product\/21438","targetHints":{"allow":["GET"]}}],"collection":[{"href":"https:\/\/www.multicasa.com.br\/inicio\/wp-json\/wp\/v2\/product"}],"about":[{"href":"https:\/\/www.multicasa.com.br\/inicio\/wp-json\/wp\/v2\/types\/product"}],"wp:featuredmedia":[{"embeddable":true,"href":"https:\/\/www.multicasa.com.br\/inicio\/wp-json\/wp\/v2\/media\/21518"}],"wp:attachment":[{"href":"https:\/\/www.multicasa.com.br\/inicio\/wp-json\/wp\/v2\/media?parent=21438"}],"wp:term":[{"taxonomy":"product_brand","embeddable":true,"href":"https:\/\/www.multicasa.com.br\/inicio\/wp-json\/wp\/v2\/product_brand?post=21438"},{"taxonomy":"product_cat","embeddable":true,"href":"https:\/\/www.multicasa.com.br\/inicio\/wp-json\/wp\/v2\/product_cat?post=21438"},{"taxonomy":"product_tag","embeddable":true,"href":"https:\/\/www.multicasa.com.br\/inicio\/wp-json\/wp\/v2\/product_tag?post=21438"}],"curies":[{"name":"wp","href":"https:\/\/api.w.org\/{rel}","templated":true}]}}