{"id":21439,"date":"2025-06-20T20:19:11","date_gmt":"2025-06-21T00:19:11","guid":{"rendered":"https:\/\/www.multicasa.com.br\/inicio\/?post_type=product&#038;p=21439"},"modified":"2026-04-08T16:50:14","modified_gmt":"2026-04-08T20:50:14","slug":"valvula-para-pia-de-cozinha-1-1-2-daivak","status":"publish","type":"product","link":"https:\/\/www.multicasa.com.br\/inicio\/produto\/valvula-para-pia-de-cozinha-1-1-2-daivak\/","title":{"rendered":"V\u00e1lvula para Pia de Cozinha 1 1\/2&#8221; Daivak"},"content":{"rendered":"<p>A v\u00e1lvula para pia de cozinha 1 1\/2&#8221; Daivak \u00e9 produzida de PVC resistente e n\u00e3o exige m\u00e3o de obra especializada para instala\u00e7\u00e3o. Ao ser encaixada no ralo da pia, ajuda a filtrar s\u00f3lidos e l\u00edquidos, evitando entupimentos. A cestinha de pia \u00e9 ideal para quem busca efici\u00eancia e praticidade.<\/p>\n","protected":false},"excerpt":{"rendered":"<h4 style=\"margin: 0px;padding: 0px 0px 16px;font-family: Lato, sans-serif;font-weight: bold;line-height: 3rem;color: var(--dark-grey3);font-size: 22px;font-style: normal;letter-spacing: normal;text-align: start;text-indent: 0px;text-transform: none\">Informa\u00e7\u00f5es t\u00e9cnicas<\/h4>\n<p><span style=\"margin: 0px;padding: 0px;font-weight: 450;font-size: 14px;line-height: 21px;color: var(--dark-grey2);font-family: Lato, sans-serif;font-style: normal;letter-spacing: normal;text-align: start;text-indent: 0px;text-transform: none\">Produto: Cestinha de Pia<br \/>\nMarca: Daivak<br \/>\nMaterial: PVC<br \/>\nCor: prata<br \/>\nItens Inclusos: 1 Cestinha de pia<br \/>\nDimens\u00f5es do produto (L): 1.1\/2<br \/>\n<\/span><\/p>\n","protected":false},"featured_media":21520,"template":"","meta":{"_joinchat":[]},"product_brand":[],"product_cat":[93],"product_tag":[],"class_list":{"0":"post-21439","1":"product","2":"type-product","3":"status-publish","4":"has-post-thumbnail","6":"product_cat-utensilios-para-cozinha","8":"first","9":"instock","10":"shipping-taxable","11":"purchasable","12":"product-type-simple"},"_links":{"self":[{"href":"https:\/\/www.multicasa.com.br\/inicio\/wp-json\/wp\/v2\/product\/21439","targetHints":{"allow":["GET"]}}],"collection":[{"href":"https:\/\/www.multicasa.com.br\/inicio\/wp-json\/wp\/v2\/product"}],"about":[{"href":"https:\/\/www.multicasa.com.br\/inicio\/wp-json\/wp\/v2\/types\/product"}],"wp:featuredmedia":[{"embeddable":true,"href":"https:\/\/www.multicasa.com.br\/inicio\/wp-json\/wp\/v2\/media\/21520"}],"wp:attachment":[{"href":"https:\/\/www.multicasa.com.br\/inicio\/wp-json\/wp\/v2\/media?parent=21439"}],"wp:term":[{"taxonomy":"product_brand","embeddable":true,"href":"https:\/\/www.multicasa.com.br\/inicio\/wp-json\/wp\/v2\/product_brand?post=21439"},{"taxonomy":"product_cat","embeddable":true,"href":"https:\/\/www.multicasa.com.br\/inicio\/wp-json\/wp\/v2\/product_cat?post=21439"},{"taxonomy":"product_tag","embeddable":true,"href":"https:\/\/www.multicasa.com.br\/inicio\/wp-json\/wp\/v2\/product_tag?post=21439"}],"curies":[{"name":"wp","href":"https:\/\/api.w.org\/{rel}","templated":true}]}}