{"id":21441,"date":"2025-06-20T20:19:12","date_gmt":"2025-06-21T00:19:12","guid":{"rendered":"https:\/\/www.multicasa.com.br\/inicio\/?post_type=product&#038;p=21441"},"modified":"2026-02-24T09:50:59","modified_gmt":"2026-02-24T13:50:59","slug":"pano-de-prato-estampado-ouro-branco-3-unidades","status":"publish","type":"product","link":"https:\/\/www.multicasa.com.br\/inicio\/produto\/pano-de-prato-estampado-ouro-branco-3-unidades\/","title":{"rendered":"Pano de Prato Estampado Ouro Branco 3 unidades"},"content":{"rendered":"<p>Ideal para a limpeza do dia-a-dia, o Pano de Prato da Ouro Branco foi desenvolvido com a melhor materia-prima, garantindo alta compacta\u00e7\u00e3o dos fios. Suas estampas variadas deixar\u00e3o sua casa mais alegre e divertida, al\u00e9m de conferir efici\u00eancia na hora de secar os utens\u00edlios. Feito 100% de algod\u00e3o, a embalagem \u00e9 composta por 3 unidades que medem 68 x 44 cm.<\/p>\n","protected":false},"excerpt":{"rendered":"<h4 style=\"margin: 0px;padding: 0px 0px 16px;font-family: Lato, sans-serif;font-weight: bold;line-height: 3rem;color: var(--dark-grey3);font-size: 22px;font-style: normal;letter-spacing: normal;text-align: start;text-indent: 0px;text-transform: none\">Informa\u00e7\u00f5es t\u00e9cnicas<\/h4>\n<p><span style=\"margin: 0px;padding: 0px;font-weight: 450;font-size: 14px;line-height: 21px;color: var(--dark-grey2);font-family: Lato, sans-serif;font-style: normal;letter-spacing: normal;text-align: start;text-indent: 0px;text-transform: none\">Produto: Pano de prato<br \/>\nMarca: Ouro Branco<br \/>\nMaterial: 100% Algod\u00e3o<br \/>\nCor: Branco<br \/>\nCaracter\u00edsticas: Estampa na barra<br \/>\nSemi artesanal<br \/>\nItens Inclusos: 3 panos de prato<br \/>\nDimens\u00f5es do produto (A X L): 68 x 44cm<\/span><\/p>\n","protected":false},"featured_media":21524,"template":"","meta":{"_joinchat":[]},"product_brand":[],"product_cat":[93],"product_tag":[],"class_list":{"0":"post-21441","1":"product","2":"type-product","3":"status-publish","4":"has-post-thumbnail","6":"product_cat-utensilios-para-cozinha","8":"first","9":"instock","10":"shipping-taxable","11":"purchasable","12":"product-type-simple"},"_links":{"self":[{"href":"https:\/\/www.multicasa.com.br\/inicio\/wp-json\/wp\/v2\/product\/21441","targetHints":{"allow":["GET"]}}],"collection":[{"href":"https:\/\/www.multicasa.com.br\/inicio\/wp-json\/wp\/v2\/product"}],"about":[{"href":"https:\/\/www.multicasa.com.br\/inicio\/wp-json\/wp\/v2\/types\/product"}],"wp:featuredmedia":[{"embeddable":true,"href":"https:\/\/www.multicasa.com.br\/inicio\/wp-json\/wp\/v2\/media\/21524"}],"wp:attachment":[{"href":"https:\/\/www.multicasa.com.br\/inicio\/wp-json\/wp\/v2\/media?parent=21441"}],"wp:term":[{"taxonomy":"product_brand","embeddable":true,"href":"https:\/\/www.multicasa.com.br\/inicio\/wp-json\/wp\/v2\/product_brand?post=21441"},{"taxonomy":"product_cat","embeddable":true,"href":"https:\/\/www.multicasa.com.br\/inicio\/wp-json\/wp\/v2\/product_cat?post=21441"},{"taxonomy":"product_tag","embeddable":true,"href":"https:\/\/www.multicasa.com.br\/inicio\/wp-json\/wp\/v2\/product_tag?post=21441"}],"curies":[{"name":"wp","href":"https:\/\/api.w.org\/{rel}","templated":true}]}}