{"id":21442,"date":"2025-06-20T20:19:12","date_gmt":"2025-06-21T00:19:12","guid":{"rendered":"https:\/\/www.multicasa.com.br\/inicio\/?post_type=product&#038;p=21442"},"modified":"2026-03-10T11:50:48","modified_gmt":"2026-03-10T15:50:48","slug":"borracha-de-silicone-para-panela-de-pressao-sinthevea-utility-45l","status":"publish","type":"product","link":"https:\/\/www.multicasa.com.br\/inicio\/produto\/borracha-de-silicone-para-panela-de-pressao-sinthevea-utility-45l\/","title":{"rendered":"Borracha de Silicone para Panela de Press\u00e3o Sinthevea Utility 4,5L"},"content":{"rendered":"<p>Borracha de Silicone para Panela de Press\u00e3o Sinthevea Utility em silicone, \u00e9 ideal para panelas de 4,5 litros e de todas as marcas, exceto Clock. Seu material evita ressecamento, resiste aos ataques qu\u00edmicos, \u00e0s temperaturas altas e n\u00e3o transmite odores aos alimentos durante o cozimento. Sua borracha foi testada e aprovada conforme as normas NBR 15684, NBR 11823\/06 E RE 10.009\/08 e tamb\u00e9m em laborat\u00f3rios homologados pelo Inmetro, conferindo seguran\u00e7a durante sua utiliza\u00e7\u00e3o. Perfeita para quem procura anel de borracha com qualidade.<\/p>\n","protected":false},"excerpt":{"rendered":"<h4 style=\"margin: 0px;padding: 0px 0px 16px;font-family: Lato, sans-serif;font-weight: bold;line-height: 3rem;color: var(--dark-grey3);font-size: 22px;font-style: normal;letter-spacing: normal;text-align: start;text-indent: 0px;text-transform: none\">Informa\u00e7\u00f5es t\u00e9cnicas<\/h4>\n<p><span style=\"margin: 0px;padding: 0px;font-weight: 450;font-size: 14px;line-height: 21px;color: var(--dark-grey2);font-family: Lato, sans-serif;font-style: normal;letter-spacing: normal;text-align: start;text-indent: 0px;text-transform: none\">Produto: Borracha para panela de press\u00e3o<br \/>\nMarca: Sinthevea Utility<br \/>\nMaterial: Silicone<br \/>\nCor: Azul<br \/>\nUso indicado: Compat\u00edvel com todas as panelas de press\u00e3o do mercado, com exce\u00e7\u00e3o da Clock<br \/>\nItens Inclusos: 1 Borracha para panela de press\u00e3o<br \/>\nDimens\u00f5es do produto (L): Di\u00e2metro dentro: 15cm e Di\u00e2metro fora: 17cm<br \/>\n<\/span><\/p>\n","protected":false},"featured_media":21525,"template":"","meta":{"_joinchat":[]},"product_brand":[],"product_cat":[93],"product_tag":[],"class_list":{"0":"post-21442","1":"product","2":"type-product","3":"status-publish","4":"has-post-thumbnail","6":"product_cat-utensilios-para-cozinha","8":"first","9":"instock","10":"shipping-taxable","11":"purchasable","12":"product-type-simple"},"_links":{"self":[{"href":"https:\/\/www.multicasa.com.br\/inicio\/wp-json\/wp\/v2\/product\/21442","targetHints":{"allow":["GET"]}}],"collection":[{"href":"https:\/\/www.multicasa.com.br\/inicio\/wp-json\/wp\/v2\/product"}],"about":[{"href":"https:\/\/www.multicasa.com.br\/inicio\/wp-json\/wp\/v2\/types\/product"}],"wp:featuredmedia":[{"embeddable":true,"href":"https:\/\/www.multicasa.com.br\/inicio\/wp-json\/wp\/v2\/media\/21525"}],"wp:attachment":[{"href":"https:\/\/www.multicasa.com.br\/inicio\/wp-json\/wp\/v2\/media?parent=21442"}],"wp:term":[{"taxonomy":"product_brand","embeddable":true,"href":"https:\/\/www.multicasa.com.br\/inicio\/wp-json\/wp\/v2\/product_brand?post=21442"},{"taxonomy":"product_cat","embeddable":true,"href":"https:\/\/www.multicasa.com.br\/inicio\/wp-json\/wp\/v2\/product_cat?post=21442"},{"taxonomy":"product_tag","embeddable":true,"href":"https:\/\/www.multicasa.com.br\/inicio\/wp-json\/wp\/v2\/product_tag?post=21442"}],"curies":[{"name":"wp","href":"https:\/\/api.w.org\/{rel}","templated":true}]}}