{"id":21444,"date":"2025-06-20T20:19:12","date_gmt":"2025-06-21T00:19:12","guid":{"rendered":"https:\/\/www.multicasa.com.br\/inicio\/?post_type=product&#038;p=21444"},"modified":"2025-12-16T19:16:00","modified_gmt":"2025-12-16T23:16:00","slug":"borracha-de-silicone-para-panela-de-pressao-clock-sinthevea-utility-7l","status":"publish","type":"product","link":"https:\/\/www.multicasa.com.br\/inicio\/produto\/borracha-de-silicone-para-panela-de-pressao-clock-sinthevea-utility-7l\/","title":{"rendered":"Borracha de Silicone para Panela de Press\u00e3o Clock Sinthevea Utility 7L"},"content":{"rendered":"<p>Borracha para Panela de Press\u00e3o Sinthevea Utility em silicone, \u00e9 ideal para panelas de 7 litros da marca Clock. Seu material evita ressecamento, resiste aos ataques qu\u00edmicos, \u00e0s temperaturas altas e n\u00e3o transmite odores aos alimentos durante o cozimento. Sua borracha foi testada e aprovada conforme as normas NBR 15684, NBR 11823\/06 E RE 10.009\/08 e tamb\u00e9m em laborat\u00f3rios homologados pelo Inmetro, conferindo seguran\u00e7a durante sua utiliza\u00e7\u00e3o. Cozinhe com mais seguran\u00e7a.<\/p>\n","protected":false},"excerpt":{"rendered":"<h4 style=\"margin: 0px;padding: 0px 0px 16px;font-family: Lato, sans-serif;font-weight: bold;line-height: 3rem;color: var(--dark-grey3);font-size: 22px;font-style: normal;letter-spacing: normal;text-align: start;text-indent: 0px;text-transform: none\">Informa\u00e7\u00f5es t\u00e9cnicas<\/h4>\n<p><span style=\"margin: 0px;padding: 0px;font-weight: 450;font-size: 14px;line-height: 21px;color: var(--dark-grey2);font-family: Lato, sans-serif;font-style: normal;letter-spacing: normal;text-align: start;text-indent: 0px;text-transform: none\">Produto: Borracha para panela de press\u00e3o<br \/>\nMarca: Sinthevea Utility<br \/>\nMaterial: Silicone<br \/>\nCor: Azul<br \/>\nCaracter\u00edsticas: N\u00e3o resseca; resiste aos ataques qu\u00edmicos; resiste \u00e0s altas temperaturas; n\u00e3o transmite odores aos alimentos.<br \/>\nUso indicado: Compat\u00edvel com as panelas de press\u00e3o Clock<br \/>\nDimens\u00f5es do produto (L): Di\u00e2metro dentro: 17cm e Di\u00e2metro fora: 18cm<br \/>\n<\/span><\/p>\n","protected":false},"featured_media":21527,"template":"","meta":{"_joinchat":[]},"product_brand":[],"product_cat":[93],"product_tag":[],"class_list":{"0":"post-21444","1":"product","2":"type-product","3":"status-publish","4":"has-post-thumbnail","6":"product_cat-utensilios-para-cozinha","8":"first","9":"outofstock","10":"shipping-taxable","11":"purchasable","12":"product-type-simple"},"_links":{"self":[{"href":"https:\/\/www.multicasa.com.br\/inicio\/wp-json\/wp\/v2\/product\/21444","targetHints":{"allow":["GET"]}}],"collection":[{"href":"https:\/\/www.multicasa.com.br\/inicio\/wp-json\/wp\/v2\/product"}],"about":[{"href":"https:\/\/www.multicasa.com.br\/inicio\/wp-json\/wp\/v2\/types\/product"}],"wp:featuredmedia":[{"embeddable":true,"href":"https:\/\/www.multicasa.com.br\/inicio\/wp-json\/wp\/v2\/media\/21527"}],"wp:attachment":[{"href":"https:\/\/www.multicasa.com.br\/inicio\/wp-json\/wp\/v2\/media?parent=21444"}],"wp:term":[{"taxonomy":"product_brand","embeddable":true,"href":"https:\/\/www.multicasa.com.br\/inicio\/wp-json\/wp\/v2\/product_brand?post=21444"},{"taxonomy":"product_cat","embeddable":true,"href":"https:\/\/www.multicasa.com.br\/inicio\/wp-json\/wp\/v2\/product_cat?post=21444"},{"taxonomy":"product_tag","embeddable":true,"href":"https:\/\/www.multicasa.com.br\/inicio\/wp-json\/wp\/v2\/product_tag?post=21444"}],"curies":[{"name":"wp","href":"https:\/\/api.w.org\/{rel}","templated":true}]}}