{"id":21489,"date":"2025-06-20T20:19:59","date_gmt":"2025-06-21T00:19:59","guid":{"rendered":"https:\/\/www.multicasa.com.br\/inicio\/?post_type=product&#038;p=21489"},"modified":"2025-06-20T20:21:15","modified_gmt":"2025-06-21T00:21:15","slug":"acucareiro-de-acrilico-com-colher-acrylic-line","status":"publish","type":"product","link":"https:\/\/www.multicasa.com.br\/inicio\/produto\/acucareiro-de-acrilico-com-colher-acrylic-line\/","title":{"rendered":"A\u00e7ucareiro de Acr\u00edlico com Colher Acrylic Line"},"content":{"rendered":"<p>A\u00e7ucareiro Acrylic Line feito em acr\u00edlico, tem design convencional que combina com os seus outros utens\u00edlios. Possui capacidade para 200g de a\u00e7\u00facar e vem com tampa e colher especial para servir.<\/p>\n","protected":false},"excerpt":{"rendered":"<h4 style=\"margin: 0px;padding: 0px 0px 16px;font-family: Lato, sans-serif;font-weight: bold;line-height: 3rem;color: var(--dark-grey3);font-size: 22px;font-style: normal;letter-spacing: normal;text-align: start;text-indent: 0px;text-transform: none\">Informa\u00e7\u00f5es t\u00e9cnicas<\/h4>\n<p><span style=\"margin: 0px;padding: 0px;font-weight: 450;font-size: 14px;line-height: 21px;color: var(--dark-grey2);font-family: Lato, sans-serif;font-style: normal;letter-spacing: normal;text-align: start;text-indent: 0px;text-transform: none\">Produto: A\u00e7ucareiro<br \/>\nMarca: Acrylic Line<br \/>\nMaterial: Acr\u00edlico<br \/>\nCor: cristal<br \/>\nCapacidade: 200g<br \/>\nQuantidade de pe\u00e7as: 2<br \/>\nItens Inclusos: 1 a\u00e7ucareiro com tampa<br \/>\n1 colher<br \/>\nDimens\u00f5es do produto (A x L x P): 18 x 15 x 12cm<\/span><\/p>\n","protected":false},"featured_media":21559,"template":"","meta":{"_joinchat":[]},"product_brand":[],"product_cat":[93],"product_tag":[],"class_list":{"0":"post-21489","1":"product","2":"type-product","3":"status-publish","4":"has-post-thumbnail","6":"product_cat-utensilios-para-cozinha","8":"first","9":"outofstock","10":"shipping-taxable","11":"product-type-simple"},"_links":{"self":[{"href":"https:\/\/www.multicasa.com.br\/inicio\/wp-json\/wp\/v2\/product\/21489","targetHints":{"allow":["GET"]}}],"collection":[{"href":"https:\/\/www.multicasa.com.br\/inicio\/wp-json\/wp\/v2\/product"}],"about":[{"href":"https:\/\/www.multicasa.com.br\/inicio\/wp-json\/wp\/v2\/types\/product"}],"wp:featuredmedia":[{"embeddable":true,"href":"https:\/\/www.multicasa.com.br\/inicio\/wp-json\/wp\/v2\/media\/21559"}],"wp:attachment":[{"href":"https:\/\/www.multicasa.com.br\/inicio\/wp-json\/wp\/v2\/media?parent=21489"}],"wp:term":[{"taxonomy":"product_brand","embeddable":true,"href":"https:\/\/www.multicasa.com.br\/inicio\/wp-json\/wp\/v2\/product_brand?post=21489"},{"taxonomy":"product_cat","embeddable":true,"href":"https:\/\/www.multicasa.com.br\/inicio\/wp-json\/wp\/v2\/product_cat?post=21489"},{"taxonomy":"product_tag","embeddable":true,"href":"https:\/\/www.multicasa.com.br\/inicio\/wp-json\/wp\/v2\/product_tag?post=21489"}],"curies":[{"name":"wp","href":"https:\/\/api.w.org\/{rel}","templated":true}]}}