{"id":21490,"date":"2025-06-20T20:19:59","date_gmt":"2025-06-21T00:19:59","guid":{"rendered":"https:\/\/www.multicasa.com.br\/inicio\/?post_type=product&#038;p=21490"},"modified":"2025-06-20T20:21:24","modified_gmt":"2025-06-21T00:21:24","slug":"porta-manteiga-com-espatula-de-acrilico-incor-acrylic-line","status":"publish","type":"product","link":"https:\/\/www.multicasa.com.br\/inicio\/produto\/porta-manteiga-com-espatula-de-acrilico-incor-acrylic-line\/","title":{"rendered":"Porta Manteiga com Esp\u00e1tula de Acr\u00edlico Incor Acrylic Line"},"content":{"rendered":"<p>Elegante e sofisticado, o Porta Manteiga com Esp\u00e1tula da Acrylic Line \u00e9 feito de acr\u00edlico incolor e transmite delicadeza a sua mesa. Com dimens\u00f5es de 18 x 13 x 7,5 cm, seu uso \u00e9 indicado para quem n\u00e3o dispensa praticidade na cozinha. Preserve-o n\u00e3o utilizando esponjas abrasivas na hora da lavagem.<\/p>\n","protected":false},"excerpt":{"rendered":"<h4 style=\"margin: 0px;padding: 0px 0px 16px;font-family: Lato, sans-serif;font-weight: bold;line-height: 3rem;color: var(--dark-grey3);font-size: 22px;font-style: normal;letter-spacing: normal;text-align: start;text-indent: 0px;text-transform: none\">Informa\u00e7\u00f5es t\u00e9cnicas<\/h4>\n<p><span style=\"margin: 0px;padding: 0px;font-weight: 450;font-size: 14px;line-height: 21px;color: var(--dark-grey2);font-family: Lato, sans-serif;font-style: normal;letter-spacing: normal;text-align: start;text-indent: 0px;text-transform: none\">Produto: Porta Manteiga com Esp\u00e1tula<br \/>\nMarca: Acrylic Line<br \/>\nMaterial: Acrilico<br \/>\nCor: Incolor<br \/>\nQuantidade de pe\u00e7as: 2<br \/>\nItens Inclusos: 1 Porta Manteiga e 1 Esp\u00e1tula<br \/>\nDimens\u00f5es do produto (A x L x P): 7,5 x 18 x 13cm<\/span><\/p>\n","protected":false},"featured_media":21572,"template":"","meta":{"_joinchat":[]},"product_brand":[],"product_cat":[93],"product_tag":[],"class_list":{"0":"post-21490","1":"product","2":"type-product","3":"status-publish","4":"has-post-thumbnail","6":"product_cat-utensilios-para-cozinha","8":"first","9":"outofstock","10":"shipping-taxable","11":"product-type-simple"},"_links":{"self":[{"href":"https:\/\/www.multicasa.com.br\/inicio\/wp-json\/wp\/v2\/product\/21490","targetHints":{"allow":["GET"]}}],"collection":[{"href":"https:\/\/www.multicasa.com.br\/inicio\/wp-json\/wp\/v2\/product"}],"about":[{"href":"https:\/\/www.multicasa.com.br\/inicio\/wp-json\/wp\/v2\/types\/product"}],"wp:featuredmedia":[{"embeddable":true,"href":"https:\/\/www.multicasa.com.br\/inicio\/wp-json\/wp\/v2\/media\/21572"}],"wp:attachment":[{"href":"https:\/\/www.multicasa.com.br\/inicio\/wp-json\/wp\/v2\/media?parent=21490"}],"wp:term":[{"taxonomy":"product_brand","embeddable":true,"href":"https:\/\/www.multicasa.com.br\/inicio\/wp-json\/wp\/v2\/product_brand?post=21490"},{"taxonomy":"product_cat","embeddable":true,"href":"https:\/\/www.multicasa.com.br\/inicio\/wp-json\/wp\/v2\/product_cat?post=21490"},{"taxonomy":"product_tag","embeddable":true,"href":"https:\/\/www.multicasa.com.br\/inicio\/wp-json\/wp\/v2\/product_tag?post=21490"}],"curies":[{"name":"wp","href":"https:\/\/api.w.org\/{rel}","templated":true}]}}