{"id":21511,"date":"2025-06-20T20:20:25","date_gmt":"2025-06-21T00:20:25","guid":{"rendered":"https:\/\/www.multicasa.com.br\/inicio\/?post_type=product&#038;p=21511"},"modified":"2025-06-20T20:21:29","modified_gmt":"2025-06-21T00:21:29","slug":"queijeira-de-acrilico-com-prato-e-tampa-acrylic-line","status":"publish","type":"product","link":"https:\/\/www.multicasa.com.br\/inicio\/produto\/queijeira-de-acrilico-com-prato-e-tampa-acrylic-line\/","title":{"rendered":"Queijeira de Acr\u00edlico com Prato e Tampa Acrylic Line"},"content":{"rendered":"<p>Com a Queijeira de Acr\u00edlico Acrylic Line sua mesa de caf\u00e9 da manh\u00e3 fica completa e com estilo, ideal para servir queijo de forma charmosa. Produzida em Acr\u00edlico e com tampa com pegador na parte superior, sua refei\u00e7\u00e3o fica perfeita.<\/p>\n","protected":false},"excerpt":{"rendered":"<h4 style=\"margin: 0px;padding: 0px 0px 16px;font-family: Lato, sans-serif;font-weight: bold;line-height: 3rem;color: var(--dark-grey3);font-size: 22px;font-style: normal;letter-spacing: normal;text-align: start;text-indent: 0px;text-transform: none\">Informa\u00e7\u00f5es t\u00e9cnicas<\/h4>\n<p><span style=\"margin: 0px;padding: 0px;font-weight: 450;font-size: 14px;line-height: 21px;color: var(--dark-grey2);font-family: Lato, sans-serif;font-style: normal;letter-spacing: normal;text-align: start;text-indent: 0px;text-transform: none\">Produto: Queijeira<br \/>\nMarca: Acrylic Line<br \/>\nMaterial: Acr\u00edlico<br \/>\nCor: Incolor<br \/>\nCapacidade: 300g<br \/>\nCaracter\u00edsticas: Possui tampa<br \/>\nItens Inclusos: 1 queijeira<br \/>\nDi\u00e2metro do produto: 20,2cm<br \/>\nDimens\u00f5es do produto (A): 10,cm<\/span><\/p>\n","protected":false},"featured_media":21579,"template":"","meta":{"_joinchat":[]},"product_brand":[],"product_cat":[93],"product_tag":[],"class_list":{"0":"post-21511","1":"product","2":"type-product","3":"status-publish","4":"has-post-thumbnail","6":"product_cat-utensilios-para-cozinha","8":"first","9":"outofstock","10":"shipping-taxable","11":"product-type-simple"},"_links":{"self":[{"href":"https:\/\/www.multicasa.com.br\/inicio\/wp-json\/wp\/v2\/product\/21511","targetHints":{"allow":["GET"]}}],"collection":[{"href":"https:\/\/www.multicasa.com.br\/inicio\/wp-json\/wp\/v2\/product"}],"about":[{"href":"https:\/\/www.multicasa.com.br\/inicio\/wp-json\/wp\/v2\/types\/product"}],"wp:featuredmedia":[{"embeddable":true,"href":"https:\/\/www.multicasa.com.br\/inicio\/wp-json\/wp\/v2\/media\/21579"}],"wp:attachment":[{"href":"https:\/\/www.multicasa.com.br\/inicio\/wp-json\/wp\/v2\/media?parent=21511"}],"wp:term":[{"taxonomy":"product_brand","embeddable":true,"href":"https:\/\/www.multicasa.com.br\/inicio\/wp-json\/wp\/v2\/product_brand?post=21511"},{"taxonomy":"product_cat","embeddable":true,"href":"https:\/\/www.multicasa.com.br\/inicio\/wp-json\/wp\/v2\/product_cat?post=21511"},{"taxonomy":"product_tag","embeddable":true,"href":"https:\/\/www.multicasa.com.br\/inicio\/wp-json\/wp\/v2\/product_tag?post=21511"}],"curies":[{"name":"wp","href":"https:\/\/api.w.org\/{rel}","templated":true}]}}