{"id":21539,"date":"2025-06-20T20:20:50","date_gmt":"2025-06-21T00:20:50","guid":{"rendered":"https:\/\/www.multicasa.com.br\/inicio\/?post_type=product&#038;p=21539"},"modified":"2025-12-16T19:18:47","modified_gmt":"2025-12-16T23:18:47","slug":"grade-de-protecao-para-porta-easy-fit-kiddo","status":"publish","type":"product","link":"https:\/\/www.multicasa.com.br\/inicio\/produto\/grade-de-protecao-para-porta-easy-fit-kiddo\/","title":{"rendered":"Grade de Prote\u00e7\u00e3o para Porta Easy Fit Kiddo"},"content":{"rendered":"<p>A Grade de Prote\u00e7\u00e3o para Porta Easy Kiddo abre para ambos os lados, com a op\u00e7\u00e3o de adaptar a abertura apenas para um lado. Produzida em a\u00e7o branco, sua fixa\u00e7\u00e3o \u00e9 feita atrav\u00e9s de man\u00edpulos de press\u00e3o, livre de furos e parafusos. Com trava de seguran\u00e7a \u00e9 ideal para portas de 65 a 70cm de largura, necess\u00e1rio o uso de extensor, para portas maiores.<\/p>\n","protected":false},"excerpt":{"rendered":"<h4 style=\"margin: 0px;padding: 0px 0px 16px;font-family: Lato, sans-serif;font-weight: bold;line-height: 3rem;color: var(--dark-grey3);font-size: 22px;font-style: normal;letter-spacing: normal;text-align: start;text-indent: 0px;text-transform: none\">Informa\u00e7\u00f5es t\u00e9cnicas<\/h4>\n<p><span style=\"margin: 0px;padding: 0px;font-weight: 450;font-size: 14px;line-height: 21px;color: var(--dark-grey2);font-family: Lato, sans-serif;font-style: normal;letter-spacing: normal;text-align: start;text-indent: 0px;text-transform: none\">Produto: Grade de prote\u00e7\u00e3o de porta<br \/>\nMarca: Kiddo<br \/>\nMaterial: A\u00e7o<br \/>\nAcabamento: Pintura ep\u00f3xi<br \/>\nCor: Branco<br \/>\nCaracter\u00edsticas: Fechamento manual, abertura para ambos os lados, trava de seguran\u00e7a, f\u00e1cil instala\u00e7\u00e3o, sem uso de parafusos, ideal para portas de 65 a 70cm de largura<br \/>\nItens Inclusos: 1 Grade de prote\u00e7\u00e3o de porta<br \/>\nDimens\u00f5es do produto (A X L X P): 81 x 65 x 4cm<\/span><\/p>\n","protected":false},"featured_media":25271,"template":"","meta":{"_joinchat":[]},"product_brand":[],"product_cat":[161],"product_tag":[],"class_list":{"0":"post-21539","1":"product","2":"type-product","3":"status-publish","4":"has-post-thumbnail","6":"product_cat-seguranca","8":"first","9":"outofstock","10":"shipping-taxable","11":"purchasable","12":"product-type-simple"},"_links":{"self":[{"href":"https:\/\/www.multicasa.com.br\/inicio\/wp-json\/wp\/v2\/product\/21539","targetHints":{"allow":["GET"]}}],"collection":[{"href":"https:\/\/www.multicasa.com.br\/inicio\/wp-json\/wp\/v2\/product"}],"about":[{"href":"https:\/\/www.multicasa.com.br\/inicio\/wp-json\/wp\/v2\/types\/product"}],"wp:featuredmedia":[{"embeddable":true,"href":"https:\/\/www.multicasa.com.br\/inicio\/wp-json\/wp\/v2\/media\/25271"}],"wp:attachment":[{"href":"https:\/\/www.multicasa.com.br\/inicio\/wp-json\/wp\/v2\/media?parent=21539"}],"wp:term":[{"taxonomy":"product_brand","embeddable":true,"href":"https:\/\/www.multicasa.com.br\/inicio\/wp-json\/wp\/v2\/product_brand?post=21539"},{"taxonomy":"product_cat","embeddable":true,"href":"https:\/\/www.multicasa.com.br\/inicio\/wp-json\/wp\/v2\/product_cat?post=21539"},{"taxonomy":"product_tag","embeddable":true,"href":"https:\/\/www.multicasa.com.br\/inicio\/wp-json\/wp\/v2\/product_tag?post=21539"}],"curies":[{"name":"wp","href":"https:\/\/api.w.org\/{rel}","templated":true}]}}