{"id":21564,"date":"2025-06-20T20:21:16","date_gmt":"2025-06-21T00:21:16","guid":{"rendered":"https:\/\/www.multicasa.com.br\/inicio\/?post_type=product&#038;p=21564"},"modified":"2025-06-20T20:22:30","modified_gmt":"2025-06-21T00:22:30","slug":"mini-macarico-portatil-recarregavel-preto-western","status":"publish","type":"product","link":"https:\/\/www.multicasa.com.br\/inicio\/produto\/mini-macarico-portatil-recarregavel-preto-western\/","title":{"rendered":"Mini Ma\u00e7arico Port\u00e1til Recarreg\u00e1vel Preto Western"},"content":{"rendered":"<p>Mini Ma\u00e7arico Port\u00e1til Recarreg\u00e1vel a g\u00e1s Butano da Western para artesanatos, camping, lareiras, soldas e at\u00e9 mesmo laborat\u00f3rios. Possui trava para deslig\u00e1-lo e \u00e9 seguro para ser transportado. Possui base remov\u00edvel, bot\u00e3o de acendimento autom\u00e1tico e controle de fluxo de g\u00e1s para regulagem da chama. Ideal para quem preza por praticidade nas atividades do dia-a-dia.<\/p>\n","protected":false},"excerpt":{"rendered":"<h4 style=\"margin: 0px;padding: 0px 0px 16px;font-family: Lato, sans-serif;font-weight: bold;line-height: 3rem;color: var(--dark-grey3);font-size: 22px;font-style: normal;letter-spacing: normal;text-align: start;text-indent: 0px;text-transform: none\">Informa\u00e7\u00f5es t\u00e9cnicas<\/h4>\n<p><span style=\"margin: 0px;padding: 0px;font-weight: 450;font-size: 14px;line-height: 21px;color: var(--dark-grey2);font-family: Lato, sans-serif;font-style: normal;letter-spacing: normal;text-align: start;text-indent: 0px;text-transform: none\">Produto: Mini Ma\u00e7arico Port\u00e1til<br \/>\nCor: Incolor\/Preto<br \/>\nCaracter\u00edsticas: Port\u00e1til<br \/>\nRecarreg\u00e1vel a g\u00e1s butano<br \/>\nPossui bot\u00e3o de acendimento autom\u00e1tico<br \/>\nBase remov\u00edvel<br \/>\nControle de fluxo de g\u00e1s para regulagem da chama<br \/>\nPossui interruptor\/trava desliga<br \/>\nItens Inclusos: 1 mini ma\u00e7arico port\u00e1til<br \/>\nDimens\u00f5es do produto (A x L x P): 11 x 6 x 2,5cm<\/span><\/p>\n","protected":false},"featured_media":21632,"template":"","meta":{"_joinchat":[]},"product_brand":[],"product_cat":[93],"product_tag":[],"class_list":{"0":"post-21564","1":"product","2":"type-product","3":"status-publish","4":"has-post-thumbnail","6":"product_cat-utensilios-para-cozinha","8":"first","9":"outofstock","10":"shipping-taxable","11":"product-type-simple"},"_links":{"self":[{"href":"https:\/\/www.multicasa.com.br\/inicio\/wp-json\/wp\/v2\/product\/21564","targetHints":{"allow":["GET"]}}],"collection":[{"href":"https:\/\/www.multicasa.com.br\/inicio\/wp-json\/wp\/v2\/product"}],"about":[{"href":"https:\/\/www.multicasa.com.br\/inicio\/wp-json\/wp\/v2\/types\/product"}],"wp:featuredmedia":[{"embeddable":true,"href":"https:\/\/www.multicasa.com.br\/inicio\/wp-json\/wp\/v2\/media\/21632"}],"wp:attachment":[{"href":"https:\/\/www.multicasa.com.br\/inicio\/wp-json\/wp\/v2\/media?parent=21564"}],"wp:term":[{"taxonomy":"product_brand","embeddable":true,"href":"https:\/\/www.multicasa.com.br\/inicio\/wp-json\/wp\/v2\/product_brand?post=21564"},{"taxonomy":"product_cat","embeddable":true,"href":"https:\/\/www.multicasa.com.br\/inicio\/wp-json\/wp\/v2\/product_cat?post=21564"},{"taxonomy":"product_tag","embeddable":true,"href":"https:\/\/www.multicasa.com.br\/inicio\/wp-json\/wp\/v2\/product_tag?post=21564"}],"curies":[{"name":"wp","href":"https:\/\/api.w.org\/{rel}","templated":true}]}}