{"id":21567,"date":"2025-06-20T20:21:17","date_gmt":"2025-06-21T00:21:17","guid":{"rendered":"https:\/\/www.multicasa.com.br\/inicio\/?post_type=product&#038;p=21567"},"modified":"2025-06-20T20:22:34","modified_gmt":"2025-06-21T00:22:34","slug":"porta-frios-duplo-de-plastico-incolor-retangular-plasutil-11l","status":"publish","type":"product","link":"https:\/\/www.multicasa.com.br\/inicio\/produto\/porta-frios-duplo-de-plastico-incolor-retangular-plasutil-11l\/","title":{"rendered":"Porta Frios Duplo de Pl\u00e1stico Incolor Retangular Plas\u00fatil 1,1L"},"content":{"rendered":"<p>Porta Frios Duplo Retangular da Plas\u00fatil com tampa, muito resistente e f\u00e1cil de lavar. Ideal para voc\u00ea armazenar corretamente os frios, prolongando sabor e estado de conserva\u00e7\u00e3o. Produto leve, com tecnologia in label que n\u00e3o deixa a estampa da tampa desbotar. Feito de pl\u00e1stico, tem dimens\u00f5es de 24,2 x 17,5 x 4,8 cm e capacidade m\u00e1xima para at\u00e9 1,1 litro. Otimize espa\u00e7o na sua geladeira com este utens\u00edlio.<\/p>\n","protected":false},"excerpt":{"rendered":"<h4 style=\"margin: 0px;padding: 0px 0px 16px;font-family: Lato, sans-serif;font-weight: bold;line-height: 3rem;color: var(--dark-grey3);font-size: 22px;font-style: normal;letter-spacing: normal;text-align: start;text-indent: 0px;text-transform: none\">Informa\u00e7\u00f5es t\u00e9cnicas<\/h4>\n<p><span style=\"margin: 0px;padding: 0px;font-weight: 450;font-size: 14px;line-height: 21px;color: var(--dark-grey2);font-family: Lato, sans-serif;font-style: normal;letter-spacing: normal;text-align: start;text-indent: 0px;text-transform: none\">Produto: Porta frios<br \/>\nMarca: Plas\u00fatil<br \/>\nMaterial: Pl\u00e1stico<br \/>\nCor: Incolor e branco<br \/>\nCapacidade: 1,1L<br \/>\nCaracter\u00edstica: Com tampa;<br \/>\nPossui duas divis\u00f3rias<br \/>\nEstampa n\u00e3o desbota<br \/>\nItens inclusos: 1 Porta frios<br \/>\nDimens\u00f5es do produto (A x L x P): 4,8 x 24,2 x 17,5cm<\/span><\/p>\n","protected":false},"featured_media":21636,"template":"","meta":{"_joinchat":[]},"product_brand":[],"product_cat":[93],"product_tag":[],"class_list":{"0":"post-21567","1":"product","2":"type-product","3":"status-publish","4":"has-post-thumbnail","6":"product_cat-utensilios-para-cozinha","8":"first","9":"outofstock","10":"shipping-taxable","11":"product-type-simple"},"_links":{"self":[{"href":"https:\/\/www.multicasa.com.br\/inicio\/wp-json\/wp\/v2\/product\/21567","targetHints":{"allow":["GET"]}}],"collection":[{"href":"https:\/\/www.multicasa.com.br\/inicio\/wp-json\/wp\/v2\/product"}],"about":[{"href":"https:\/\/www.multicasa.com.br\/inicio\/wp-json\/wp\/v2\/types\/product"}],"wp:featuredmedia":[{"embeddable":true,"href":"https:\/\/www.multicasa.com.br\/inicio\/wp-json\/wp\/v2\/media\/21636"}],"wp:attachment":[{"href":"https:\/\/www.multicasa.com.br\/inicio\/wp-json\/wp\/v2\/media?parent=21567"}],"wp:term":[{"taxonomy":"product_brand","embeddable":true,"href":"https:\/\/www.multicasa.com.br\/inicio\/wp-json\/wp\/v2\/product_brand?post=21567"},{"taxonomy":"product_cat","embeddable":true,"href":"https:\/\/www.multicasa.com.br\/inicio\/wp-json\/wp\/v2\/product_cat?post=21567"},{"taxonomy":"product_tag","embeddable":true,"href":"https:\/\/www.multicasa.com.br\/inicio\/wp-json\/wp\/v2\/product_tag?post=21567"}],"curies":[{"name":"wp","href":"https:\/\/api.w.org\/{rel}","templated":true}]}}