{"id":21593,"date":"2025-06-20T20:21:42","date_gmt":"2025-06-21T00:21:42","guid":{"rendered":"https:\/\/www.multicasa.com.br\/inicio\/?post_type=product&#038;p=21593"},"modified":"2025-06-23T10:38:21","modified_gmt":"2025-06-23T14:38:21","slug":"tampa-ferro-fundido-para-rede-eletrica-60x60-edyp","status":"publish","type":"product","link":"https:\/\/www.multicasa.com.br\/inicio\/produto\/tampa-ferro-fundido-para-rede-eletrica-60x60-edyp\/","title":{"rendered":"Tampa Ferro Fundido Para Rede El\u00e9trica 60X60 Edyp"},"content":{"rendered":"<p>A tampa para esgoto da Edyp \u00e9 fabricado em ferro fundido garantindo alta durabilidade e qualidade. Ideal para redes de esgoto. Todas as informa\u00e7\u00f5es divulgadas s\u00e3o de responsabilidade do Fabricante\/Fornecedor.<\/p>\n","protected":false},"excerpt":{"rendered":"<h4 style=\"margin: 0px;padding: 0px 0px 16px;font-family: Lato, sans-serif;font-weight: bold;line-height: 3rem;color: var(--dark-grey3);font-size: 22px;font-style: normal;letter-spacing: normal;text-align: start;text-indent: 0px;text-transform: none\">Informa\u00e7\u00f5es t\u00e9cnicas<\/h4>\n<p><span style=\"margin: 0px;padding: 0px;font-weight: 450;font-size: 14px;line-height: 21px;color: var(--dark-grey2);font-family: Lato, sans-serif;font-style: normal;letter-spacing: normal;text-align: start;text-indent: 0px;text-transform: none\">Produto: TAMPA FERRO FUNDIDO PARA REDE EL\u00c9TRICA EDYP<\/p>\n<p>&#8211; Material: Ferro;<br \/>\n&#8211; Tamanho: 60x60cm.<\/p>\n<p>A tampa para esgoto da Edyp \u00e9 fabricado em ferro fundido garantindo alta durabilidade e qualidade. Ideal para redes de esgoto. Todas as informa\u00e7\u00f5es divulgadas s\u00e3o de responsabilidade do Fabricante\/Fornecedor.  No site da multicasa voc\u00ea encontra solu\u00e7\u00f5es pr\u00e1ticas para qualquer situa\u00e7\u00e3o, inclusive outras op\u00e7\u00f5es de clampers e materiais para seu conforto.<\/span><\/p>\n","protected":false},"featured_media":26053,"template":"","meta":{"_joinchat":[]},"product_brand":[],"product_cat":[119],"product_tag":[],"class_list":{"0":"post-21593","1":"product","2":"type-product","3":"status-publish","4":"has-post-thumbnail","6":"product_cat-materiais-eletricos","8":"first","9":"outofstock","10":"shipping-taxable","11":"product-type-simple"},"_links":{"self":[{"href":"https:\/\/www.multicasa.com.br\/inicio\/wp-json\/wp\/v2\/product\/21593","targetHints":{"allow":["GET"]}}],"collection":[{"href":"https:\/\/www.multicasa.com.br\/inicio\/wp-json\/wp\/v2\/product"}],"about":[{"href":"https:\/\/www.multicasa.com.br\/inicio\/wp-json\/wp\/v2\/types\/product"}],"wp:featuredmedia":[{"embeddable":true,"href":"https:\/\/www.multicasa.com.br\/inicio\/wp-json\/wp\/v2\/media\/26053"}],"wp:attachment":[{"href":"https:\/\/www.multicasa.com.br\/inicio\/wp-json\/wp\/v2\/media?parent=21593"}],"wp:term":[{"taxonomy":"product_brand","embeddable":true,"href":"https:\/\/www.multicasa.com.br\/inicio\/wp-json\/wp\/v2\/product_brand?post=21593"},{"taxonomy":"product_cat","embeddable":true,"href":"https:\/\/www.multicasa.com.br\/inicio\/wp-json\/wp\/v2\/product_cat?post=21593"},{"taxonomy":"product_tag","embeddable":true,"href":"https:\/\/www.multicasa.com.br\/inicio\/wp-json\/wp\/v2\/product_tag?post=21593"}],"curies":[{"name":"wp","href":"https:\/\/api.w.org\/{rel}","templated":true}]}}