{"id":21608,"date":"2025-06-20T20:22:04","date_gmt":"2025-06-21T00:22:04","guid":{"rendered":"https:\/\/www.multicasa.com.br\/inicio\/?post_type=product&#038;p=21608"},"modified":"2025-12-16T19:19:56","modified_gmt":"2025-12-16T23:19:56","slug":"trava-multiuso-para-armarios-e-gavetas-branco-joy-ordene-18cm-2-unidades","status":"publish","type":"product","link":"https:\/\/www.multicasa.com.br\/inicio\/produto\/trava-multiuso-para-armarios-e-gavetas-branco-joy-ordene-18cm-2-unidades\/","title":{"rendered":"Trava Multiuso para Arm\u00e1rios e Gavetas Branco Joy Ordene 18cm 2 Unidades"},"content":{"rendered":"<p>A Trava Multiuso para Arm\u00e1rios e Gavetas Joy Ordene, \u00e9 feita para proteger os mais diversos ambientes, sendo ideal para ser usada em quinas, portas e gavetas. Cont\u00e9m duas travas flex\u00edveis na cor branca, produzidas em material resistente com aproximadamente 2,8 x 18cm. F\u00e1cil de aplicar<\/p>\n","protected":false},"excerpt":{"rendered":"<h4 style=\"margin: 0px;padding: 0px 0px 16px;font-family: Lato, sans-serif;font-weight: bold;line-height: 3rem;color: var(--dark-grey3);font-size: 22px;font-style: normal;letter-spacing: normal;text-align: start;text-indent: 0px;text-transform: none\">Informa\u00e7\u00f5es t\u00e9cnicas<\/h4>\n<p><span style=\"margin: 0px;padding: 0px;font-weight: 450;font-size: 14px;line-height: 21px;color: var(--dark-grey2);font-family: Lato, sans-serif;font-style: normal;letter-spacing: normal;text-align: start;text-indent: 0px;text-transform: none\">Produto: Trava Multiuso<br \/>\nMarca: Ordene<br \/>\nMaterial: Polipropileno<br \/>\nBorracha<br \/>\nCor: Prata<br \/>\nCaracter\u00edsticas: Ideal para quinas, portas e gavetas<br \/>\nF\u00e1cil de usar<br \/>\nItens Inclusos: 2 travas multiuso<br \/>\nDimens\u00f5es do produto (A X L X P): 2,8 x 18 x 0,8cm<br \/>\n<\/span><\/p>\n","protected":false},"featured_media":21665,"template":"","meta":{"_joinchat":[]},"product_brand":[],"product_cat":[161],"product_tag":[],"class_list":{"0":"post-21608","1":"product","2":"type-product","3":"status-publish","4":"has-post-thumbnail","6":"product_cat-seguranca","8":"first","9":"outofstock","10":"shipping-taxable","11":"product-type-simple"},"_links":{"self":[{"href":"https:\/\/www.multicasa.com.br\/inicio\/wp-json\/wp\/v2\/product\/21608","targetHints":{"allow":["GET"]}}],"collection":[{"href":"https:\/\/www.multicasa.com.br\/inicio\/wp-json\/wp\/v2\/product"}],"about":[{"href":"https:\/\/www.multicasa.com.br\/inicio\/wp-json\/wp\/v2\/types\/product"}],"wp:featuredmedia":[{"embeddable":true,"href":"https:\/\/www.multicasa.com.br\/inicio\/wp-json\/wp\/v2\/media\/21665"}],"wp:attachment":[{"href":"https:\/\/www.multicasa.com.br\/inicio\/wp-json\/wp\/v2\/media?parent=21608"}],"wp:term":[{"taxonomy":"product_brand","embeddable":true,"href":"https:\/\/www.multicasa.com.br\/inicio\/wp-json\/wp\/v2\/product_brand?post=21608"},{"taxonomy":"product_cat","embeddable":true,"href":"https:\/\/www.multicasa.com.br\/inicio\/wp-json\/wp\/v2\/product_cat?post=21608"},{"taxonomy":"product_tag","embeddable":true,"href":"https:\/\/www.multicasa.com.br\/inicio\/wp-json\/wp\/v2\/product_tag?post=21608"}],"curies":[{"name":"wp","href":"https:\/\/api.w.org\/{rel}","templated":true}]}}