{"id":21611,"date":"2025-06-20T20:22:04","date_gmt":"2025-06-21T00:22:04","guid":{"rendered":"https:\/\/www.multicasa.com.br\/inicio\/?post_type=product&#038;p=21611"},"modified":"2025-12-16T19:20:05","modified_gmt":"2025-12-16T23:20:05","slug":"trava-multiuso-para-armarios-coracao-branco-joy-ordene","status":"publish","type":"product","link":"https:\/\/www.multicasa.com.br\/inicio\/produto\/trava-multiuso-para-armarios-coracao-branco-joy-ordene\/","title":{"rendered":"Trava Multiuso para Arm\u00e1rios Cora\u00e7\u00e3o Branco Joy Ordene"},"content":{"rendered":"<p>A Trava Multiuso para Arm\u00e1rios em formato de cora\u00e7\u00e3o na cor branca Joy Ordene \u00e9 ideal para evitar que as crian\u00e7as abram as portas dos arm\u00e1rios na casa. Seu tamanho \u00e9 de aproximadamente 7,9 x 22,5cm, sendo confeccionada em pl\u00e1stico super resistente, possui f\u00e1cil aplica\u00e7\u00e3o e n\u00e3o danifica os m\u00f3veis.<\/p>\n","protected":false},"excerpt":{"rendered":"<h4 style=\"margin: 0px;padding: 0px 0px 16px;font-family: Lato, sans-serif;font-weight: bold;line-height: 3rem;color: var(--dark-grey3);font-size: 22px;font-style: normal;letter-spacing: normal;text-align: start;text-indent: 0px;text-transform: none\">Informa\u00e7\u00f5es t\u00e9cnicas<\/h4>\n<p><span style=\"margin: 0px;padding: 0px;font-weight: 450;font-size: 14px;line-height: 21px;color: var(--dark-grey2);font-family: Lato, sans-serif;font-style: normal;letter-spacing: normal;text-align: start;text-indent: 0px;text-transform: none\">Produto: Trava Multiuso<br \/>\nMarca: Ordene<br \/>\nMaterial: Pl\u00e1stico<br \/>\nCor: Branco<br \/>\nCaracter\u00edsticas: Formato de cora\u00e7\u00e3o<br \/>\nF\u00e1cil de usar<br \/>\nEvita que crian\u00e7as abram o arm\u00e1rio<br \/>\nN\u00e3o danifica os m\u00f3veis<br \/>\nItens Inclusos: 1 trava multiuso<br \/>\nDimens\u00f5es do produto (A X L X P): 22,5 x 7,9 x 1,3cm<br \/>\n<\/span><\/p>\n","protected":false},"featured_media":26157,"template":"","meta":{"_joinchat":[]},"product_brand":[],"product_cat":[161],"product_tag":[],"class_list":{"0":"post-21611","1":"product","2":"type-product","3":"status-publish","4":"has-post-thumbnail","6":"product_cat-seguranca","8":"first","9":"outofstock","10":"shipping-taxable","11":"product-type-simple"},"_links":{"self":[{"href":"https:\/\/www.multicasa.com.br\/inicio\/wp-json\/wp\/v2\/product\/21611","targetHints":{"allow":["GET"]}}],"collection":[{"href":"https:\/\/www.multicasa.com.br\/inicio\/wp-json\/wp\/v2\/product"}],"about":[{"href":"https:\/\/www.multicasa.com.br\/inicio\/wp-json\/wp\/v2\/types\/product"}],"wp:featuredmedia":[{"embeddable":true,"href":"https:\/\/www.multicasa.com.br\/inicio\/wp-json\/wp\/v2\/media\/26157"}],"wp:attachment":[{"href":"https:\/\/www.multicasa.com.br\/inicio\/wp-json\/wp\/v2\/media?parent=21611"}],"wp:term":[{"taxonomy":"product_brand","embeddable":true,"href":"https:\/\/www.multicasa.com.br\/inicio\/wp-json\/wp\/v2\/product_brand?post=21611"},{"taxonomy":"product_cat","embeddable":true,"href":"https:\/\/www.multicasa.com.br\/inicio\/wp-json\/wp\/v2\/product_cat?post=21611"},{"taxonomy":"product_tag","embeddable":true,"href":"https:\/\/www.multicasa.com.br\/inicio\/wp-json\/wp\/v2\/product_tag?post=21611"}],"curies":[{"name":"wp","href":"https:\/\/api.w.org\/{rel}","templated":true}]}}