{"id":21628,"date":"2025-06-20T20:22:27","date_gmt":"2025-06-21T00:22:27","guid":{"rendered":"https:\/\/www.multicasa.com.br\/inicio\/?post_type=product&#038;p=21628"},"modified":"2025-08-18T03:44:11","modified_gmt":"2025-08-18T07:44:11","slug":"grafite-lubrificante-em-po-vonder-25g","status":"publish","type":"product","link":"https:\/\/www.multicasa.com.br\/inicio\/produto\/grafite-lubrificante-em-po-vonder-25g\/","title":{"rendered":"Grafite Lubrificante em P\u00f3 Vonder 25g"},"content":{"rendered":"<p>Use o grafite lubrificante em p\u00f3 Vonder para preservar canaletas de vidros, cadeados, fechaduras e etc. Pr\u00e1tico, \u00e9 ideal para lubrificar diversas superf\u00edcies e prolongar a vida \u00fatil dos mecanismos.<\/p>\n","protected":false},"excerpt":{"rendered":"<h4 style=\"margin: 0px;padding: 0px 0px 16px;font-family: Lato, sans-serif;font-weight: bold;line-height: 3rem;color: var(--dark-grey3);font-size: 22px;font-style: normal;letter-spacing: normal;text-align: start;text-indent: 0px;text-transform: none\">Informa\u00e7\u00f5es t\u00e9cnicas<\/h4>\n<p><span style=\"margin: 0px;padding: 0px;font-weight: 450;font-size: 14px;line-height: 21px;color: var(--dark-grey2);font-family: Lato, sans-serif;font-style: normal;letter-spacing: normal;text-align: start;text-indent: 0px;text-transform: none\">Produto: Grafite Lubrificante em P\u00f3<br \/>\nMarca: Vonder<br \/>\nConte\u00fado: 25g<br \/>\nCaracter\u00edsticas: Aplica\u00e7\u00e3o em canaletas<br \/>\nCadeados<br \/>\nFechaduras e outros<br \/>\nItens Inclusos: 1 grafite lubrificante em p\u00f3<\/span><\/p>\n","protected":false},"featured_media":21694,"template":"","meta":{"_joinchat":[]},"product_brand":[],"product_cat":[162],"product_tag":[],"class_list":{"0":"post-21628","1":"product","2":"type-product","3":"status-publish","4":"has-post-thumbnail","6":"product_cat-colas-e-cia","8":"first","9":"outofstock","10":"shipping-taxable","11":"purchasable","12":"product-type-simple"},"_links":{"self":[{"href":"https:\/\/www.multicasa.com.br\/inicio\/wp-json\/wp\/v2\/product\/21628","targetHints":{"allow":["GET"]}}],"collection":[{"href":"https:\/\/www.multicasa.com.br\/inicio\/wp-json\/wp\/v2\/product"}],"about":[{"href":"https:\/\/www.multicasa.com.br\/inicio\/wp-json\/wp\/v2\/types\/product"}],"wp:featuredmedia":[{"embeddable":true,"href":"https:\/\/www.multicasa.com.br\/inicio\/wp-json\/wp\/v2\/media\/21694"}],"wp:attachment":[{"href":"https:\/\/www.multicasa.com.br\/inicio\/wp-json\/wp\/v2\/media?parent=21628"}],"wp:term":[{"taxonomy":"product_brand","embeddable":true,"href":"https:\/\/www.multicasa.com.br\/inicio\/wp-json\/wp\/v2\/product_brand?post=21628"},{"taxonomy":"product_cat","embeddable":true,"href":"https:\/\/www.multicasa.com.br\/inicio\/wp-json\/wp\/v2\/product_cat?post=21628"},{"taxonomy":"product_tag","embeddable":true,"href":"https:\/\/www.multicasa.com.br\/inicio\/wp-json\/wp\/v2\/product_tag?post=21628"}],"curies":[{"name":"wp","href":"https:\/\/api.w.org\/{rel}","templated":true}]}}