{"id":21629,"date":"2025-06-20T20:22:27","date_gmt":"2025-06-21T00:22:27","guid":{"rendered":"https:\/\/www.multicasa.com.br\/inicio\/?post_type=product&#038;p=21629"},"modified":"2025-08-18T03:44:13","modified_gmt":"2025-08-18T07:44:13","slug":"tampa-para-micro-ondas-branca-sanremo","status":"publish","type":"product","link":"https:\/\/www.multicasa.com.br\/inicio\/produto\/tampa-para-micro-ondas-branca-sanremo\/","title":{"rendered":"Tampa para Micro-ondas Branca Sanremo"},"content":{"rendered":"<p>Use a Tampa para Micro-ondas Sanremo para aquecer os alimentos com seguran\u00e7a e manter a limpeza do seu forno micro-ondas. Com dimens\u00f5es de 27 x 7cm e 2800ml, possui sa\u00edda \u00e0 vapor e \u00e9 ideal para ser usada no dia-a-dia. Prolongue a vida \u00fatil do seu forno micro-ondas e mantenha-o sempre limpo.<\/p>\n","protected":false},"excerpt":{"rendered":"<h4 style=\"margin: 0px;padding: 0px 0px 16px;font-family: Lato, sans-serif;font-weight: bold;line-height: 3rem;color: var(--dark-grey3);font-size: 22px;font-style: normal;letter-spacing: normal;text-align: start;text-indent: 0px;text-transform: none\">Informa\u00e7\u00f5es t\u00e9cnicas<\/h4>\n<p><span style=\"margin: 0px;padding: 0px;font-weight: 450;font-size: 14px;line-height: 21px;color: var(--dark-grey2);font-family: Lato, sans-serif;font-style: normal;letter-spacing: normal;text-align: start;text-indent: 0px;text-transform: none\">Produto: Tampa para Micro-ondas<br \/>\nMarca: Sanremo<br \/>\nMaterial: Pl\u00e1stico<br \/>\nCor: Branco<br \/>\nItens Inclusos: 1 Tampa para micro-ondas<br \/>\nDimens\u00f5es do produto (A X L): 7 x 27cm<\/span><\/p>\n","protected":false},"featured_media":26055,"template":"","meta":{"_joinchat":[]},"product_brand":[],"product_cat":[93],"product_tag":[],"class_list":{"0":"post-21629","1":"product","2":"type-product","3":"status-publish","4":"has-post-thumbnail","6":"product_cat-utensilios-para-cozinha","8":"first","9":"outofstock","10":"shipping-taxable","11":"purchasable","12":"product-type-simple"},"_links":{"self":[{"href":"https:\/\/www.multicasa.com.br\/inicio\/wp-json\/wp\/v2\/product\/21629","targetHints":{"allow":["GET"]}}],"collection":[{"href":"https:\/\/www.multicasa.com.br\/inicio\/wp-json\/wp\/v2\/product"}],"about":[{"href":"https:\/\/www.multicasa.com.br\/inicio\/wp-json\/wp\/v2\/types\/product"}],"wp:featuredmedia":[{"embeddable":true,"href":"https:\/\/www.multicasa.com.br\/inicio\/wp-json\/wp\/v2\/media\/26055"}],"wp:attachment":[{"href":"https:\/\/www.multicasa.com.br\/inicio\/wp-json\/wp\/v2\/media?parent=21629"}],"wp:term":[{"taxonomy":"product_brand","embeddable":true,"href":"https:\/\/www.multicasa.com.br\/inicio\/wp-json\/wp\/v2\/product_brand?post=21629"},{"taxonomy":"product_cat","embeddable":true,"href":"https:\/\/www.multicasa.com.br\/inicio\/wp-json\/wp\/v2\/product_cat?post=21629"},{"taxonomy":"product_tag","embeddable":true,"href":"https:\/\/www.multicasa.com.br\/inicio\/wp-json\/wp\/v2\/product_tag?post=21629"}],"curies":[{"name":"wp","href":"https:\/\/api.w.org\/{rel}","templated":true}]}}