{"id":21647,"date":"2025-06-20T20:22:49","date_gmt":"2025-06-21T00:22:49","guid":{"rendered":"https:\/\/www.multicasa.com.br\/inicio\/?post_type=product&#038;p=21647"},"modified":"2025-06-20T20:23:35","modified_gmt":"2025-06-21T00:23:35","slug":"garrafa-termica-air-pot-preta-invicta-500ml","status":"publish","type":"product","link":"https:\/\/www.multicasa.com.br\/inicio\/produto\/garrafa-termica-air-pot-preta-invicta-500ml\/","title":{"rendered":"Garrafa T\u00e9rmica Air Pot Preta Invicta 500ml"},"content":{"rendered":"<p>Com a Garrafa T\u00e9rmica Air Pot Preta Invicta voc\u00ea tem a op\u00e7\u00e3o perfeita para conservar l\u00edquido quentes ou frios. Com capacidade para 500ml, possui ampola de vidro e corpo de polipropileno preto e \u00e9 perfeita para deixar sua mesa mais bonita. Possui sistema de acionamento por press\u00e3o e al\u00e7a retr\u00e1til para transporte garantindo mais praticidade e seguran\u00e7a. Perfeita para uso dom\u00e9stico ou institucional<\/p>\n","protected":false},"excerpt":{"rendered":"<h4 style=\"margin: 0px;padding: 0px 0px 16px;font-family: Lato, sans-serif;font-weight: bold;line-height: 3rem;color: var(--dark-grey3);font-size: 22px;font-style: normal;letter-spacing: normal;text-align: start;text-indent: 0px;text-transform: none\">Informa\u00e7\u00f5es t\u00e9cnicas<\/h4>\n<p><span style=\"margin: 0px;padding: 0px;font-weight: 450;font-size: 14px;line-height: 21px;color: var(--dark-grey2);font-family: Lato, sans-serif;font-style: normal;letter-spacing: normal;text-align: start;text-indent: 0px;text-transform: none\">Produto: Garrafa<br \/>\nTipo: T\u00e9rmica<br \/>\nMarca: Invicta<br \/>\nMaterial: Pl\u00e1stico<br \/>\nVidro<br \/>\nCor: Preto<br \/>\nCapacidade: 500ml<br \/>\nCaracter\u00edsticas: Possui al\u00e7a<br \/>\nItens Inclusos: 1 garrafa<br \/>\nDimens\u00f5es do produto (A x L x P): 27,6 x 13,6 x 11,5cm<\/span><\/p>\n","protected":false},"featured_media":21699,"template":"","meta":{"_joinchat":[]},"product_brand":[],"product_cat":[93],"product_tag":[],"class_list":{"0":"post-21647","1":"product","2":"type-product","3":"status-publish","4":"has-post-thumbnail","6":"product_cat-utensilios-para-cozinha","8":"first","9":"outofstock","10":"shipping-taxable","11":"product-type-simple"},"_links":{"self":[{"href":"https:\/\/www.multicasa.com.br\/inicio\/wp-json\/wp\/v2\/product\/21647","targetHints":{"allow":["GET"]}}],"collection":[{"href":"https:\/\/www.multicasa.com.br\/inicio\/wp-json\/wp\/v2\/product"}],"about":[{"href":"https:\/\/www.multicasa.com.br\/inicio\/wp-json\/wp\/v2\/types\/product"}],"wp:featuredmedia":[{"embeddable":true,"href":"https:\/\/www.multicasa.com.br\/inicio\/wp-json\/wp\/v2\/media\/21699"}],"wp:attachment":[{"href":"https:\/\/www.multicasa.com.br\/inicio\/wp-json\/wp\/v2\/media?parent=21647"}],"wp:term":[{"taxonomy":"product_brand","embeddable":true,"href":"https:\/\/www.multicasa.com.br\/inicio\/wp-json\/wp\/v2\/product_brand?post=21647"},{"taxonomy":"product_cat","embeddable":true,"href":"https:\/\/www.multicasa.com.br\/inicio\/wp-json\/wp\/v2\/product_cat?post=21647"},{"taxonomy":"product_tag","embeddable":true,"href":"https:\/\/www.multicasa.com.br\/inicio\/wp-json\/wp\/v2\/product_tag?post=21647"}],"curies":[{"name":"wp","href":"https:\/\/api.w.org\/{rel}","templated":true}]}}