{"id":21651,"date":"2025-06-20T20:22:50","date_gmt":"2025-06-21T00:22:50","guid":{"rendered":"https:\/\/www.multicasa.com.br\/inicio\/?post_type=product&#038;p=21651"},"modified":"2025-06-20T20:23:45","modified_gmt":"2025-06-21T00:23:45","slug":"alarme-e-anunciador-de-presenca-para-porta-key-west","status":"publish","type":"product","link":"https:\/\/www.multicasa.com.br\/inicio\/produto\/alarme-e-anunciador-de-presenca-para-porta-key-west\/","title":{"rendered":"Alarme e Anunciador de Presen\u00e7a para Porta Key West"},"content":{"rendered":"<p>Use o alarme e anunciador de presen\u00e7a da Key West para ficar mais atento sobre a movimenta\u00e7\u00e3o do seu com\u00e9rcio ou resid\u00eancia. Possui duas fun\u00e7\u00f5es pr\u00e1ticas para o dia-a-dia. Quando na fun\u00e7\u00e3o campainha, soa ?ding-dong? se a porta \u00e9 aberta e, quando na fun\u00e7\u00e3o alarme, dispara uma sirene interna de 100db. Sua instala\u00e7\u00e3o \u00e9 pratica, n\u00e3o precisa de energia el\u00e9trica e possui adesivo dupla-face que dispensa os furos nas paredes. Feito de pl\u00e1stico ABS na cor branca, funciona \u00e0 base de 3 baterias LR-44 (n\u00e3o inclusas) e tem bot\u00e3o para desligar. Ideal para proteger seu neg\u00f3cio ou sua casa.<\/p>\n","protected":false},"excerpt":{"rendered":"<h4 style=\"margin: 0px;padding: 0px 0px 16px;font-family: Lato, sans-serif;font-weight: bold;line-height: 3rem;color: var(--dark-grey3);font-size: 22px;font-style: normal;letter-spacing: normal;text-align: start;text-indent: 0px;text-transform: none\">Informa\u00e7\u00f5es t\u00e9cnicas<\/h4>\n<p><span style=\"margin: 0px;padding: 0px;font-weight: 450;font-size: 14px;line-height: 21px;color: var(--dark-grey2);font-family: Lato, sans-serif;font-style: normal;letter-spacing: normal;text-align: start;text-indent: 0px;text-transform: none\">Produto: Alarme e Anunciador de Presen\u00e7a<br \/>\nMarca: Key West<br \/>\nMaterial: Pl\u00e1stico ABS<br \/>\nCor: Branca<br \/>\nCaracter\u00edsticas: Possui volume 100 DB. N\u00e3o Possui controle de volume<br \/>\nPossui dois sons, sirene para alarme e ding-dong para anunciador<br \/>\nFunciona com 3 bateria LR-44 (inclusas)<br \/>\nItens Inclusos: 1 Alarme e anunciador de presen\u00e7a<br \/>\nDimens\u00f5es (A X L X P): 6 x 3 x 2cm<br \/>\nPeso: 37g<br \/>\n<\/span><\/p>\n","protected":false},"featured_media":21714,"template":"","meta":{"_joinchat":[]},"product_brand":[],"product_cat":[161],"product_tag":[],"class_list":{"0":"post-21651","1":"product","2":"type-product","3":"status-publish","4":"has-post-thumbnail","6":"product_cat-seguranca","8":"first","9":"outofstock","10":"shipping-taxable","11":"product-type-simple"},"_links":{"self":[{"href":"https:\/\/www.multicasa.com.br\/inicio\/wp-json\/wp\/v2\/product\/21651","targetHints":{"allow":["GET"]}}],"collection":[{"href":"https:\/\/www.multicasa.com.br\/inicio\/wp-json\/wp\/v2\/product"}],"about":[{"href":"https:\/\/www.multicasa.com.br\/inicio\/wp-json\/wp\/v2\/types\/product"}],"wp:featuredmedia":[{"embeddable":true,"href":"https:\/\/www.multicasa.com.br\/inicio\/wp-json\/wp\/v2\/media\/21714"}],"wp:attachment":[{"href":"https:\/\/www.multicasa.com.br\/inicio\/wp-json\/wp\/v2\/media?parent=21651"}],"wp:term":[{"taxonomy":"product_brand","embeddable":true,"href":"https:\/\/www.multicasa.com.br\/inicio\/wp-json\/wp\/v2\/product_brand?post=21651"},{"taxonomy":"product_cat","embeddable":true,"href":"https:\/\/www.multicasa.com.br\/inicio\/wp-json\/wp\/v2\/product_cat?post=21651"},{"taxonomy":"product_tag","embeddable":true,"href":"https:\/\/www.multicasa.com.br\/inicio\/wp-json\/wp\/v2\/product_tag?post=21651"}],"curies":[{"name":"wp","href":"https:\/\/api.w.org\/{rel}","templated":true}]}}