{"id":21672,"date":"2025-06-20T20:23:14","date_gmt":"2025-06-21T00:23:14","guid":{"rendered":"https:\/\/www.multicasa.com.br\/inicio\/?post_type=product&#038;p=21672"},"modified":"2025-06-20T20:23:54","modified_gmt":"2025-06-21T00:23:54","slug":"bico-dosador-para-azeite-vinagre-de-inox-com-2-pecas-euro-home","status":"publish","type":"product","link":"https:\/\/www.multicasa.com.br\/inicio\/produto\/bico-dosador-para-azeite-vinagre-de-inox-com-2-pecas-euro-home\/","title":{"rendered":"Bico Dosador para Azeite\/Vinagre de Inox com 2 pe\u00e7as Euro Home"},"content":{"rendered":"<p>O Bico Dosador de inox para azeite, vinagre e outros l\u00edquidos com 2 pe\u00e7as da Euro Home proporciona praticidade, modernidade e efici\u00eancia na hora de servir. Suas dimens\u00f5es s\u00e3o de 9 x 3,5 x 13,5cm com peso de 0,03kg. Ambas as pe\u00e7as v\u00eam com tampa para garantir mais higiene.<\/p>\n","protected":false},"excerpt":{"rendered":"<h4 style=\"margin: 0px;padding: 0px 0px 16px;font-family: Lato, sans-serif;font-weight: bold;line-height: 3rem;color: var(--dark-grey3);font-size: 22px;font-style: normal;letter-spacing: normal;text-align: start;text-indent: 0px;text-transform: none\">Informa\u00e7\u00f5es t\u00e9cnicas<\/h4>\n<p><span style=\"margin: 0px;padding: 0px;font-weight: 450;font-size: 14px;line-height: 21px;color: var(--dark-grey2);font-family: Lato, sans-serif;font-style: normal;letter-spacing: normal;text-align: start;text-indent: 0px;text-transform: none\">Produto: Bico dosador para azeite\/vinagre<br \/>\nMarca: Euro Home<br \/>\nMaterial: Corpo em inox; tampa e a borracha de pl\u00e1stico PP<br \/>\nCor: prata, preto<br \/>\nQuantidade de Pe\u00e7as: 2 itens<br \/>\nItens Inclusos: 2 Bicos dosadores para azeite\/vinagre<br \/>\nDimens\u00f5es do produto (A x L x P): 13,5 x 9 x 3,5cm<br \/>\nPeso do produto: 3g<br \/>\n<\/span><\/p>\n","protected":false},"featured_media":21720,"template":"","meta":{"_joinchat":[]},"product_brand":[],"product_cat":[93],"product_tag":[],"class_list":{"0":"post-21672","1":"product","2":"type-product","3":"status-publish","4":"has-post-thumbnail","6":"product_cat-utensilios-para-cozinha","8":"first","9":"outofstock","10":"shipping-taxable","11":"product-type-simple"},"_links":{"self":[{"href":"https:\/\/www.multicasa.com.br\/inicio\/wp-json\/wp\/v2\/product\/21672","targetHints":{"allow":["GET"]}}],"collection":[{"href":"https:\/\/www.multicasa.com.br\/inicio\/wp-json\/wp\/v2\/product"}],"about":[{"href":"https:\/\/www.multicasa.com.br\/inicio\/wp-json\/wp\/v2\/types\/product"}],"wp:featuredmedia":[{"embeddable":true,"href":"https:\/\/www.multicasa.com.br\/inicio\/wp-json\/wp\/v2\/media\/21720"}],"wp:attachment":[{"href":"https:\/\/www.multicasa.com.br\/inicio\/wp-json\/wp\/v2\/media?parent=21672"}],"wp:term":[{"taxonomy":"product_brand","embeddable":true,"href":"https:\/\/www.multicasa.com.br\/inicio\/wp-json\/wp\/v2\/product_brand?post=21672"},{"taxonomy":"product_cat","embeddable":true,"href":"https:\/\/www.multicasa.com.br\/inicio\/wp-json\/wp\/v2\/product_cat?post=21672"},{"taxonomy":"product_tag","embeddable":true,"href":"https:\/\/www.multicasa.com.br\/inicio\/wp-json\/wp\/v2\/product_tag?post=21672"}],"curies":[{"name":"wp","href":"https:\/\/api.w.org\/{rel}","templated":true}]}}