{"id":21674,"date":"2025-06-20T20:23:14","date_gmt":"2025-06-21T00:23:14","guid":{"rendered":"https:\/\/www.multicasa.com.br\/inicio\/?post_type=product&#038;p=21674"},"modified":"2025-06-20T20:24:10","modified_gmt":"2025-06-21T00:24:10","slug":"champanheira-de-poliestireno-ou-35l","status":"publish","type":"product","link":"https:\/\/www.multicasa.com.br\/inicio\/produto\/champanheira-de-poliestireno-ou-35l\/","title":{"rendered":"Champanheira de Poliestireno OU 3,5L"},"content":{"rendered":"<p>Com a champanheira de poliestireno OU com capacidade para 3,5L voc\u00ea ter\u00e1 sua bebida na temperatura ideal. Tenha um cooler para gelar o vinho, cerveja e demais bebidas da sua prefer\u00eancia. Suportando temperaturas de at\u00e9 100\u00b0C, seu balde de gelo manter\u00e1 suas bebidas geladas. Possui al\u00e7a manuse\u00e1vel e pode ser levado ao freezer.<\/p>\n","protected":false},"excerpt":{"rendered":"<h4 style=\"margin: 0px;padding: 0px 0px 16px;font-family: Lato, sans-serif;font-weight: bold;line-height: 3rem;color: var(--dark-grey3);font-size: 22px;font-style: normal;letter-spacing: normal;text-align: start;text-indent: 0px;text-transform: none\">Informa\u00e7\u00f5es t\u00e9cnicas<\/h4>\n<p><span style=\"margin: 0px;padding: 0px;font-weight: 450;font-size: 14px;line-height: 21px;color: var(--dark-grey2);font-family: Lato, sans-serif;font-style: normal;letter-spacing: normal;text-align: start;text-indent: 0px;text-transform: none\">Produto: Champanheira Balde de Gelo<br \/>\nMarca: OU<br \/>\nMaterial: Poliestireno<br \/>\nCor: incolor<br \/>\nCapacidade: 3,5L<br \/>\nCaracter\u00edsticas: Suporta temperaturas de at\u00e9 100\u00b0C, at\u00f3xico, n\u00e3o transfere odor<br \/>\nItens Inclusos: 1 balde de gelo<br \/>\nDicas de uso e preserva\u00e7\u00e3o: N\u00e3o lavar com materiais abrasivos<br \/>\nDimens\u00f5es do produto (A x L ): 20 x 25cm<br \/>\n<\/span><\/p>\n","protected":false},"featured_media":21736,"template":"","meta":{"_joinchat":[]},"product_brand":[],"product_cat":[93],"product_tag":[],"class_list":{"0":"post-21674","1":"product","2":"type-product","3":"status-publish","4":"has-post-thumbnail","6":"product_cat-utensilios-para-cozinha","8":"first","9":"outofstock","10":"shipping-taxable","11":"product-type-simple"},"_links":{"self":[{"href":"https:\/\/www.multicasa.com.br\/inicio\/wp-json\/wp\/v2\/product\/21674","targetHints":{"allow":["GET"]}}],"collection":[{"href":"https:\/\/www.multicasa.com.br\/inicio\/wp-json\/wp\/v2\/product"}],"about":[{"href":"https:\/\/www.multicasa.com.br\/inicio\/wp-json\/wp\/v2\/types\/product"}],"wp:featuredmedia":[{"embeddable":true,"href":"https:\/\/www.multicasa.com.br\/inicio\/wp-json\/wp\/v2\/media\/21736"}],"wp:attachment":[{"href":"https:\/\/www.multicasa.com.br\/inicio\/wp-json\/wp\/v2\/media?parent=21674"}],"wp:term":[{"taxonomy":"product_brand","embeddable":true,"href":"https:\/\/www.multicasa.com.br\/inicio\/wp-json\/wp\/v2\/product_brand?post=21674"},{"taxonomy":"product_cat","embeddable":true,"href":"https:\/\/www.multicasa.com.br\/inicio\/wp-json\/wp\/v2\/product_cat?post=21674"},{"taxonomy":"product_tag","embeddable":true,"href":"https:\/\/www.multicasa.com.br\/inicio\/wp-json\/wp\/v2\/product_tag?post=21674"}],"curies":[{"name":"wp","href":"https:\/\/api.w.org\/{rel}","templated":true}]}}