{"id":21676,"date":"2025-06-20T20:23:14","date_gmt":"2025-06-21T00:23:14","guid":{"rendered":"https:\/\/www.multicasa.com.br\/inicio\/?post_type=product&#038;p=21676"},"modified":"2025-06-20T20:24:14","modified_gmt":"2025-06-21T00:24:14","slug":"autotransformador-bivolt-force-line-3000va","status":"publish","type":"product","link":"https:\/\/www.multicasa.com.br\/inicio\/produto\/autotransformador-bivolt-force-line-3000va\/","title":{"rendered":"Autotransformador Bivolt Force Line 3000VA"},"content":{"rendered":"<p>O autotransformador Hikari 2000va foi desenvolvido para transformar a voltagem da energia de aparelhos bivolts, evitando danos e garantindo praticidade ao seu dia-a-dia. O aparelho transformador conta com pot\u00eancia de 3000va, frequ\u00eancia de 60hz, gabinete extremamente resistente e bornes para conex\u00e3o dos cabos. Ideal para transformar 120v em 220v e vice-versa, foi produzido seguindo as normas de plugues e tomadas NBR14136.<\/p>\n","protected":false},"excerpt":{"rendered":"<h4 style=\"margin: 0px;padding: 0px 0px 16px;font-family: Lato, sans-serif;font-weight: bold;line-height: 3rem;color: var(--dark-grey3);font-size: 22px;font-style: normal;letter-spacing: normal;text-align: start;text-indent: 0px;text-transform: none\">Informa\u00e7\u00f5es t\u00e9cnicas<\/h4>\n<p><span style=\"margin: 0px;padding: 0px;font-weight: 450;font-size: 14px;line-height: 21px;color: var(--dark-grey2);font-family: Lato, sans-serif;font-style: normal;letter-spacing: normal;text-align: start;text-indent: 0px;text-transform: none\">Produto: Autotransformador<br \/>\nMarca: Force line<br \/>\nMaterial: Pl\u00e1stico<br \/>\nnylon<br \/>\nCor: Preto, vermelho<br \/>\nPot\u00eancia: 3000VA<br \/>\nFrequ\u00eancia: 60HZ<br \/>\nCaracter\u00edsticas: Transforma 120v em 220v<br \/>\nTransforma 220v em 120v<br \/>\nPara correntes de 10a<br \/>\nSistema de H<br \/>\nElimina o risco de choques el\u00e9tricos<br \/>\nPossui al\u00e7as<br \/>\nTransforma voltagem da energia<br \/>\nAdaptador com pinos 2P+T<br \/>\nPermitem liga\u00e7\u00f5es de plugues tripolares<br \/>\nFus\u00edvel t\u00e9rmico rearm\u00e1vel<br \/>\nDe acordo com a norma NBR 14136<br \/>\nItens inclusos: 1 Autotransformador<br \/>\nEspessura: 3 x 0,75mm\u00b2<br \/>\nDimens\u00f5es do produto (C): Cabo &#8211; 1,2m<br \/>\nOCP 0624<\/span><\/p>\n","protected":false},"featured_media":21743,"template":"","meta":{"_joinchat":[]},"product_brand":[],"product_cat":[119],"product_tag":[],"class_list":{"0":"post-21676","1":"product","2":"type-product","3":"status-publish","4":"has-post-thumbnail","6":"product_cat-materiais-eletricos","8":"first","9":"outofstock","10":"shipping-taxable","11":"product-type-simple"},"_links":{"self":[{"href":"https:\/\/www.multicasa.com.br\/inicio\/wp-json\/wp\/v2\/product\/21676","targetHints":{"allow":["GET"]}}],"collection":[{"href":"https:\/\/www.multicasa.com.br\/inicio\/wp-json\/wp\/v2\/product"}],"about":[{"href":"https:\/\/www.multicasa.com.br\/inicio\/wp-json\/wp\/v2\/types\/product"}],"wp:featuredmedia":[{"embeddable":true,"href":"https:\/\/www.multicasa.com.br\/inicio\/wp-json\/wp\/v2\/media\/21743"}],"wp:attachment":[{"href":"https:\/\/www.multicasa.com.br\/inicio\/wp-json\/wp\/v2\/media?parent=21676"}],"wp:term":[{"taxonomy":"product_brand","embeddable":true,"href":"https:\/\/www.multicasa.com.br\/inicio\/wp-json\/wp\/v2\/product_brand?post=21676"},{"taxonomy":"product_cat","embeddable":true,"href":"https:\/\/www.multicasa.com.br\/inicio\/wp-json\/wp\/v2\/product_cat?post=21676"},{"taxonomy":"product_tag","embeddable":true,"href":"https:\/\/www.multicasa.com.br\/inicio\/wp-json\/wp\/v2\/product_tag?post=21676"}],"curies":[{"name":"wp","href":"https:\/\/api.w.org\/{rel}","templated":true}]}}