{"id":21677,"date":"2025-06-20T20:23:14","date_gmt":"2025-06-21T00:23:14","guid":{"rendered":"https:\/\/www.multicasa.com.br\/inicio\/?post_type=product&#038;p=21677"},"modified":"2025-06-20T20:24:16","modified_gmt":"2025-06-21T00:24:16","slug":"espremedor-de-frutas-turbo-citrus-mondial-125l-127v","status":"publish","type":"product","link":"https:\/\/www.multicasa.com.br\/inicio\/produto\/espremedor-de-frutas-turbo-citrus-mondial-125l-127v\/","title":{"rendered":"Espremedor de Frutas Turbo Citrus Mondial 1,25L &#8211; 127V"},"content":{"rendered":"<p>O Espremedor de Frutas Turbo Citrus da Mondial \u00e9 super pr\u00e1tico e oferece a rapidez que voc\u00ea precisa no dia a dia para fazer sucos maravilhosos para sua fam\u00edlia. Possui jarra com capacidade para 1,25 litros e motor s\u00edncrono superpotente. \u00c9 poss\u00edvel preparar v\u00e1rios sucos de maneira simples e pr\u00e1tica. Sem sujeira, esfor\u00e7o e com o m\u00e1ximo de aproveitamento, o equipamento conta com guarda-fios que mant\u00e9m tudo organizado. J\u00e1 o corpo do aparelho \u00e9 resistente e possui design compacto que se acomoda perfeitamente em qualquer lugar. Sua pot\u00eancia \u00e9 de 25w e voltagem de 127v.<br \/>\nCom o espremedor de frutas mondial voc\u00ea prepara deliciosos sucos de forma simples e pr\u00e1tica.<\/p>\n","protected":false},"excerpt":{"rendered":"<h4 style=\"margin: 0px;padding: 0px 0px 16px;font-family: Lato, sans-serif;font-weight: bold;line-height: 3rem;color: var(--dark-grey3);font-size: 22px;font-style: normal;letter-spacing: normal;text-align: start;text-indent: 0px;text-transform: none\">Informa\u00e7\u00f5es t\u00e9cnicas<\/h4>\n<p><span style=\"margin: 0px;padding: 0px;font-weight: 450;font-size: 14px;line-height: 21px;color: var(--dark-grey2);font-family: Lato, sans-serif;font-style: normal;letter-spacing: normal;text-align: start;text-indent: 0px;text-transform: none\">Produto: Espremedor de frutas<br \/>\nTipo: Autom\u00e1tico<br \/>\nMarca: Mondial<br \/>\nMaterial: Pl\u00e1stico e Acr\u00edlico<br \/>\nCor: Branco<br \/>\nUso indicado: Prepara\u00e7\u00e3o de sucos<br \/>\nPot\u00eancia: 25w<br \/>\nTens\u00e3o el\u00e9trica: 127v<br \/>\nCapacidade: 1,25ml<br \/>\nCaracter\u00edsticas: Jarra remov\u00edvel<br \/>\nporta fio<br \/>\nmotor com dupla rota\u00e7\u00e3o<br \/>\nItens Inclusos: 1 espremedor de frutas<br \/>\nDimens\u00f5es do produto (A x L): 22,5 x 22cm<br \/>\nOCP: 0018<br \/>\n<\/span><\/p>\n","protected":false},"featured_media":21744,"template":"","meta":{"_joinchat":[]},"product_brand":[],"product_cat":[93],"product_tag":[],"class_list":{"0":"post-21677","1":"product","2":"type-product","3":"status-publish","4":"has-post-thumbnail","6":"product_cat-utensilios-para-cozinha","8":"first","9":"outofstock","10":"shipping-taxable","11":"product-type-simple"},"_links":{"self":[{"href":"https:\/\/www.multicasa.com.br\/inicio\/wp-json\/wp\/v2\/product\/21677","targetHints":{"allow":["GET"]}}],"collection":[{"href":"https:\/\/www.multicasa.com.br\/inicio\/wp-json\/wp\/v2\/product"}],"about":[{"href":"https:\/\/www.multicasa.com.br\/inicio\/wp-json\/wp\/v2\/types\/product"}],"wp:featuredmedia":[{"embeddable":true,"href":"https:\/\/www.multicasa.com.br\/inicio\/wp-json\/wp\/v2\/media\/21744"}],"wp:attachment":[{"href":"https:\/\/www.multicasa.com.br\/inicio\/wp-json\/wp\/v2\/media?parent=21677"}],"wp:term":[{"taxonomy":"product_brand","embeddable":true,"href":"https:\/\/www.multicasa.com.br\/inicio\/wp-json\/wp\/v2\/product_brand?post=21677"},{"taxonomy":"product_cat","embeddable":true,"href":"https:\/\/www.multicasa.com.br\/inicio\/wp-json\/wp\/v2\/product_cat?post=21677"},{"taxonomy":"product_tag","embeddable":true,"href":"https:\/\/www.multicasa.com.br\/inicio\/wp-json\/wp\/v2\/product_tag?post=21677"}],"curies":[{"name":"wp","href":"https:\/\/api.w.org\/{rel}","templated":true}]}}