{"id":21678,"date":"2025-06-20T20:23:15","date_gmt":"2025-06-21T00:23:15","guid":{"rendered":"https:\/\/www.multicasa.com.br\/inicio\/?post_type=product&#038;p=21678"},"modified":"2025-08-17T19:13:45","modified_gmt":"2025-08-17T23:13:45","slug":"mangueira-corr-25mm-50m-am-tramontina","status":"publish","type":"product","link":"https:\/\/www.multicasa.com.br\/inicio\/produto\/mangueira-corr-25mm-50m-am-tramontina\/","title":{"rendered":"MANGUEIRA CORR. 25MM (50M) AM TRAMONTINA"},"content":{"rendered":"<p>Os Eletrodutos flex\u00edveis TRAMONTINA s\u00e3o fabricados em PVC, com propriedades Antichama, seguem os rigorosos padr\u00f5es de qualidade exigidos pela norma ABNT NBR 15465 para prote\u00e7\u00e3o mec\u00e2nica das instala\u00e7\u00f5es el\u00e9tricas prediais.<\/p>\n","protected":false},"excerpt":{"rendered":"<h4 style=\"margin: 0px;padding: 0px 0px 16px;font-family: Lato, sans-serif;font-weight: bold;line-height: 3rem;color: var(--dark-grey3);font-size: 22px;font-style: normal;letter-spacing: normal;text-align: start;text-indent: 0px;text-transform: none\">Informa\u00e7\u00f5es t\u00e9cnicas<\/h4>\n<p><span style=\"margin: 0px;padding: 0px;font-weight: 450;font-size: 14px;line-height: 21px;color: var(--dark-grey2);font-family: Lato, sans-serif;font-style: normal;letter-spacing: normal;text-align: start;text-indent: 0px;text-transform: none\">Os Eletrodutos flex\u00edveis TRAMONTINA s\u00e3o fabricados em PVC, com propriedades Antichama, seguem os rigorosos padr\u00f5es de qualidade exigidos pela norma ABNT NBR 15465 para prote\u00e7\u00e3o mec\u00e2nica das instala\u00e7\u00f5es el\u00e9tricas prediais.<\/p>\n<p>\u00c9 oferecido na cor amarela, possui resist\u00eancia diametral de carga at\u00e9 320N\/5cm e \u00e9 recomendado para aplica\u00e7\u00e3o nas paredes.<\/p>\n<p>A instala\u00e7\u00e3o das pe\u00e7as \u00e9 realizada atrav\u00e9s de simples encaixe por press\u00e3o do eletroduto nas entradas das caixas de luz ou demais conex\u00f5<\/span><\/p>\n","protected":false},"featured_media":25518,"template":"","meta":{"_joinchat":[]},"product_brand":[],"product_cat":[119],"product_tag":[],"class_list":{"0":"post-21678","1":"product","2":"type-product","3":"status-publish","4":"has-post-thumbnail","6":"product_cat-materiais-eletricos","8":"first","9":"outofstock","10":"shipping-taxable","11":"purchasable","12":"product-type-simple"},"_links":{"self":[{"href":"https:\/\/www.multicasa.com.br\/inicio\/wp-json\/wp\/v2\/product\/21678","targetHints":{"allow":["GET"]}}],"collection":[{"href":"https:\/\/www.multicasa.com.br\/inicio\/wp-json\/wp\/v2\/product"}],"about":[{"href":"https:\/\/www.multicasa.com.br\/inicio\/wp-json\/wp\/v2\/types\/product"}],"wp:featuredmedia":[{"embeddable":true,"href":"https:\/\/www.multicasa.com.br\/inicio\/wp-json\/wp\/v2\/media\/25518"}],"wp:attachment":[{"href":"https:\/\/www.multicasa.com.br\/inicio\/wp-json\/wp\/v2\/media?parent=21678"}],"wp:term":[{"taxonomy":"product_brand","embeddable":true,"href":"https:\/\/www.multicasa.com.br\/inicio\/wp-json\/wp\/v2\/product_brand?post=21678"},{"taxonomy":"product_cat","embeddable":true,"href":"https:\/\/www.multicasa.com.br\/inicio\/wp-json\/wp\/v2\/product_cat?post=21678"},{"taxonomy":"product_tag","embeddable":true,"href":"https:\/\/www.multicasa.com.br\/inicio\/wp-json\/wp\/v2\/product_tag?post=21678"}],"curies":[{"name":"wp","href":"https:\/\/api.w.org\/{rel}","templated":true}]}}